{"id":1995,"date":"2023-03-07T14:47:04","date_gmt":"2023-03-07T13:47:04","guid":{"rendered":"https:\/\/www.marinasalivoli.it\/dienstleistungen\/"},"modified":"2023-05-11T18:02:43","modified_gmt":"2023-05-11T16:02:43","slug":"dienstleistungen","status":"publish","type":"page","link":"https:\/\/www.marinasalivoli.it\/de\/dienstleistungen\/","title":{"rendered":"Dienstleistungen"},"content":{"rendered":"<section class=\"wpb-content-wrapper\"><p>[vc_row][vc_column][vc_column_text el_class=&#8220;var1&#8243;]<\/p>\n<h2 style=\"text-align: center;\">Die Dienstleistungen der Residenz<\/h2>\n<p>[\/vc_column_text][vc_column_text]<\/p>\n<p style=\"text-align: center;\">W\u00e4hrend Ihres Urlaubs in Marina Salivoli haben Sie die M\u00f6glichkeit, zahlreiche Dienstleistungen sowohl innerhalb der Residenz als auch in der Umgebung in Anspruch zu nehmen.<br \/>\nDies alles sind Aktivit\u00e4ten von Drittanbietern, die wir unseren G\u00e4sten anbieten und empfehlen, damit sie ihre Bed\u00fcrfnisse befriedigen und ihren Urlaub an der Etruskerk\u00fcste in vollen Z\u00fcgen genie\u00dfen k\u00f6nnen.<\/p>\n<p>[\/vc_column_text][vc_column_text el_class=&#8220;var1&#8243;]<\/p>\n<h3 style=\"text-align: center;\">In der Residenz Marina Salivoli verf\u00fcgbar<\/h3>\n<p>[\/vc_column_text][\/vc_column][\/vc_row][vc_row css=&#8220;.vc_custom_1679042720700{background-color: #f2f2f3 !important;}&#8220; el_class=&#8220;servizi&#8220;][vc_column width=&#8220;1\/2&#8243;]<section class=\"sohohotel-icon-text-wrapper-1 sohohotel-clearfix\"><div class=\"sohohotel-icon-text-block sohohotel-clearfix\">\n\t\t<div class=\"sohohotel-icon\"><i class=\"fas fa-solid fa-wifi\"><\/i><\/div>\n\t\t<div class=\"sohohotel-text\">\n\t\t\t<h4>Gratis WLAN<\/h4>\n\t\t\t<p><\/p>\n\t\t<\/div>\n\t\t<\/div><div class=\"sohohotel-icon-text-block sohohotel-clearfix\">\n\t\t<div class=\"sohohotel-icon\"><i class=\"fas fa-solid fa-bell-concierge\"><\/i><\/div>\n\t\t<div class=\"sohohotel-text\">\n\t\t\t<h4>Rezeption<\/h4>\n\t\t\t<p><\/p>\n\t\t<\/div>\n\t\t<\/div><\/section>[\/vc_column][vc_column width=&#8220;1\/2&#8243;]<section class=\"sohohotel-icon-text-wrapper-1 sohohotel-clearfix\"><div class=\"sohohotel-icon-text-block sohohotel-clearfix\">\n\t\t<div class=\"sohohotel-icon\"><i class=\"fas fa-solid fa-bicycle\"><\/i><\/div>\n\t\t<div class=\"sohohotel-text\">\n\t\t\t<h4>Fahrradst\u00e4nder<\/h4>\n\t\t\t<p><\/p>\n\t\t<\/div>\n\t\t<\/div><div class=\"sohohotel-icon-text-block sohohotel-clearfix\">\n\t\t<div class=\"sohohotel-icon\"><i class=\"fas fa-solid fa-soap\"><\/i><\/div>\n\t\t<div class=\"sohohotel-text\">\n\t\t\t<h4>W\u00e4scherei<\/h4>\n\t\t\t<p><\/p>\n\t\t<\/div>\n\t\t<\/div><\/section>[\/vc_column][\/vc_row][vc_row css=&#8220;.vc_custom_1679042735020{background-color: #f2f2f3 !important;}&#8220; el_class=&#8220;servizi&#8220;][vc_column width=&#8220;1\/2&#8243;]<section class=\"sohohotel-icon-text-wrapper-1 sohohotel-clearfix\"><div class=\"sohohotel-icon-text-block sohohotel-clearfix\">\n\t\t<div class=\"sohohotel-icon\"><i class=\"fas fa-solid fa-square-parking\"><\/i><\/div>\n\t\t<div class=\"sohohotel-text\">\n\t\t\t<h4>\u00dcberdachte Garage<\/h4>\n\t\t\t<p><\/p>\n\t\t<\/div>\n\t\t<\/div><div class=\"sohohotel-icon-text-block sohohotel-clearfix\">\n\t\t<div class=\"sohohotel-icon\"><i class=\"fas fa-solid fa-users-line\"><\/i><\/div>\n\t\t<div class=\"sohohotel-text\">\n\t\t\t<h4>Besprechungszimmer<\/h4>\n\t\t\t<p><\/p>\n\t\t<\/div>\n\t\t<\/div><\/section>[\/vc_column][vc_column width=&#8220;1\/2&#8243;]<section class=\"sohohotel-icon-text-wrapper-1 sohohotel-clearfix\"><div class=\"sohohotel-icon-text-block sohohotel-clearfix\">\n\t\t<div class=\"sohohotel-icon\"><i class=\"fas fa-solid fa-water-ladder\"><\/i><\/div>\n\t\t<div class=\"sohohotel-text\">\n\t\t\t<h4>Schwimmbad<\/h4>\n\t\t\t<p><\/p>\n\t\t<\/div>\n\t\t<\/div><div class=\"sohohotel-icon-text-block sohohotel-clearfix\">\n\t\t<div class=\"sohohotel-icon\"><i class=\"fas fa-solid fa-fan\"><\/i><\/div>\n\t\t<div class=\"sohohotel-text\">\n\t\t\t<h4>Klimaanlage<\/h4>\n\t\t\t<p><\/p>\n\t\t<\/div>\n\t\t<\/div><\/section>[\/vc_column][\/vc_row][vc_row][vc_column][vc_media_grid initial_loading_animation=&#8220;flipInX&#8220; grid_id=&#8220;vc_gid:1683552860965-842686d4-7617-7&#8243; include=&#8220;923,920,922,563,921,924&#8243;][\/vc_column][\/vc_row][vc_row][vc_column][vc_empty_space height=&#8220;50&#8243;][vc_column_text el_class=&#8220;var1&#8243;]<\/p>\n<h2 style=\"text-align: center;\">In der N\u00e4he der Residenz verf\u00fcgbar<\/h2>\n<p>[\/vc_column_text][\/vc_column][\/vc_row][vc_row css=&#8220;.vc_custom_1679042791940{background-color: #f2f2f3 !important;}&#8220; el_class=&#8220;servizi&#8220;][vc_column width=&#8220;1\/2&#8243;]<section class=\"sohohotel-icon-text-wrapper-1 sohohotel-clearfix\"><div class=\"sohohotel-icon-text-block sohohotel-clearfix\">\n\t\t<div class=\"sohohotel-icon\"><i class=\"fas fa-solid fa-store\"><\/i><\/div>\n\t\t<div class=\"sohohotel-text\">\n\t\t\t<h4>Supermarkt<\/h4>\n\t\t\t<p><\/p>\n\t\t<\/div>\n\t\t<\/div><div class=\"sohohotel-icon-text-block sohohotel-clearfix\">\n\t\t<div class=\"sohohotel-icon\"><i class=\"fas fa-solid fa-martini-glass-empty\"><\/i><\/div>\n\t\t<div class=\"sohohotel-text\">\n\t\t\t<h4>Bar<\/h4>\n\t\t\t<p><\/p>\n\t\t<\/div>\n\t\t<\/div><\/section>[\/vc_column][vc_column width=&#8220;1\/2&#8243;]<section class=\"sohohotel-icon-text-wrapper-1 sohohotel-clearfix\"><div class=\"sohohotel-icon-text-block sohohotel-clearfix\">\n\t\t<div class=\"sohohotel-icon\"><i class=\"fas fa-solid fa-sack-dollar\"><\/i><\/div>\n\t\t<div class=\"sohohotel-text\">\n\t\t\t<h4>Bank<\/h4>\n\t\t\t<p><\/p>\n\t\t<\/div>\n\t\t<\/div><div class=\"sohohotel-icon-text-block sohohotel-clearfix\">\n\t\t<div class=\"sohohotel-icon\"><i class=\"fas fa-solid fa-sailboat\"><\/i><\/div>\n\t\t<div class=\"sohohotel-text\">\n\t\t\t<h4>Yachthafen<\/h4>\n\t\t\t<p><\/p>\n\t\t<\/div>\n\t\t<\/div><\/section>[\/vc_column][\/vc_row][vc_row css=&#8220;.vc_custom_1679042798741{background-color: #f2f2f3 !important;}&#8220; el_class=&#8220;servizi&#8220;][vc_column width=&#8220;1\/2&#8243;]<section class=\"sohohotel-icon-text-wrapper-1 sohohotel-clearfix\"><div class=\"sohohotel-icon-text-block sohohotel-clearfix\">\n\t\t<div class=\"sohohotel-icon\"><i class=\"fas fa-solid fa-prescription-bottle-medical\"><\/i><\/div>\n\t\t<div class=\"sohohotel-text\">\n\t\t\t<h4>Apotheke<\/h4>\n\t\t\t<p><\/p>\n\t\t<\/div>\n\t\t<\/div><div class=\"sohohotel-icon-text-block sohohotel-clearfix\">\n\t\t<div class=\"sohohotel-icon\"><i class=\"fas fa-solid fa-plug\"><\/i><\/div>\n\t\t<div class=\"sohohotel-text\">\n\t\t\t<h4>Ladestation f\u00fcr Autos<\/h4>\n\t\t\t<p><\/p>\n\t\t<\/div>\n\t\t<\/div><\/section>[\/vc_column][vc_column width=&#8220;1\/2&#8243;]<section class=\"sohohotel-icon-text-wrapper-1 sohohotel-clearfix\"><div class=\"sohohotel-icon-text-block sohohotel-clearfix\">\n\t\t<div class=\"sohohotel-icon\"><i class=\"fas fa-solid fa-scissors\"><\/i><\/div>\n\t\t<div class=\"sohohotel-text\">\n\t\t\t<h4>Friseur<\/h4>\n\t\t\t<p><\/p>\n\t\t<\/div>\n\t\t<\/div><div class=\"sohohotel-icon-text-block sohohotel-clearfix\">\n\t\t<div class=\"sohohotel-icon\"><i class=\"fas fa-solid fa-umbrella-beach\"><\/i><\/div>\n\t\t<div class=\"sohohotel-text\">\n\t\t\t<h4>Ausgestattete Str\u00e4nde<\/h4>\n\t\t\t<p><\/p>\n\t\t<\/div>\n\t\t<\/div><\/section>[\/vc_column][\/vc_row]<\/p>\n<\/section>","protected":false},"excerpt":{"rendered":"<p>[vc_row][vc_column][vc_column_text el_class=&#8220;var1&#8243;] Die Dienstleistungen der Residenz [\/vc_column_text][vc_column_text] W\u00e4hrend Ihres Urlaubs in Marina Salivoli haben Sie die M\u00f6glichkeit, zahlreiche Dienstleistungen sowohl innerhalb der Residenz als auch in der Umgebung in Anspruch zu nehmen. Dies alles sind Aktivit\u00e4ten von Drittanbietern, die wir unseren G\u00e4sten anbieten und empfehlen, damit sie ihre Bed\u00fcrfnisse befriedigen und ihren Urlaub an der<\/p>\n<a href=\"https:\/\/www.marinasalivoli.it\/de\/dienstleistungen\/\" class=\"sohohotel-more-link\">Read More<\/a>","protected":false},"author":1,"featured_media":1501,"parent":0,"menu_order":0,"comment_status":"closed","ping_status":"closed","template":"","meta":{"inline_featured_image":false,"footnotes":""},"class_list":["post-1995","page","type-page","status-publish","has-post-thumbnail","hentry"],"yoast_head":"<!-- This site is optimized with the Yoast SEO plugin v21.8 - https:\/\/yoast.com\/wordpress\/plugins\/seo\/ -->\n<title>Die Dienstleistungen der Residenz - Marina Salivoli<\/title>\n<meta name=\"description\" content=\"Suchen Sie eine Residenz mit vielen Serviceleistungen f\u00fcr Ihren Strandurlaub in der Toskana? Entdecken Sie Marina Salivoli\" \/>\n<meta name=\"robots\" content=\"index, follow, max-snippet:-1, max-image-preview:large, max-video-preview:-1\" \/>\n<link rel=\"canonical\" href=\"https:\/\/www.marinasalivoli.it\/de\/dienstleistungen\/\" \/>\n<meta property=\"og:locale\" content=\"de_DE\" \/>\n<meta property=\"og:type\" content=\"article\" \/>\n<meta property=\"og:title\" content=\"Die Dienstleistungen der Residenz - Marina Salivoli\" \/>\n<meta property=\"og:description\" content=\"Suchen Sie eine Residenz mit vielen Serviceleistungen f\u00fcr Ihren Strandurlaub in der Toskana? Entdecken Sie Marina Salivoli\" \/>\n<meta property=\"og:url\" content=\"https:\/\/www.marinasalivoli.it\/de\/dienstleistungen\/\" \/>\n<meta property=\"og:site_name\" content=\"Residence Marina Salivoli\" \/>\n<meta property=\"article:modified_time\" content=\"2023-05-11T16:02:43+00:00\" \/>\n<meta property=\"og:image\" content=\"https:\/\/www.marinasalivoli.it\/wp-content\/uploads\/2023\/03\/testata-servizi.jpg\" \/>\n\t<meta property=\"og:image:width\" content=\"1920\" \/>\n\t<meta property=\"og:image:height\" content=\"405\" \/>\n\t<meta property=\"og:image:type\" content=\"image\/jpeg\" \/>\n<meta name=\"twitter:card\" content=\"summary_large_image\" \/>\n<meta name=\"twitter:label1\" content=\"Gesch\u00e4tzte Lesezeit\" \/>\n\t<meta name=\"twitter:data1\" content=\"1\u00a0Minute\" \/>\n<script type=\"application\/ld+json\" class=\"yoast-schema-graph\">{\"@context\":\"https:\/\/schema.org\",\"@graph\":[{\"@type\":\"WebPage\",\"@id\":\"https:\/\/www.marinasalivoli.it\/de\/dienstleistungen\/\",\"url\":\"https:\/\/www.marinasalivoli.it\/de\/dienstleistungen\/\",\"name\":\"Die Dienstleistungen der Residenz - Marina Salivoli\",\"isPartOf\":{\"@id\":\"https:\/\/www.marinasalivoli.it\/de\/#website\"},\"datePublished\":\"2023-03-07T13:47:04+00:00\",\"dateModified\":\"2023-05-11T16:02:43+00:00\",\"description\":\"Suchen Sie eine Residenz mit vielen Serviceleistungen f\u00fcr Ihren Strandurlaub in der Toskana? Entdecken Sie Marina Salivoli\",\"breadcrumb\":{\"@id\":\"https:\/\/www.marinasalivoli.it\/de\/dienstleistungen\/#breadcrumb\"},\"inLanguage\":\"de\",\"potentialAction\":[{\"@type\":\"ReadAction\",\"target\":[\"https:\/\/www.marinasalivoli.it\/de\/dienstleistungen\/\"]}]},{\"@type\":\"BreadcrumbList\",\"@id\":\"https:\/\/www.marinasalivoli.it\/de\/dienstleistungen\/#breadcrumb\",\"itemListElement\":[{\"@type\":\"ListItem\",\"position\":1,\"name\":\"Home\",\"item\":\"https:\/\/www.marinasalivoli.it\/de\/\"},{\"@type\":\"ListItem\",\"position\":2,\"name\":\"Dienstleistungen\"}]},{\"@type\":\"WebSite\",\"@id\":\"https:\/\/www.marinasalivoli.it\/de\/#website\",\"url\":\"https:\/\/www.marinasalivoli.it\/de\/\",\"name\":\"Residence Marina Salivoli\",\"description\":\"Residence sul mare in Toscana\",\"potentialAction\":[{\"@type\":\"SearchAction\",\"target\":{\"@type\":\"EntryPoint\",\"urlTemplate\":\"https:\/\/www.marinasalivoli.it\/de\/?s={search_term_string}\"},\"query-input\":\"required name=search_term_string\"}],\"inLanguage\":\"de\"}]}<\/script>\n<!-- \/ Yoast SEO plugin. -->","yoast_head_json":{"title":"Die Dienstleistungen der Residenz - Marina Salivoli","description":"Suchen Sie eine Residenz mit vielen Serviceleistungen f\u00fcr Ihren Strandurlaub in der Toskana? Entdecken Sie Marina Salivoli","robots":{"index":"index","follow":"follow","max-snippet":"max-snippet:-1","max-image-preview":"max-image-preview:large","max-video-preview":"max-video-preview:-1"},"canonical":"https:\/\/www.marinasalivoli.it\/de\/dienstleistungen\/","og_locale":"de_DE","og_type":"article","og_title":"Die Dienstleistungen der Residenz - Marina Salivoli","og_description":"Suchen Sie eine Residenz mit vielen Serviceleistungen f\u00fcr Ihren Strandurlaub in der Toskana? Entdecken Sie Marina Salivoli","og_url":"https:\/\/www.marinasalivoli.it\/de\/dienstleistungen\/","og_site_name":"Residence Marina Salivoli","article_modified_time":"2023-05-11T16:02:43+00:00","og_image":[{"width":1920,"height":405,"url":"https:\/\/www.marinasalivoli.it\/wp-content\/uploads\/2023\/03\/testata-servizi.jpg","type":"image\/jpeg"}],"twitter_card":"summary_large_image","twitter_misc":{"Gesch\u00e4tzte Lesezeit":"1\u00a0Minute"},"schema":{"@context":"https:\/\/schema.org","@graph":[{"@type":"WebPage","@id":"https:\/\/www.marinasalivoli.it\/de\/dienstleistungen\/","url":"https:\/\/www.marinasalivoli.it\/de\/dienstleistungen\/","name":"Die Dienstleistungen der Residenz - Marina Salivoli","isPartOf":{"@id":"https:\/\/www.marinasalivoli.it\/de\/#website"},"datePublished":"2023-03-07T13:47:04+00:00","dateModified":"2023-05-11T16:02:43+00:00","description":"Suchen Sie eine Residenz mit vielen Serviceleistungen f\u00fcr Ihren Strandurlaub in der Toskana? Entdecken Sie Marina Salivoli","breadcrumb":{"@id":"https:\/\/www.marinasalivoli.it\/de\/dienstleistungen\/#breadcrumb"},"inLanguage":"de","potentialAction":[{"@type":"ReadAction","target":["https:\/\/www.marinasalivoli.it\/de\/dienstleistungen\/"]}]},{"@type":"BreadcrumbList","@id":"https:\/\/www.marinasalivoli.it\/de\/dienstleistungen\/#breadcrumb","itemListElement":[{"@type":"ListItem","position":1,"name":"Home","item":"https:\/\/www.marinasalivoli.it\/de\/"},{"@type":"ListItem","position":2,"name":"Dienstleistungen"}]},{"@type":"WebSite","@id":"https:\/\/www.marinasalivoli.it\/de\/#website","url":"https:\/\/www.marinasalivoli.it\/de\/","name":"Residence Marina Salivoli","description":"Residence sul mare in Toscana","potentialAction":[{"@type":"SearchAction","target":{"@type":"EntryPoint","urlTemplate":"https:\/\/www.marinasalivoli.it\/de\/?s={search_term_string}"},"query-input":"required name=search_term_string"}],"inLanguage":"de"}]}},"_links":{"self":[{"href":"https:\/\/www.marinasalivoli.it\/de\/wp-json\/wp\/v2\/pages\/1995","targetHints":{"allow":["GET"]}}],"collection":[{"href":"https:\/\/www.marinasalivoli.it\/de\/wp-json\/wp\/v2\/pages"}],"about":[{"href":"https:\/\/www.marinasalivoli.it\/de\/wp-json\/wp\/v2\/types\/page"}],"author":[{"embeddable":true,"href":"https:\/\/www.marinasalivoli.it\/de\/wp-json\/wp\/v2\/users\/1"}],"replies":[{"embeddable":true,"href":"https:\/\/www.marinasalivoli.it\/de\/wp-json\/wp\/v2\/comments?post=1995"}],"version-history":[{"count":6,"href":"https:\/\/www.marinasalivoli.it\/de\/wp-json\/wp\/v2\/pages\/1995\/revisions"}],"predecessor-version":[{"id":2231,"href":"https:\/\/www.marinasalivoli.it\/de\/wp-json\/wp\/v2\/pages\/1995\/revisions\/2231"}],"wp:featuredmedia":[{"embeddable":true,"href":"https:\/\/www.marinasalivoli.it\/de\/wp-json\/wp\/v2\/media\/1501"}],"wp:attachment":[{"href":"https:\/\/www.marinasalivoli.it\/de\/wp-json\/wp\/v2\/media?parent=1995"}],"curies":[{"name":"wp","href":"https:\/\/api.w.org\/{rel}","templated":true}]}}