{"id":2001,"date":"2023-03-15T11:07:08","date_gmt":"2023-03-15T10:07:08","guid":{"rendered":"https:\/\/www.marinasalivoli.it\/aktivitaet\/"},"modified":"2023-06-22T11:03:03","modified_gmt":"2023-06-22T09:03:03","slug":"aktivitaet","status":"publish","type":"page","link":"https:\/\/www.marinasalivoli.it\/de\/aktivitaet\/","title":{"rendered":"Aktivit\u00e4t"},"content":{"rendered":"<section class=\"wpb-content-wrapper\"><p>[vc_row][vc_column][vc_column_text el_class=&#8220;var1&#8243;]<\/p>\n<h2 style=\"text-align: center;\">Aktivit\u00e4t: Was Sie w\u00e4hrend Ihres Urlaubs an der Etruskerk\u00fcste unternehmen k\u00f6nnen<\/h2>\n<p>[\/vc_column_text][vc_column_text]<\/p>\n<p style=\"text-align: center;\">Die Rta Marina di Salivoli ist der ideale Ort f\u00fcr eine Familie und um einen Urlaub mit Familie zu organisieren.<\/p>\n<p style=\"text-align: center;\">Die ger\u00e4umigen Wohnungen eignen sich auch f\u00fcr grosse Familien und bieten eine gute M\u00f6glichkeit , die Ferientage mit Kindern zu planen. Es bestehen keine Zeitvorgaben und wir haben die richtigen R\u00e4umlichkeiten, wo sich Kinder vergn\u00fcgen k\u00f6nnen.<\/p>\n<p style=\"text-align: center;\">Dank der strategischen Lage k\u00f6nnen die Familien je nach Jahreszeit entscheiden, ob sie ihre Ferientage mit der Besichtigung der sch\u00f6nsten <strong>Kunstst\u00e4dte<\/strong> und <strong>mittelalterlichen Burgd\u00f6rfer<\/strong> der Toskana verbringen m\u00f6chten oder sich ausruhen m\u00f6chten an den sch\u00f6nen, ab Wohnung auch zu Fuss erreichbaren, Str\u00e4nden.<\/p>\n<p style=\"text-align: center;\">Wenn Sie eine Familienreise organisieren, vergessen Sie nicht einzuplanen, was f\u00fcr Kinder interessant sein k\u00f6nnte!<\/p>\n<p style=\"text-align: center;\">Wenige Km mit dem Auto von der Ferienanlage entfernt sind einige Destinationen, wo sich auch kleinere Kinder vergn\u00fcgen und einen besonderen Tag verbringen k\u00f6nnen.<\/p>\n<p>[\/vc_column_text][vc_empty_space height=&#8220;50px&#8220;][\/vc_column][\/vc_row][vc_row][vc_column width=&#8220;1\/3&#8243;][vc_single_image image=&#8220;817&#8243; img_size=&#8220;722&#215;481&#8243;][\/vc_column][vc_column width=&#8220;2\/3&#8243;][vc_column_text el_class=&#8220;var2&#8243;]<\/p>\n<h6>AcquaVillage Cecina und Follonica<\/h6>\n<p>[\/vc_column_text][vc_column_text]Machen Sie einen Sprung in das Hawaii der Toskana!! Die beiden Wasserparks von Cecina und Follonica erinnern an die entspannende Atmosph\u00e4re tropischer Inseln mit einem zus\u00e4tzlichen Adrenalinkick. Mit Hunderten von Metern langen Rutschen, Aktivit\u00e4ten, Pools und Shows sind die Parks f\u00fcr alle Altersgruppen geeignet und erm\u00f6glichen Ihnen hei\u00dfe Sommertage in einer entspannenden und unterhaltsamen Umgebung zu verbringen.<\/p>\n<p><a href=\"https:\/\/www.acquavillage.it\/\" target=\"_blank\" rel=\"noopener noreferrer\"><strong>&gt;&gt;&gt; Website<\/strong><\/a>[\/vc_column_text][\/vc_column][\/vc_row][vc_row][vc_column width=&#8220;1\/3&#8243;][vc_single_image image=&#8220;816&#8243; img_size=&#8220;722&#215;481&#8243;][\/vc_column][vc_column width=&#8220;2\/3&#8243;][vc_column_text el_class=&#8220;var2&#8243;]<\/p>\n<h6>Park Gallorose, Biopark, Zoo, Bauernhof<\/h6>\n<p>[\/vc_column_text][vc_column_text]Das Wildtierzentrum umfasst etwa 5 Hektar in der Gemeinde Cecina, etwa 40 Autominuten von der Residenz entfernt. Seit 2001 f\u00fcr die \u00d6ffentlichkeit zug\u00e4nglich, beherbergt dieser Park mehr als 150 verschiedene Tierarten aus aller Welt: vom Dschungel bis zum Stall. F\u00fcr Erwachsene und Kinder jeden Alters geeignet, bietet der Park den Besuchern nicht nur ein Erlebnis im Kontakt mit der Natur und Tieren, sondern auch eine Reihe historischer Museen entlang der gesamten Route mit Artefakten und Dokumentationen vom 18. bis zum 21. Jahrhundert.<\/p>\n<p><strong><a href=\"http:\/\/www.parcogallorose.it\/\" target=\"_blank\" rel=\"noopener noreferrer\">&gt;&gt;&gt; Website<\/a><\/strong>[\/vc_column_text][\/vc_column][\/vc_row][vc_row][vc_column width=&#8220;1\/3&#8243;][vc_single_image image=&#8220;815&#8243; img_size=&#8220;722&#215;481&#8243;][\/vc_column][vc_column width=&#8220;2\/3&#8243;][vc_column_text el_class=&#8220;var2&#8243;]<\/p>\n<h6>Freizeitpark Cavalllino Matto<\/h6>\n<p>[\/vc_column_text][vc_column_text]Der gr\u00fcnste Vergn\u00fcgungspark Mittelitaliens umfasst etwa 100.000 Quadratmeter im Pinienwald von Marina di Castagneto Carducci und bietet zahlreiche Attraktionen f\u00fcr Kinder jeden Alters: Achterbahnen, Tricks, 4D-Kino und viele Shows f\u00fcr jeden Geschmack! Ideales Ziel, um einen gl\u00fccklichen Tag mit Ihren Kindern zu verbringen.<\/p>\n<p><strong><a href=\"https:\/\/cavallinomatto.it\/\" target=\"_blank\" rel=\"noopener noreferrer\">&gt;&gt;&gt; Website<\/a><\/strong>[\/vc_column_text][\/vc_column][\/vc_row][vc_row][vc_column width=&#8220;1\/3&#8243;][vc_single_image image=&#8220;818&#8243; img_size=&#8220;722&#215;481&#8243;][\/vc_column][vc_column width=&#8220;2\/3&#8243;][vc_column_text el_class=&#8220;var2&#8243;]<\/p>\n<h6>Punta Falcone-Observatorium<\/h6>\n<p>[\/vc_column_text][vc_column_text]Sternenbegeisterten und neugierigen Kindern empfehlen wir einen Besuch des Astronomischen Observatoriums von Punta Falcone in Piombino. Das Observatorium befindet sich oberhalb des Calamoresca-Strandes auf Punta Falcone, wird vom Verein der Astrophilen von Piombino verwaltet, der Besichtigungen nur nach Voranmeldung organisiert, da , die Kuppel, von der aus die Sterne und Planeten beobachtet werden k\u00f6nnen nur eine reduzierte Kapazit\u00e4t hat. Ein aufregendes und lehrreiches Erlebnis an einem der malerischsten und eindrucksvollsten Orte der toskanischen K\u00fcste.<\/p>\n<p><a href=\"https:\/\/web.astropiombino.org\/\" target=\"_blank\" rel=\"noopener noreferrer\"><strong>&gt;&gt;&gt; Website<\/strong><\/a>[\/vc_column_text][\/vc_column][\/vc_row][vc_row][vc_column width=&#8220;1\/3&#8243;][vc_single_image image=&#8220;1173&#8243; img_size=&#8220;722&#215;481&#8243;][\/vc_column][vc_column width=&#8220;2\/3&#8243;][vc_column_text el_class=&#8220;var2&#8243;]<\/p>\n<h6>Parks des Val di Cornia<\/h6>\n<p>[\/vc_column_text][vc_column_text]F\u00fcr Natur-, Geschichts- und Arch\u00e4ologieliebhaber. Ein Parkrundgang, den man auch mit Kindern absolvieren kann:<br \/>\nArch\u00e4ologischer Park von Baratti und Populonia (Piombino)<br \/>\nArch\u00e4ologischer und Bergbaupark San Silvestro (Campiglia M.ma)<br \/>\nK\u00fcstenpark Sterpaia (Piombino)<br \/>\nWaldpark Poggio Neri (Sassetta)<br \/>\nRegionaler Naturpark Montioni (Suvereto)<\/p>\n<p><a href=\"http:\/\/www.parchivaldicornia.it\/\" target=\"_blank\" rel=\"noopener noreferrer\"><strong>&gt;&gt;&gt; Website<\/strong><\/a>[\/vc_column_text][\/vc_column][\/vc_row][vc_row][vc_column width=&#8220;1\/3&#8243;][vc_single_image image=&#8220;643&#8243; img_size=&#8220;722&#215;481&#8243;][\/vc_column][vc_column width=&#8220;2\/3&#8243;][vc_column_text el_class=&#8220;var2&#8243;]<\/p>\n<h6>Tuscany Bike Fahrradverleih und Touren<\/h6>\n<p>[\/vc_column_text][vc_column_text]Mit Matteo und Guglielmo von Tuscany Bike k\u00f6nnen Sie Spa\u00df haben und einzigartige Erlebnisse teilen , allein, mit Freunden oder der Familie, und au\u00dferdem spektakul\u00e4re Landschaften entdecken.<br \/>\nRouten mit unterschiedlichen L\u00e4ngen und Schwierigkeitsgraden, die sich sowohl f\u00fcr diejenigen eignen, die sich diesem Sport zum ersten Mal n\u00e4hern, als auch f\u00fcr Fahrradliebhaber, die sich mit lustigen Trails und Routen auf die Probe stellen m\u00f6chten. Tuscany Bike betreibt einen Fahrradverleih, organisiert Ausfl\u00fcge und Technikkurse, um sich mit dem Fahrradsport vertraut zu machen.<br \/>\nEntdecken Sie alle Touren oder fragen Sie nach einer auf Ihre Bed\u00fcrfnisse zugeschnittenen Tour.<\/p>\n<p><strong>Information:<\/strong><br \/>\nwww.tuscany-bike-com[\/vc_column_text][\/vc_column][\/vc_row][vc_row][vc_column width=&#8220;1\/3&#8243;][vc_single_image image=&#8220;645&#8243; img_size=&#8220;722&#215;481&#8243;][\/vc_column][vc_column width=&#8220;2\/3&#8243;][vc_column_text el_class=&#8220;var2&#8243;]<\/p>\n<h6>Die etruskischen B\u00e4der von Calidario<\/h6>\n<p>[\/vc_column_text][vc_column_text]Nur wenige Autominuten von unserer Residenz entfernt k\u00f6nnen Sie einen Tag voller Wellness und Entspannung im Calidario Terme Etrusche Resort &amp; Spa verbringen.<br \/>\nDie Struktur, eine der \u00e4ltesten in der Gegend, bietet ihren G\u00e4sten einen gro\u00dfen nat\u00fcrlichen See von etwa 3000 Quadratmetern, der von mehreren Wasserquellen gespeist wird, die mit einer Temperatur von 36 Grad direkt aus dem Grund des Sees flie\u00dfen.<br \/>\nNeben dem See haben die G\u00e4ste Zugang zum Thermarium.<br \/>\nMassagen und sensorische Behandlungen sind ebenfalls nach vorheriger Reservierung verf\u00fcgbar.<\/p>\n<p><strong>Information:<\/strong><br \/>\nwww.calidario.it[\/vc_column_text][\/vc_column][\/vc_row][vc_row][vc_column width=&#8220;1\/3&#8243;][vc_single_image image=&#8220;644&#8243; img_size=&#8220;722&#215;481&#8243;][\/vc_column][vc_column width=&#8220;2\/3&#8243;][vc_column_text el_class=&#8220;var2&#8243;]<\/p>\n<h6>Pianeta Mare Charter<\/h6>\n<p>[\/vc_column_text][vc_column_text]Bootsverleih, Tagesausfl\u00fcge, Firmenveranstaltungen und Pauschalangebote ! Entdecken Sie alle Aktivit\u00e4ten, um die Wunder des toskanischen Archipels w\u00e4hrend Ihres Urlaubs in Marina Salivoli zu kennenzulernen<\/p>\n<p><strong>Information:<\/strong><br \/>\ntel. +39 331.83.21.590<br \/>\ninfo@pianetamarecharter.com<br \/>\nwww.pianetamarecharter.com[\/vc_column_text][\/vc_column][\/vc_row][vc_row][vc_column width=&#8220;1\/3&#8243;][vc_single_image image=&#8220;1201&#8243; img_size=&#8220;722&#215;481&#8243;][\/vc_column][vc_column width=&#8220;2\/3&#8243;][vc_column_text el_class=&#8220;var2&#8243;]<\/p>\n<h6>Hunderstrand<\/h6>\n<p>[\/vc_column_text][vc_column_text]F\u00fcr Ihre 4-beinigen Freunde:<\/p>\n<p class=\"p1\"><b>Der Hundestrand von San Vincenzo<\/b> befindet sich im Rimigliano Park. Hunde k\u00f6nnen kostenlos bleiben und der Zugang zum Wasser ist ohne Einschr\u00e4nkungen.<br \/>\n<b>Perellis Hundestrand 1<\/b> verf\u00fcgt \u00fcber 1 km Strand f\u00fcr Hunde, von denen die meisten kostenlos sind.<span class=\"Apple-converted-space\"><br \/>\n<\/span><b>Der Hundestrand von Mortelliccio und der Hundestrand von Quagliodromo<\/b>, beide im Sterpaia-Park, sind freie Str\u00e4nde<\/p>\n<p>[\/vc_column_text][\/vc_column][\/vc_row][vc_row][vc_column width=&#8220;1\/3&#8243;][vc_single_image image=&#8220;3501&#8243; img_size=&#8220;722&#215;481&#8243;][\/vc_column][vc_column width=&#8220;2\/3&#8243;][vc_column_text el_class=&#8220;var2&#8243;]<\/p>\n<h6>Glem Marine<\/h6>\n<p>[\/vc_column_text][vc_column_text]Glem Marine bietet Transfer- und Bootsverleihdienste f\u00fcr diejenigen, die einzigartige und unvergessliche Erlebnisse im Meer der Toskana und der Insel Elba suchen.<br \/>\nUnsere Dienstleistungen:<br \/>\n<strong>TAXI-BOOT \/ TAGESMIETE \/ PRIVATER TRANSFER \/ SONNENUNTERGANG-GETR\u00c4NK<\/strong><\/p>\n<p>Informationen und Reservierung +39 328 115 0541<br \/>\nglemarine@glemcircle.com[\/vc_column_text][\/vc_column][\/vc_row]<\/p>\n<\/section>","protected":false},"excerpt":{"rendered":"<p>[vc_row][vc_column][vc_column_text el_class=&#8220;var1&#8243;] Aktivit\u00e4t: Was Sie w\u00e4hrend Ihres Urlaubs an der Etruskerk\u00fcste unternehmen k\u00f6nnen [\/vc_column_text][vc_column_text] Die Rta Marina di Salivoli ist der ideale Ort f\u00fcr eine Familie und um einen Urlaub mit Familie zu organisieren. Die ger\u00e4umigen Wohnungen eignen sich auch f\u00fcr grosse Familien und bieten eine gute M\u00f6glichkeit , die Ferientage mit Kindern zu planen.<\/p>\n<a href=\"https:\/\/www.marinasalivoli.it\/de\/aktivitaet\/\" class=\"sohohotel-more-link\">Read More<\/a>","protected":false},"author":1,"featured_media":1577,"parent":0,"menu_order":0,"comment_status":"closed","ping_status":"closed","template":"","meta":{"inline_featured_image":false,"footnotes":""},"class_list":["post-2001","page","type-page","status-publish","has-post-thumbnail","hentry"],"yoast_head":"<!-- This site is optimized with the Yoast SEO plugin v21.8 - https:\/\/yoast.com\/wordpress\/plugins\/seo\/ -->\n<title>Aktivit\u00e4t - Residence Marina Salivoli<\/title>\n<meta name=\"robots\" content=\"index, follow, max-snippet:-1, max-image-preview:large, max-video-preview:-1\" \/>\n<link rel=\"canonical\" href=\"https:\/\/www.marinasalivoli.it\/de\/aktivitaet\/\" \/>\n<meta property=\"og:locale\" content=\"de_DE\" \/>\n<meta property=\"og:type\" content=\"article\" \/>\n<meta property=\"og:title\" content=\"Aktivit\u00e4t - Residence Marina Salivoli\" \/>\n<meta property=\"og:description\" content=\"[vc_row][vc_column][vc_column_text el_class=&#8220;var1&#8243;] Aktivit\u00e4t: Was Sie w\u00e4hrend Ihres Urlaubs an der Etruskerk\u00fcste unternehmen k\u00f6nnen [\/vc_column_text][vc_column_text] Die Rta Marina di Salivoli ist der ideale Ort f\u00fcr eine Familie und um einen Urlaub mit Familie zu organisieren. Die ger\u00e4umigen Wohnungen eignen sich auch f\u00fcr grosse Familien und bieten eine gute M\u00f6glichkeit , die Ferientage mit Kindern zu planen.\" \/>\n<meta property=\"og:url\" content=\"https:\/\/www.marinasalivoli.it\/de\/aktivitaet\/\" \/>\n<meta property=\"og:site_name\" content=\"Residence Marina Salivoli\" \/>\n<meta property=\"article:modified_time\" content=\"2023-06-22T09:03:03+00:00\" \/>\n<meta property=\"og:image\" content=\"https:\/\/www.marinasalivoli.it\/wp-content\/uploads\/2023\/03\/testate-marina-salivoli-9.png\" \/>\n\t<meta property=\"og:image:width\" content=\"1920\" \/>\n\t<meta property=\"og:image:height\" content=\"405\" \/>\n\t<meta property=\"og:image:type\" content=\"image\/png\" \/>\n<meta name=\"twitter:card\" content=\"summary_large_image\" \/>\n<meta name=\"twitter:label1\" content=\"Gesch\u00e4tzte Lesezeit\" \/>\n\t<meta name=\"twitter:data1\" content=\"5\u00a0Minuten\" \/>\n<script type=\"application\/ld+json\" class=\"yoast-schema-graph\">{\"@context\":\"https:\/\/schema.org\",\"@graph\":[{\"@type\":\"WebPage\",\"@id\":\"https:\/\/www.marinasalivoli.it\/de\/aktivitaet\/\",\"url\":\"https:\/\/www.marinasalivoli.it\/de\/aktivitaet\/\",\"name\":\"Aktivit\u00e4t - Residence Marina Salivoli\",\"isPartOf\":{\"@id\":\"https:\/\/www.marinasalivoli.it\/de\/#website\"},\"datePublished\":\"2023-03-15T10:07:08+00:00\",\"dateModified\":\"2023-06-22T09:03:03+00:00\",\"breadcrumb\":{\"@id\":\"https:\/\/www.marinasalivoli.it\/de\/aktivitaet\/#breadcrumb\"},\"inLanguage\":\"de\",\"potentialAction\":[{\"@type\":\"ReadAction\",\"target\":[\"https:\/\/www.marinasalivoli.it\/de\/aktivitaet\/\"]}]},{\"@type\":\"BreadcrumbList\",\"@id\":\"https:\/\/www.marinasalivoli.it\/de\/aktivitaet\/#breadcrumb\",\"itemListElement\":[{\"@type\":\"ListItem\",\"position\":1,\"name\":\"Home\",\"item\":\"https:\/\/www.marinasalivoli.it\/de\/\"},{\"@type\":\"ListItem\",\"position\":2,\"name\":\"Aktivit\u00e4t\"}]},{\"@type\":\"WebSite\",\"@id\":\"https:\/\/www.marinasalivoli.it\/de\/#website\",\"url\":\"https:\/\/www.marinasalivoli.it\/de\/\",\"name\":\"Residence Marina Salivoli\",\"description\":\"Residence sul mare in Toscana\",\"potentialAction\":[{\"@type\":\"SearchAction\",\"target\":{\"@type\":\"EntryPoint\",\"urlTemplate\":\"https:\/\/www.marinasalivoli.it\/de\/?s={search_term_string}\"},\"query-input\":\"required name=search_term_string\"}],\"inLanguage\":\"de\"}]}<\/script>\n<!-- \/ Yoast SEO plugin. -->","yoast_head_json":{"title":"Aktivit\u00e4t - Residence Marina Salivoli","robots":{"index":"index","follow":"follow","max-snippet":"max-snippet:-1","max-image-preview":"max-image-preview:large","max-video-preview":"max-video-preview:-1"},"canonical":"https:\/\/www.marinasalivoli.it\/de\/aktivitaet\/","og_locale":"de_DE","og_type":"article","og_title":"Aktivit\u00e4t - Residence Marina Salivoli","og_description":"[vc_row][vc_column][vc_column_text el_class=&#8220;var1&#8243;] Aktivit\u00e4t: Was Sie w\u00e4hrend Ihres Urlaubs an der Etruskerk\u00fcste unternehmen k\u00f6nnen [\/vc_column_text][vc_column_text] Die Rta Marina di Salivoli ist der ideale Ort f\u00fcr eine Familie und um einen Urlaub mit Familie zu organisieren. Die ger\u00e4umigen Wohnungen eignen sich auch f\u00fcr grosse Familien und bieten eine gute M\u00f6glichkeit , die Ferientage mit Kindern zu planen.","og_url":"https:\/\/www.marinasalivoli.it\/de\/aktivitaet\/","og_site_name":"Residence Marina Salivoli","article_modified_time":"2023-06-22T09:03:03+00:00","og_image":[{"width":1920,"height":405,"url":"https:\/\/www.marinasalivoli.it\/wp-content\/uploads\/2023\/03\/testate-marina-salivoli-9.png","type":"image\/png"}],"twitter_card":"summary_large_image","twitter_misc":{"Gesch\u00e4tzte Lesezeit":"5\u00a0Minuten"},"schema":{"@context":"https:\/\/schema.org","@graph":[{"@type":"WebPage","@id":"https:\/\/www.marinasalivoli.it\/de\/aktivitaet\/","url":"https:\/\/www.marinasalivoli.it\/de\/aktivitaet\/","name":"Aktivit\u00e4t - Residence Marina Salivoli","isPartOf":{"@id":"https:\/\/www.marinasalivoli.it\/de\/#website"},"datePublished":"2023-03-15T10:07:08+00:00","dateModified":"2023-06-22T09:03:03+00:00","breadcrumb":{"@id":"https:\/\/www.marinasalivoli.it\/de\/aktivitaet\/#breadcrumb"},"inLanguage":"de","potentialAction":[{"@type":"ReadAction","target":["https:\/\/www.marinasalivoli.it\/de\/aktivitaet\/"]}]},{"@type":"BreadcrumbList","@id":"https:\/\/www.marinasalivoli.it\/de\/aktivitaet\/#breadcrumb","itemListElement":[{"@type":"ListItem","position":1,"name":"Home","item":"https:\/\/www.marinasalivoli.it\/de\/"},{"@type":"ListItem","position":2,"name":"Aktivit\u00e4t"}]},{"@type":"WebSite","@id":"https:\/\/www.marinasalivoli.it\/de\/#website","url":"https:\/\/www.marinasalivoli.it\/de\/","name":"Residence Marina Salivoli","description":"Residence sul mare in Toscana","potentialAction":[{"@type":"SearchAction","target":{"@type":"EntryPoint","urlTemplate":"https:\/\/www.marinasalivoli.it\/de\/?s={search_term_string}"},"query-input":"required name=search_term_string"}],"inLanguage":"de"}]}},"_links":{"self":[{"href":"https:\/\/www.marinasalivoli.it\/de\/wp-json\/wp\/v2\/pages\/2001","targetHints":{"allow":["GET"]}}],"collection":[{"href":"https:\/\/www.marinasalivoli.it\/de\/wp-json\/wp\/v2\/pages"}],"about":[{"href":"https:\/\/www.marinasalivoli.it\/de\/wp-json\/wp\/v2\/types\/page"}],"author":[{"embeddable":true,"href":"https:\/\/www.marinasalivoli.it\/de\/wp-json\/wp\/v2\/users\/1"}],"replies":[{"embeddable":true,"href":"https:\/\/www.marinasalivoli.it\/de\/wp-json\/wp\/v2\/comments?post=2001"}],"version-history":[{"count":5,"href":"https:\/\/www.marinasalivoli.it\/de\/wp-json\/wp\/v2\/pages\/2001\/revisions"}],"predecessor-version":[{"id":3510,"href":"https:\/\/www.marinasalivoli.it\/de\/wp-json\/wp\/v2\/pages\/2001\/revisions\/3510"}],"wp:featuredmedia":[{"embeddable":true,"href":"https:\/\/www.marinasalivoli.it\/de\/wp-json\/wp\/v2\/media\/1577"}],"wp:attachment":[{"href":"https:\/\/www.marinasalivoli.it\/de\/wp-json\/wp\/v2\/media?parent=2001"}],"curies":[{"name":"wp","href":"https:\/\/api.w.org\/{rel}","templated":true}]}}