{"id":2005,"date":"2023-02-01T09:51:43","date_gmt":"2023-02-01T08:51:43","guid":{"rendered":"https:\/\/www.marinasalivoli.it\/etruskerkueste\/"},"modified":"2023-05-11T19:16:03","modified_gmt":"2023-05-11T17:16:03","slug":"etruskerkueste","status":"publish","type":"page","link":"https:\/\/www.marinasalivoli.it\/de\/etruskerkueste\/","title":{"rendered":"Etruskerk\u00fcste"},"content":{"rendered":"<section class=\"wpb-content-wrapper\"><p>[vc_row][vc_column][vc_column_text el_class=&#8220;var1&#8243;]<\/p>\n<h2 style=\"text-align: center;\">Der ideale Ausgangspunkt f\u00fcr einen Toskana Urlaub<\/h2>\n<p>[\/vc_column_text][vc_column_text el_class=&#8220;var1&#8243;]<\/p>\n<p style=\"text-align: center;\">RTA Marina di Salivoli ist der ideale Ausgangspunkt f\u00fcr einen Toskana Urlaub. Die Residenz liegt in einem strategischen Punkt der Region. Man erreicht leicht die wichtigsten Kunstst\u00e4dte, und Orte der Traditionen und Folklore der Gegend.<\/p>\n<p>[\/vc_column_text][\/vc_column][\/vc_row][vc_row][vc_column]\t\n\t\t\n\t\t<!-- BEGIN .sohohotel-blog-wrapper-2 -->\n\t\t<div class=\"sohohotel-blog-wrapper-2 sohohotel-blog-wrapper-2-3-col sohohotel-clearfix\">\n\t\t\t\n\t\t\n\t\t\t\t\t\n\t\t\t\t<!-- BEGIN .sohohotel-blog-block -->\n\t\t\t\t<div id=\"post-2037\" class=\"sohohotel-blog-block sohohotel-clearfix post-2037 post type-post status-publish format-standard has-post-thumbnail hentry category-umfeld\">\n\t\t\t\t\t\n\t\t\t\t\t\n\t\t\t\t\t\t<div class=\"sohohotel-blog-block-image\">\n\t\t\t\t\t\t\t<a href=\"https:\/\/www.marinasalivoli.it\/de\/stadt-der-kunst-und-folklore-in-der-toskana\/\" rel=\"bookmark\" title=\"Stadt der Kunst und Folklore in der Toskana\">\n\t\t\t\t\t\t\t\t\t\t\t\t\t\t\t\t<img decoding=\"async\" src=\"https:\/\/www.marinasalivoli.it\/wp-content\/uploads\/2023\/03\/citta-arte.jpg\" alt=\"\" \/>\t\t\t\t\t\t\t<\/a>\n\t\t\t\t\t\t<\/div>\n\n\t\t\t\t\t\t\t\t\t\t\n\t\t\t\t\t<!-- BEGIN .sohohotel-blog-title-meta-wrapper -->\n\t\t\t\t\t<div class=\"sohohotel-blog-title-meta-wrapper\">\n\t\t\t\t\t\n\t\t\t\t\t\t<h3><a href=\"https:\/\/www.marinasalivoli.it\/de\/stadt-der-kunst-und-folklore-in-der-toskana\/\" rel=\"bookmark\" title=\"Stadt der Kunst und Folklore in der Toskana\">Stadt der Kunst und Folklore in der Toskana<\/a><\/h3>\n\n\t\t\t\t\t\t<!-- BEGIN .sohohotel-blog-meta -->\n\t\t\t\t\t\t<div class=\"sohohotel-blog-meta clearfix\">\n\t\t\t\t\t\t\t<span class=\"sohohotel-blog-meta-date\"><i class=\"fas fa-calendar\"><\/i><a href=\"https:\/\/www.marinasalivoli.it\/de\/stadt-der-kunst-und-folklore-in-der-toskana\/\" rel=\"bookmark\" title=\"Stadt der Kunst und Folklore in der Toskana\">2 M\u00e4rz 2023<\/a><\/span>\n\t\t\t\t\t\t\t<span class=\"sohohotel-blog-meta-author\"><i class=\"fas fa-pencil-alt\"><\/i>By <a href=\"https:\/\/www.marinasalivoli.it\/de\/author\/aerostato\/\" title=\"Beitr\u00e4ge von aerostato\" rel=\"author\">aerostato<\/a><\/span>\n\t\t\t\t\t\t\t\n\t\t\t\t\t\t\t\t\t\t\t\t\n\t\t\t\t\t\t<!-- END .sohohotel-blog-meta -->\n\t\t\t\t\t\t<\/div>\n\t\t\t\t\t\n\t\t\t\t\t<!-- END .sohohotel-blog-title-meta-wrapper -->\n\t\t\t\t\t<\/div>\n\t\t\t\t\t\n\t\t\t\t\t\n\t\t\t\t<!-- END .sohohotel-blog-block -->\n\t\t\t\t<\/div>\n\t\t\t\t\n\t\t\t\t\t\n\t\t\t\t<!-- BEGIN .sohohotel-blog-block -->\n\t\t\t\t<div id=\"post-2040\" class=\"sohohotel-blog-block sohohotel-clearfix post-2040 post type-post status-publish format-standard has-post-thumbnail hentry category-umfeld\">\n\t\t\t\t\t\n\t\t\t\t\t\n\t\t\t\t\t\t<div class=\"sohohotel-blog-block-image\">\n\t\t\t\t\t\t\t<a href=\"https:\/\/www.marinasalivoli.it\/de\/die-naturparks\/\" rel=\"bookmark\" title=\"Die Naturparks\">\n\t\t\t\t\t\t\t\t\t\t\t\t\t\t\t\t<img decoding=\"async\" src=\"https:\/\/www.marinasalivoli.it\/wp-content\/uploads\/2023\/03\/parchi-naturali.jpg\" alt=\"\" \/>\t\t\t\t\t\t\t<\/a>\n\t\t\t\t\t\t<\/div>\n\n\t\t\t\t\t\t\t\t\t\t\n\t\t\t\t\t<!-- BEGIN .sohohotel-blog-title-meta-wrapper -->\n\t\t\t\t\t<div class=\"sohohotel-blog-title-meta-wrapper\">\n\t\t\t\t\t\n\t\t\t\t\t\t<h3><a href=\"https:\/\/www.marinasalivoli.it\/de\/die-naturparks\/\" rel=\"bookmark\" title=\"Die Naturparks\">Die Naturparks<\/a><\/h3>\n\n\t\t\t\t\t\t<!-- BEGIN .sohohotel-blog-meta -->\n\t\t\t\t\t\t<div class=\"sohohotel-blog-meta clearfix\">\n\t\t\t\t\t\t\t<span class=\"sohohotel-blog-meta-date\"><i class=\"fas fa-calendar\"><\/i><a href=\"https:\/\/www.marinasalivoli.it\/de\/die-naturparks\/\" rel=\"bookmark\" title=\"Die Naturparks\">2 M\u00e4rz 2023<\/a><\/span>\n\t\t\t\t\t\t\t<span class=\"sohohotel-blog-meta-author\"><i class=\"fas fa-pencil-alt\"><\/i>By <a href=\"https:\/\/www.marinasalivoli.it\/de\/author\/aerostato\/\" title=\"Beitr\u00e4ge von aerostato\" rel=\"author\">aerostato<\/a><\/span>\n\t\t\t\t\t\t\t\n\t\t\t\t\t\t\t\t\t\t\t\t\n\t\t\t\t\t\t<!-- END .sohohotel-blog-meta -->\n\t\t\t\t\t\t<\/div>\n\t\t\t\t\t\n\t\t\t\t\t<!-- END .sohohotel-blog-title-meta-wrapper -->\n\t\t\t\t\t<\/div>\n\t\t\t\t\t\n\t\t\t\t\t\n\t\t\t\t<!-- END .sohohotel-blog-block -->\n\t\t\t\t<\/div>\n\t\t\t\t\n\t\t\t\t\t\n\t\t\t\t<!-- BEGIN .sohohotel-blog-block -->\n\t\t\t\t<div id=\"post-2043\" class=\"sohohotel-blog-block sohohotel-clearfix post-2043 post type-post status-publish format-standard has-post-thumbnail hentry category-umfeld\">\n\t\t\t\t\t\n\t\t\t\t\t\n\t\t\t\t\t\t<div class=\"sohohotel-blog-block-image\">\n\t\t\t\t\t\t\t<a href=\"https:\/\/www.marinasalivoli.it\/de\/mittelalterliche-burgdoerfer\/\" rel=\"bookmark\" title=\"Mittelalterliche Burgd\u00f6rfer\">\n\t\t\t\t\t\t\t\t\t\t\t\t\t\t\t\t<img decoding=\"async\" src=\"https:\/\/www.marinasalivoli.it\/wp-content\/uploads\/2023\/03\/borghi-medievali.jpg\" alt=\"\" \/>\t\t\t\t\t\t\t<\/a>\n\t\t\t\t\t\t<\/div>\n\n\t\t\t\t\t\t\t\t\t\t\n\t\t\t\t\t<!-- BEGIN .sohohotel-blog-title-meta-wrapper -->\n\t\t\t\t\t<div class=\"sohohotel-blog-title-meta-wrapper\">\n\t\t\t\t\t\n\t\t\t\t\t\t<h3><a href=\"https:\/\/www.marinasalivoli.it\/de\/mittelalterliche-burgdoerfer\/\" rel=\"bookmark\" title=\"Mittelalterliche Burgd\u00f6rfer\">Mittelalterliche Burgd\u00f6rfer<\/a><\/h3>\n\n\t\t\t\t\t\t<!-- BEGIN .sohohotel-blog-meta -->\n\t\t\t\t\t\t<div class=\"sohohotel-blog-meta clearfix\">\n\t\t\t\t\t\t\t<span class=\"sohohotel-blog-meta-date\"><i class=\"fas fa-calendar\"><\/i><a href=\"https:\/\/www.marinasalivoli.it\/de\/mittelalterliche-burgdoerfer\/\" rel=\"bookmark\" title=\"Mittelalterliche Burgd\u00f6rfer\">2 M\u00e4rz 2023<\/a><\/span>\n\t\t\t\t\t\t\t<span class=\"sohohotel-blog-meta-author\"><i class=\"fas fa-pencil-alt\"><\/i>By <a href=\"https:\/\/www.marinasalivoli.it\/de\/author\/aerostato\/\" title=\"Beitr\u00e4ge von aerostato\" rel=\"author\">aerostato<\/a><\/span>\n\t\t\t\t\t\t\t\n\t\t\t\t\t\t\t\t\t\t\t\t\n\t\t\t\t\t\t<!-- END .sohohotel-blog-meta -->\n\t\t\t\t\t\t<\/div>\n\t\t\t\t\t\n\t\t\t\t\t<!-- END .sohohotel-blog-title-meta-wrapper -->\n\t\t\t\t\t<\/div>\n\t\t\t\t\t\n\t\t\t\t\t\n\t\t\t\t<!-- END .sohohotel-blog-block -->\n\t\t\t\t<\/div>\n\t\t\t\t\n\t\t\t\t\n\t\t<!-- END .sohohotel-blog-wrapper -->\n\t\t<\/div>\n\t\t\n\t\t\t\t\n\t\t[\/vc_column][\/vc_row]<\/p>\n<\/section>","protected":false},"excerpt":{"rendered":"<p>[vc_row][vc_column][vc_column_text el_class=&#8220;var1&#8243;] Der ideale Ausgangspunkt f\u00fcr einen Toskana Urlaub [\/vc_column_text][vc_column_text el_class=&#8220;var1&#8243;] RTA Marina di Salivoli ist der ideale Ausgangspunkt f\u00fcr einen Toskana Urlaub. Die Residenz liegt in einem strategischen Punkt der Region. Man erreicht leicht die wichtigsten Kunstst\u00e4dte, und Orte der Traditionen und Folklore der Gegend. [\/vc_column_text][\/vc_column][\/vc_row][vc_row][vc_column][\/vc_column][\/vc_row]<\/p>\n<a href=\"https:\/\/www.marinasalivoli.it\/de\/mittelalterliche-burgdoerfer\/\" class=\"sohohotel-more-link\">Read More<\/a>","protected":false},"author":1,"featured_media":1381,"parent":0,"menu_order":0,"comment_status":"closed","ping_status":"closed","template":"","meta":{"inline_featured_image":false,"footnotes":""},"class_list":["post-2005","page","type-page","status-publish","has-post-thumbnail","hentry"],"yoast_head":"<!-- This site is optimized with the Yoast SEO plugin v21.8 - https:\/\/yoast.com\/wordpress\/plugins\/seo\/ -->\n<title>Etruskische K\u00fcste: Was zu sehen und zu tun ist - Marina Salivoli<\/title>\n<meta name=\"description\" content=\"Marina Salivoli ist der ideale Ort f\u00fcr einen Urlaub in der Toskana. Es liegt tats\u00e4chlich an einem strategischen Punkt der Region.\" \/>\n<meta name=\"robots\" content=\"index, follow, max-snippet:-1, max-image-preview:large, max-video-preview:-1\" \/>\n<link rel=\"canonical\" href=\"https:\/\/www.marinasalivoli.it\/de\/etruskerkueste\/\" \/>\n<meta property=\"og:locale\" content=\"de_DE\" \/>\n<meta property=\"og:type\" content=\"article\" \/>\n<meta property=\"og:title\" content=\"Etruskische K\u00fcste: Was zu sehen und zu tun ist - Marina Salivoli\" \/>\n<meta property=\"og:description\" content=\"Marina Salivoli ist der ideale Ort f\u00fcr einen Urlaub in der Toskana. Es liegt tats\u00e4chlich an einem strategischen Punkt der Region.\" \/>\n<meta property=\"og:url\" content=\"https:\/\/www.marinasalivoli.it\/de\/etruskerkueste\/\" \/>\n<meta property=\"og:site_name\" content=\"Residence Marina Salivoli\" \/>\n<meta property=\"article:modified_time\" content=\"2023-05-11T17:16:03+00:00\" \/>\n<meta property=\"og:image\" content=\"https:\/\/www.marinasalivoli.it\/wp-content\/uploads\/2023\/03\/testate-marina-salivoli-2.png\" \/>\n\t<meta property=\"og:image:width\" content=\"1920\" \/>\n\t<meta property=\"og:image:height\" content=\"405\" \/>\n\t<meta property=\"og:image:type\" content=\"image\/png\" \/>\n<meta name=\"twitter:card\" content=\"summary_large_image\" \/>\n<meta name=\"twitter:label1\" content=\"Gesch\u00e4tzte Lesezeit\" \/>\n\t<meta name=\"twitter:data1\" content=\"1\u00a0Minute\" \/>\n<script type=\"application\/ld+json\" class=\"yoast-schema-graph\">{\"@context\":\"https:\/\/schema.org\",\"@graph\":[{\"@type\":\"WebPage\",\"@id\":\"https:\/\/www.marinasalivoli.it\/de\/etruskerkueste\/\",\"url\":\"https:\/\/www.marinasalivoli.it\/de\/etruskerkueste\/\",\"name\":\"Etruskische K\u00fcste: Was zu sehen und zu tun ist - Marina Salivoli\",\"isPartOf\":{\"@id\":\"https:\/\/www.marinasalivoli.it\/de\/#website\"},\"datePublished\":\"2023-02-01T08:51:43+00:00\",\"dateModified\":\"2023-05-11T17:16:03+00:00\",\"description\":\"Marina Salivoli ist der ideale Ort f\u00fcr einen Urlaub in der Toskana. Es liegt tats\u00e4chlich an einem strategischen Punkt der Region.\",\"breadcrumb\":{\"@id\":\"https:\/\/www.marinasalivoli.it\/de\/etruskerkueste\/#breadcrumb\"},\"inLanguage\":\"de\",\"potentialAction\":[{\"@type\":\"ReadAction\",\"target\":[\"https:\/\/www.marinasalivoli.it\/de\/etruskerkueste\/\"]}]},{\"@type\":\"BreadcrumbList\",\"@id\":\"https:\/\/www.marinasalivoli.it\/de\/etruskerkueste\/#breadcrumb\",\"itemListElement\":[{\"@type\":\"ListItem\",\"position\":1,\"name\":\"Home\",\"item\":\"https:\/\/www.marinasalivoli.it\/de\/\"},{\"@type\":\"ListItem\",\"position\":2,\"name\":\"Etruskerk\u00fcste\"}]},{\"@type\":\"WebSite\",\"@id\":\"https:\/\/www.marinasalivoli.it\/de\/#website\",\"url\":\"https:\/\/www.marinasalivoli.it\/de\/\",\"name\":\"Residence Marina Salivoli\",\"description\":\"Residence sul mare in Toscana\",\"potentialAction\":[{\"@type\":\"SearchAction\",\"target\":{\"@type\":\"EntryPoint\",\"urlTemplate\":\"https:\/\/www.marinasalivoli.it\/de\/?s={search_term_string}\"},\"query-input\":\"required name=search_term_string\"}],\"inLanguage\":\"de\"}]}<\/script>\n<!-- \/ Yoast SEO plugin. -->","yoast_head_json":{"title":"Etruskische K\u00fcste: Was zu sehen und zu tun ist - Marina Salivoli","description":"Marina Salivoli ist der ideale Ort f\u00fcr einen Urlaub in der Toskana. Es liegt tats\u00e4chlich an einem strategischen Punkt der Region.","robots":{"index":"index","follow":"follow","max-snippet":"max-snippet:-1","max-image-preview":"max-image-preview:large","max-video-preview":"max-video-preview:-1"},"canonical":"https:\/\/www.marinasalivoli.it\/de\/etruskerkueste\/","og_locale":"de_DE","og_type":"article","og_title":"Etruskische K\u00fcste: Was zu sehen und zu tun ist - Marina Salivoli","og_description":"Marina Salivoli ist der ideale Ort f\u00fcr einen Urlaub in der Toskana. Es liegt tats\u00e4chlich an einem strategischen Punkt der Region.","og_url":"https:\/\/www.marinasalivoli.it\/de\/etruskerkueste\/","og_site_name":"Residence Marina Salivoli","article_modified_time":"2023-05-11T17:16:03+00:00","og_image":[{"width":1920,"height":405,"url":"https:\/\/www.marinasalivoli.it\/wp-content\/uploads\/2023\/03\/testate-marina-salivoli-2.png","type":"image\/png"}],"twitter_card":"summary_large_image","twitter_misc":{"Gesch\u00e4tzte Lesezeit":"1\u00a0Minute"},"schema":{"@context":"https:\/\/schema.org","@graph":[{"@type":"WebPage","@id":"https:\/\/www.marinasalivoli.it\/de\/etruskerkueste\/","url":"https:\/\/www.marinasalivoli.it\/de\/etruskerkueste\/","name":"Etruskische K\u00fcste: Was zu sehen und zu tun ist - Marina Salivoli","isPartOf":{"@id":"https:\/\/www.marinasalivoli.it\/de\/#website"},"datePublished":"2023-02-01T08:51:43+00:00","dateModified":"2023-05-11T17:16:03+00:00","description":"Marina Salivoli ist der ideale Ort f\u00fcr einen Urlaub in der Toskana. Es liegt tats\u00e4chlich an einem strategischen Punkt der Region.","breadcrumb":{"@id":"https:\/\/www.marinasalivoli.it\/de\/etruskerkueste\/#breadcrumb"},"inLanguage":"de","potentialAction":[{"@type":"ReadAction","target":["https:\/\/www.marinasalivoli.it\/de\/etruskerkueste\/"]}]},{"@type":"BreadcrumbList","@id":"https:\/\/www.marinasalivoli.it\/de\/etruskerkueste\/#breadcrumb","itemListElement":[{"@type":"ListItem","position":1,"name":"Home","item":"https:\/\/www.marinasalivoli.it\/de\/"},{"@type":"ListItem","position":2,"name":"Etruskerk\u00fcste"}]},{"@type":"WebSite","@id":"https:\/\/www.marinasalivoli.it\/de\/#website","url":"https:\/\/www.marinasalivoli.it\/de\/","name":"Residence Marina Salivoli","description":"Residence sul mare in Toscana","potentialAction":[{"@type":"SearchAction","target":{"@type":"EntryPoint","urlTemplate":"https:\/\/www.marinasalivoli.it\/de\/?s={search_term_string}"},"query-input":"required name=search_term_string"}],"inLanguage":"de"}]}},"_links":{"self":[{"href":"https:\/\/www.marinasalivoli.it\/de\/wp-json\/wp\/v2\/pages\/2005","targetHints":{"allow":["GET"]}}],"collection":[{"href":"https:\/\/www.marinasalivoli.it\/de\/wp-json\/wp\/v2\/pages"}],"about":[{"href":"https:\/\/www.marinasalivoli.it\/de\/wp-json\/wp\/v2\/types\/page"}],"author":[{"embeddable":true,"href":"https:\/\/www.marinasalivoli.it\/de\/wp-json\/wp\/v2\/users\/1"}],"replies":[{"embeddable":true,"href":"https:\/\/www.marinasalivoli.it\/de\/wp-json\/wp\/v2\/comments?post=2005"}],"version-history":[{"count":2,"href":"https:\/\/www.marinasalivoli.it\/de\/wp-json\/wp\/v2\/pages\/2005\/revisions"}],"predecessor-version":[{"id":2008,"href":"https:\/\/www.marinasalivoli.it\/de\/wp-json\/wp\/v2\/pages\/2005\/revisions\/2008"}],"wp:featuredmedia":[{"embeddable":true,"href":"https:\/\/www.marinasalivoli.it\/de\/wp-json\/wp\/v2\/media\/1381"}],"wp:attachment":[{"href":"https:\/\/www.marinasalivoli.it\/de\/wp-json\/wp\/v2\/media?parent=2005"}],"curies":[{"name":"wp","href":"https:\/\/api.w.org\/{rel}","templated":true}]}}