{"id":2009,"date":"2023-03-15T11:08:45","date_gmt":"2023-03-15T10:08:45","guid":{"rendered":"https:\/\/www.marinasalivoli.it\/lebensstil\/"},"modified":"2023-05-11T19:26:14","modified_gmt":"2023-05-11T17:26:14","slug":"lifestyle-urlaub","status":"publish","type":"page","link":"https:\/\/www.marinasalivoli.it\/de\/lifestyle-urlaub\/","title":{"rendered":"Lifestyle-Urlaub"},"content":{"rendered":"<section class=\"wpb-content-wrapper\"><p>[vc_row][vc_column][vc_column_text el_class=&#8220;var1&#8243;]<\/p>\n<h2 style=\"text-align: center;\"><strong>Lifestyle-Urlaub: ein neuer Lebensstil<\/strong><\/h2>\n<p>[\/vc_column_text][vc_column_text]<\/p>\n<div style=\"text-align: center;\">\n<p>Die Definition des Lebensstils h\u00e4ngt mit der Art und Weise zusammen, wie jeder leben m\u00f6chte, und spiegelt seine eigenen Einstellungen und Werte wider. Er stellt die Gesamtheit unserer Verhaltensweisen und Gewohnheiten dar. Er gilt f\u00fcr das t\u00e4gliche Leben, das Lernen und die Arbeit. Er dr\u00fcckt sich im Verhalten, sozialen Mustern, Geschm\u00e4ckern, moralischen Standards aus. Subjektiv und pers\u00f6nlich ist es das Symbol der eigenen Identit\u00e4t. Warum also den Lebensstil nicht bei der Urlaubswahl ber\u00fccksichtigen?<\/p>\n<h3 class=\"p1\">Einen Lifestyle-Urlaub w\u00e4hlen<\/h3>\n<p>Wenn Sie auf der Suche nach einem Lifestyle-Urlaub sind, der Entspannung und Spa\u00df, Luxus und Minimalismus, Unabh\u00e4ngigkeit und Geselligkeit miteinander verbindet, stellt eine Apartmentresidenz am Meer in der Toskana, wie die Marina Salivoli, die perfekte L\u00f6sung dar.<\/p>\n<p class=\"p1\">Die Toskana ist ber\u00fchmt f\u00fcr ihre <strong>nat\u00fcrliche Sch\u00f6nheit<\/strong>, ihre Geschichte und ihre Gastronomie. Unsere Residenz bietet eine ganze Reihe von Vereinbarungen mit den typischen und traditionellen Aktivit\u00e4ten der Region, damit Sie Ihren Urlaub in Kontakt mit der Realit\u00e4t dieser geografischen Region erleben k\u00f6nnen.<\/p>\n<p class=\"p1\">Sie haben die M\u00f6glichkeit, die toskanische K\u00fcche zu probieren, die auf der ganzen Welt f\u00fcr ihre authentischen Aromen und traditionellen Gerichte bekannt ist.<\/p>\n<p class=\"p1\">Sie k\u00f6nnen auch lokale Produkte auf den M\u00e4rkten der umliegenden D\u00f6rfer kaufen oder an gastronomischen Touren teilnehmen, um die Spezialit\u00e4ten der Region zu entdecken.<\/p>\n<p class=\"p1\">\n<\/div>\n<p>[\/vc_column_text][vc_media_grid element_width=&#8220;3&#8243; grid_id=&#8220;vc_gid:1680701097805-96303c4a-e37a-7&#8243; include=&#8220;892,886,585,481&#8243;][vc_column_text]<\/p>\n<h3 class=\"p1\" style=\"text-align: center;\">Die Leidenschaft f\u00fcr die Natur und das Meer<\/h3>\n<p style=\"text-align: center;\">Die Residenz befindet sich in einem landschaftlich spektakul\u00e4ren, geografischen Gebiet. ie nahe gelegenen Str\u00e4nde erf\u00fcllen jeden Wunsch: ist sandig, f\u00fcr Kinderspiele und felsig, f\u00fcr diejenigen, die gerne schnorcheln, ist komfortabel und gut ausgestattet mit Liegest\u00fchlen und Sonnenschirmen oder verf\u00fcgt \u00fcber wilde und einsame Buchten, die von der duftenden mediterranen Macchia verborgen sind.<\/p>\n<p class=\"p1\" style=\"text-align: center;\">Auf einer langen Bootsfahrt die K\u00fcste vom Meer aus zu sehen, kann eine der vielen M\u00f6glichkeiten sein, den Sommer zu erleben, Segeln zu lernen oder ein Beiboot zu mieten, um einige versteckte Str\u00e4nde zu entdecken.<\/p>\n<p class=\"p1\" style=\"text-align: center;\">Natur ist hier in Salivoli jedoch nicht nur gleichbedeutend mit Meer. Die Routen in den Naturparks sind Momente des authentischen Kontakts mit einer noch unber\u00fchrten nat\u00fcrlichen Umgebung. Diejenigen, die das Radfahren oder Mountainbiken lieben, finden Stra\u00dfen und Wege, die f\u00fcr jeden geeignet sind, perfekt f\u00fcr jede Vorbereitung und jedes K\u00f6nnen.<\/p>\n<p class=\"p1\" style=\"text-align: center;\">Entdecken Sie weniger bekannte Ecken auf anspruchsvollen und abwechslungsreichen Strecken oder radeln Sie gem\u00fctlich in Richtung Jachthafen oder Einkaufszentrum.<br \/>\nEin authentischer, unabh\u00e4ngiger, erholsamer Urlaub, der sich Ihrem Lebensstil anpasst.<\/p>\n<p>[\/vc_column_text][\/vc_column][\/vc_row]<\/p>\n<\/section>","protected":false},"excerpt":{"rendered":"<p>[vc_row][vc_column][vc_column_text el_class=&#8220;var1&#8243;] Lifestyle-Urlaub: ein neuer Lebensstil [\/vc_column_text][vc_column_text] Die Definition des Lebensstils h\u00e4ngt mit der Art und Weise zusammen, wie jeder leben m\u00f6chte, und spiegelt seine eigenen Einstellungen und Werte wider. Er stellt die Gesamtheit unserer Verhaltensweisen und Gewohnheiten dar. Er gilt f\u00fcr das t\u00e4gliche Leben, das Lernen und die Arbeit. Er dr\u00fcckt sich im Verhalten,<\/p>\n<a href=\"https:\/\/www.marinasalivoli.it\/de\/lifestyle-urlaub\/\" class=\"sohohotel-more-link\">Read More<\/a>","protected":false},"author":1,"featured_media":1633,"parent":0,"menu_order":0,"comment_status":"closed","ping_status":"closed","template":"","meta":{"inline_featured_image":false,"footnotes":""},"class_list":["post-2009","page","type-page","status-publish","has-post-thumbnail","hentry"],"yoast_head":"<!-- This site is optimized with the Yoast SEO plugin v21.8 - https:\/\/yoast.com\/wordpress\/plugins\/seo\/ -->\n<title>Lifestyle-Urlaub: ein neuer Lebensstil - Marina Salivoli<\/title>\n<meta name=\"description\" content=\"Wenn Sie auf der Suche nach einem Lifestyle-Urlaub in der Toskana sind, der Entspannung und Spa\u00df, Luxus und minimalistischen Stil vereint\" \/>\n<meta name=\"robots\" content=\"index, follow, max-snippet:-1, max-image-preview:large, max-video-preview:-1\" \/>\n<link rel=\"canonical\" href=\"https:\/\/www.marinasalivoli.it\/de\/lifestyle-urlaub\/\" \/>\n<meta property=\"og:locale\" content=\"de_DE\" \/>\n<meta property=\"og:type\" content=\"article\" \/>\n<meta property=\"og:title\" content=\"Lifestyle-Urlaub: ein neuer Lebensstil - Marina Salivoli\" \/>\n<meta property=\"og:description\" content=\"Wenn Sie auf der Suche nach einem Lifestyle-Urlaub in der Toskana sind, der Entspannung und Spa\u00df, Luxus und minimalistischen Stil vereint\" \/>\n<meta property=\"og:url\" content=\"https:\/\/www.marinasalivoli.it\/de\/lifestyle-urlaub\/\" \/>\n<meta property=\"og:site_name\" content=\"Residence Marina Salivoli\" \/>\n<meta property=\"article:modified_time\" content=\"2023-05-11T17:26:14+00:00\" \/>\n<meta property=\"og:image\" content=\"https:\/\/www.marinasalivoli.it\/wp-content\/uploads\/2023\/03\/testate-marina-salivoli-2.jpg\" \/>\n\t<meta property=\"og:image:width\" content=\"1920\" \/>\n\t<meta property=\"og:image:height\" content=\"405\" \/>\n\t<meta property=\"og:image:type\" content=\"image\/jpeg\" \/>\n<meta name=\"twitter:card\" content=\"summary_large_image\" \/>\n<meta name=\"twitter:label1\" content=\"Gesch\u00e4tzte Lesezeit\" \/>\n\t<meta name=\"twitter:data1\" content=\"3\u00a0Minuten\" \/>\n<script type=\"application\/ld+json\" class=\"yoast-schema-graph\">{\"@context\":\"https:\/\/schema.org\",\"@graph\":[{\"@type\":\"WebPage\",\"@id\":\"https:\/\/www.marinasalivoli.it\/de\/lifestyle-urlaub\/\",\"url\":\"https:\/\/www.marinasalivoli.it\/de\/lifestyle-urlaub\/\",\"name\":\"Lifestyle-Urlaub: ein neuer Lebensstil - Marina Salivoli\",\"isPartOf\":{\"@id\":\"https:\/\/www.marinasalivoli.it\/de\/#website\"},\"datePublished\":\"2023-03-15T10:08:45+00:00\",\"dateModified\":\"2023-05-11T17:26:14+00:00\",\"description\":\"Wenn Sie auf der Suche nach einem Lifestyle-Urlaub in der Toskana sind, der Entspannung und Spa\u00df, Luxus und minimalistischen Stil vereint\",\"breadcrumb\":{\"@id\":\"https:\/\/www.marinasalivoli.it\/de\/lifestyle-urlaub\/#breadcrumb\"},\"inLanguage\":\"de\",\"potentialAction\":[{\"@type\":\"ReadAction\",\"target\":[\"https:\/\/www.marinasalivoli.it\/de\/lifestyle-urlaub\/\"]}]},{\"@type\":\"BreadcrumbList\",\"@id\":\"https:\/\/www.marinasalivoli.it\/de\/lifestyle-urlaub\/#breadcrumb\",\"itemListElement\":[{\"@type\":\"ListItem\",\"position\":1,\"name\":\"Home\",\"item\":\"https:\/\/www.marinasalivoli.it\/de\/\"},{\"@type\":\"ListItem\",\"position\":2,\"name\":\"Lifestyle-Urlaub\"}]},{\"@type\":\"WebSite\",\"@id\":\"https:\/\/www.marinasalivoli.it\/de\/#website\",\"url\":\"https:\/\/www.marinasalivoli.it\/de\/\",\"name\":\"Residence Marina Salivoli\",\"description\":\"Residence sul mare in Toscana\",\"potentialAction\":[{\"@type\":\"SearchAction\",\"target\":{\"@type\":\"EntryPoint\",\"urlTemplate\":\"https:\/\/www.marinasalivoli.it\/de\/?s={search_term_string}\"},\"query-input\":\"required name=search_term_string\"}],\"inLanguage\":\"de\"}]}<\/script>\n<!-- \/ Yoast SEO plugin. -->","yoast_head_json":{"title":"Lifestyle-Urlaub: ein neuer Lebensstil - Marina Salivoli","description":"Wenn Sie auf der Suche nach einem Lifestyle-Urlaub in der Toskana sind, der Entspannung und Spa\u00df, Luxus und minimalistischen Stil vereint","robots":{"index":"index","follow":"follow","max-snippet":"max-snippet:-1","max-image-preview":"max-image-preview:large","max-video-preview":"max-video-preview:-1"},"canonical":"https:\/\/www.marinasalivoli.it\/de\/lifestyle-urlaub\/","og_locale":"de_DE","og_type":"article","og_title":"Lifestyle-Urlaub: ein neuer Lebensstil - Marina Salivoli","og_description":"Wenn Sie auf der Suche nach einem Lifestyle-Urlaub in der Toskana sind, der Entspannung und Spa\u00df, Luxus und minimalistischen Stil vereint","og_url":"https:\/\/www.marinasalivoli.it\/de\/lifestyle-urlaub\/","og_site_name":"Residence Marina Salivoli","article_modified_time":"2023-05-11T17:26:14+00:00","og_image":[{"width":1920,"height":405,"url":"https:\/\/www.marinasalivoli.it\/wp-content\/uploads\/2023\/03\/testate-marina-salivoli-2.jpg","type":"image\/jpeg"}],"twitter_card":"summary_large_image","twitter_misc":{"Gesch\u00e4tzte Lesezeit":"3\u00a0Minuten"},"schema":{"@context":"https:\/\/schema.org","@graph":[{"@type":"WebPage","@id":"https:\/\/www.marinasalivoli.it\/de\/lifestyle-urlaub\/","url":"https:\/\/www.marinasalivoli.it\/de\/lifestyle-urlaub\/","name":"Lifestyle-Urlaub: ein neuer Lebensstil - Marina Salivoli","isPartOf":{"@id":"https:\/\/www.marinasalivoli.it\/de\/#website"},"datePublished":"2023-03-15T10:08:45+00:00","dateModified":"2023-05-11T17:26:14+00:00","description":"Wenn Sie auf der Suche nach einem Lifestyle-Urlaub in der Toskana sind, der Entspannung und Spa\u00df, Luxus und minimalistischen Stil vereint","breadcrumb":{"@id":"https:\/\/www.marinasalivoli.it\/de\/lifestyle-urlaub\/#breadcrumb"},"inLanguage":"de","potentialAction":[{"@type":"ReadAction","target":["https:\/\/www.marinasalivoli.it\/de\/lifestyle-urlaub\/"]}]},{"@type":"BreadcrumbList","@id":"https:\/\/www.marinasalivoli.it\/de\/lifestyle-urlaub\/#breadcrumb","itemListElement":[{"@type":"ListItem","position":1,"name":"Home","item":"https:\/\/www.marinasalivoli.it\/de\/"},{"@type":"ListItem","position":2,"name":"Lifestyle-Urlaub"}]},{"@type":"WebSite","@id":"https:\/\/www.marinasalivoli.it\/de\/#website","url":"https:\/\/www.marinasalivoli.it\/de\/","name":"Residence Marina Salivoli","description":"Residence sul mare in Toscana","potentialAction":[{"@type":"SearchAction","target":{"@type":"EntryPoint","urlTemplate":"https:\/\/www.marinasalivoli.it\/de\/?s={search_term_string}"},"query-input":"required name=search_term_string"}],"inLanguage":"de"}]}},"_links":{"self":[{"href":"https:\/\/www.marinasalivoli.it\/de\/wp-json\/wp\/v2\/pages\/2009","targetHints":{"allow":["GET"]}}],"collection":[{"href":"https:\/\/www.marinasalivoli.it\/de\/wp-json\/wp\/v2\/pages"}],"about":[{"href":"https:\/\/www.marinasalivoli.it\/de\/wp-json\/wp\/v2\/types\/page"}],"author":[{"embeddable":true,"href":"https:\/\/www.marinasalivoli.it\/de\/wp-json\/wp\/v2\/users\/1"}],"replies":[{"embeddable":true,"href":"https:\/\/www.marinasalivoli.it\/de\/wp-json\/wp\/v2\/comments?post=2009"}],"version-history":[{"count":4,"href":"https:\/\/www.marinasalivoli.it\/de\/wp-json\/wp\/v2\/pages\/2009\/revisions"}],"predecessor-version":[{"id":2239,"href":"https:\/\/www.marinasalivoli.it\/de\/wp-json\/wp\/v2\/pages\/2009\/revisions\/2239"}],"wp:featuredmedia":[{"embeddable":true,"href":"https:\/\/www.marinasalivoli.it\/de\/wp-json\/wp\/v2\/media\/1633"}],"wp:attachment":[{"href":"https:\/\/www.marinasalivoli.it\/de\/wp-json\/wp\/v2\/media?parent=2009"}],"curies":[{"name":"wp","href":"https:\/\/api.w.org\/{rel}","templated":true}]}}