{"id":2017,"date":"2023-03-08T16:20:07","date_gmt":"2023-03-08T15:20:07","guid":{"rendered":"https:\/\/www.marinasalivoli.it\/sporturlaub-toskana\/"},"modified":"2023-05-11T19:30:08","modified_gmt":"2023-05-11T17:30:08","slug":"sporturlaub-toskana","status":"publish","type":"page","link":"https:\/\/www.marinasalivoli.it\/de\/sporturlaub-toskana\/","title":{"rendered":"Sporturlaub Toskana"},"content":{"rendered":"<section class=\"wpb-content-wrapper\"><p>[vc_row][vc_column][vc_column_text el_class=&#8220;var1&#8243;]<\/p>\n<h2 style=\"text-align: center;\">Sportliche Feiertage<\/h2>\n<p>[\/vc_column_text][vc_column_text]<\/p>\n<div style=\"text-align: center;\">\n<p>Wer den hektischen Alltag und das Chaos der Stadt f\u00fcr eine Weile vergessen m\u00f6chte, w\u00e4hlt einen Sporturlaub. Im Freien, in Kontakt mit der Natur, ist er perfekt f\u00fcr diejenigen, die eine regenerierende Pause vom Alltagsstress suchen und sich in einer ruhigen und gesunden Umgebung entspannen m\u00f6chten.<br \/>\nIm Resort Marina Salivoli steht Ihnen eine gro\u00dfe Auswahl an Outdoor-Aktivit\u00e4ten zur Verf\u00fcgung, um der Alltagsroutine zu entfliehen und die au\u00dfergew\u00f6hnliche nat\u00fcrliche Sch\u00f6nheit der Gegend zu genie\u00dfen. Lange Strandspazierg\u00e4nge, Wandern oder Radfahren entlang malerischer H\u00fcgelpfade, Schnorcheln und Tauchen, um die erstaunliche Unterwasserwelt zu entdecken, sind alles zug\u00e4ngliche und verj\u00fcngende Aktivit\u00e4ten. Trekking auf Weg 302: von Calamoresca nach Baratti<\/p>\n<p>Der Schauplatz ist das Vorgebirge von Piombino, im Hintergrund die Insel Elba und rundherum die spektakul\u00e4re Landschaft der toskanischen H\u00fcgel, zwischen Pinienw\u00e4ldern und mediterraner Macchia.<br \/>\nVom Ferienort Marina Salivoli aus erreichen Sie in wenigen Minuten Calamoresca, eine ber\u00fchmte Bucht aus Steinen und Felsen mit klarem Wasser, das durch das kombinierte Spiel von Str\u00f6mungen und Felsen transparent wird. Der Weg, gut ausgeschildert, ist der 302, anfangs flach und dann schmaler, aber immer leicht und schattig. Vorbei an Fosso alle Canne und der unvergesslichen Transparenz des Wassers auf den Steinen der Bucht , erreicht man die Klippe Buca delle Fate und schlie\u00dflich Baratti mit seinem lebhaften kleinen Hafen. Glatte oder geschnitzte R\u00e4der, aber immer in Kontakt mit der Natur.<\/p>\n<\/div>\n<div>\n<div dir=\"ltr\" data-smartmail=\"gmail_signature\">\n<div dir=\"ltr\">\n<div dir=\"auto\"><\/div>\n<\/div>\n<\/div>\n<\/div>\n<p>[\/vc_column_text][vc_media_grid grid_id=&#8220;vc_gid:1683621043683-3a423d44-5c72-7&#8243; include=&#8220;936,937,938&#8243;][vc_column_text]<\/p>\n<p style=\"text-align: center;\">Egal, ob Sie ein Rennrad- oder MTB-Enthusiast sind, im Marina Salivoli Resort haben Sie die M\u00f6glichkeit, einen Urlaub auf zwei R\u00e4dern zu verbringen. In der Umgebung mangelt es nicht an unbefestigten Stra\u00dfen und h\u00fcgelige Wegen, die in die typische mediterrane Landschaft eingebettet sind und sich mit unterschiedlichen Schwierigkeitsgraden f\u00fcr Herausforderungen und Abenteuer auf geschnitzten R\u00e4dern eignen. Wenn Sie die Gegend gerne mit dem Fahrrad erkunden, k\u00f6nnen Sie auf bequemen Radwegen die K\u00fcste oder die umliegenden mittelalterlichen D\u00f6rfer erreichen.<\/p>\n<p style=\"text-align: center;\">Sport, um das Meer zu erleben: vom Tauchen bis zum Segeln<br \/>\nas Vorgebirge von Piombino ist ein ideales Ziel f\u00fcr diejenigen, die das Meer und den Wassersport lieben. Als Gast des Resorts Marina Salivoli k\u00f6nnen Sie sich f\u00fcr einen echten Aktiv- und Sporturlaub entscheiden und die Aktivit\u00e4ten aus\u00fcben, die Sie am meisten faszinieren. Die K\u00fcste bietet Ihnen dank zahlreicher H\u00f6hlen und Riffe, dem nat\u00fcrlichen Lebensraum vieler Fischarten und anderer Meeresorganismen, viele M\u00f6glichkeiten zum Tauchen.<br \/>\nSegeln erfordert mehr Geschick und K\u00f6nnen, erm\u00f6glicht Ihnen jedoch einen atemberaubenden Blick auf die K\u00fcste und das Gef\u00fchl der Freiheit, das nur das Meer bieten kann. Das Vorgebirge von Piombino bietet aufgrund der konstanten Winde, die an der K\u00fcste wehen, ideale Bedingungen um zu Segeln.<\/p>\n<p>[\/vc_column_text][\/vc_column][\/vc_row][vc_row disable_element=&#8220;yes&#8220;][vc_column]\t\t\t<p>No news has been added yet<\/p>\n\t\t\t\t\n\t\t[\/vc_column][\/vc_row]<\/p>\n<\/section>","protected":false},"excerpt":{"rendered":"<p>[vc_row][vc_column][vc_column_text el_class=&#8220;var1&#8243;] Sportliche Feiertage [\/vc_column_text][vc_column_text] Wer den hektischen Alltag und das Chaos der Stadt f\u00fcr eine Weile vergessen m\u00f6chte, w\u00e4hlt einen Sporturlaub. Im Freien, in Kontakt mit der Natur, ist er perfekt f\u00fcr diejenigen, die eine regenerierende Pause vom Alltagsstress suchen und sich in einer ruhigen und gesunden Umgebung entspannen m\u00f6chten. Im Resort Marina Salivoli<\/p>\n<a href=\"https:\/\/www.marinasalivoli.it\/de\/sporturlaub-toskana\/\" class=\"sohohotel-more-link\">Read More<\/a>","protected":false},"author":1,"featured_media":1631,"parent":0,"menu_order":0,"comment_status":"closed","ping_status":"closed","template":"","meta":{"inline_featured_image":false,"footnotes":""},"class_list":["post-2017","page","type-page","status-publish","has-post-thumbnail","hentry"],"yoast_head":"<!-- This site is optimized with the Yoast SEO plugin v21.8 - https:\/\/yoast.com\/wordpress\/plugins\/seo\/ -->\n<title>Sporturlaub Toskana am Meer - Marina Salivoli<\/title>\n<meta name=\"description\" content=\"Wer den hektischen Alltag und das Chaos der Stadt f\u00fcr eine Weile vergessen m\u00f6chte, kann sich f\u00fcr einen Sporturlaub in der Toskana entscheiden.\" \/>\n<meta name=\"robots\" content=\"index, follow, max-snippet:-1, max-image-preview:large, max-video-preview:-1\" \/>\n<link rel=\"canonical\" href=\"https:\/\/www.marinasalivoli.it\/de\/sporturlaub-toskana\/\" \/>\n<meta property=\"og:locale\" content=\"de_DE\" \/>\n<meta property=\"og:type\" content=\"article\" \/>\n<meta property=\"og:title\" content=\"Sporturlaub Toskana am Meer - Marina Salivoli\" \/>\n<meta property=\"og:description\" content=\"Wer den hektischen Alltag und das Chaos der Stadt f\u00fcr eine Weile vergessen m\u00f6chte, kann sich f\u00fcr einen Sporturlaub in der Toskana entscheiden.\" \/>\n<meta property=\"og:url\" content=\"https:\/\/www.marinasalivoli.it\/de\/sporturlaub-toskana\/\" \/>\n<meta property=\"og:site_name\" content=\"Residence Marina Salivoli\" \/>\n<meta property=\"article:modified_time\" content=\"2023-05-11T17:30:08+00:00\" \/>\n<meta property=\"og:image\" content=\"https:\/\/www.marinasalivoli.it\/wp-content\/uploads\/2023\/03\/testate-marina-salivoli-1.jpg\" \/>\n\t<meta property=\"og:image:width\" content=\"1920\" \/>\n\t<meta property=\"og:image:height\" content=\"405\" \/>\n\t<meta property=\"og:image:type\" content=\"image\/jpeg\" \/>\n<meta name=\"twitter:card\" content=\"summary_large_image\" \/>\n<meta name=\"twitter:label1\" content=\"Gesch\u00e4tzte Lesezeit\" \/>\n\t<meta name=\"twitter:data1\" content=\"3\u00a0Minuten\" \/>\n<script type=\"application\/ld+json\" class=\"yoast-schema-graph\">{\"@context\":\"https:\/\/schema.org\",\"@graph\":[{\"@type\":\"WebPage\",\"@id\":\"https:\/\/www.marinasalivoli.it\/de\/sporturlaub-toskana\/\",\"url\":\"https:\/\/www.marinasalivoli.it\/de\/sporturlaub-toskana\/\",\"name\":\"Sporturlaub Toskana am Meer - Marina Salivoli\",\"isPartOf\":{\"@id\":\"https:\/\/www.marinasalivoli.it\/de\/#website\"},\"datePublished\":\"2023-03-08T15:20:07+00:00\",\"dateModified\":\"2023-05-11T17:30:08+00:00\",\"description\":\"Wer den hektischen Alltag und das Chaos der Stadt f\u00fcr eine Weile vergessen m\u00f6chte, kann sich f\u00fcr einen Sporturlaub in der Toskana entscheiden.\",\"breadcrumb\":{\"@id\":\"https:\/\/www.marinasalivoli.it\/de\/sporturlaub-toskana\/#breadcrumb\"},\"inLanguage\":\"de\",\"potentialAction\":[{\"@type\":\"ReadAction\",\"target\":[\"https:\/\/www.marinasalivoli.it\/de\/sporturlaub-toskana\/\"]}]},{\"@type\":\"BreadcrumbList\",\"@id\":\"https:\/\/www.marinasalivoli.it\/de\/sporturlaub-toskana\/#breadcrumb\",\"itemListElement\":[{\"@type\":\"ListItem\",\"position\":1,\"name\":\"Home\",\"item\":\"https:\/\/www.marinasalivoli.it\/de\/\"},{\"@type\":\"ListItem\",\"position\":2,\"name\":\"Sporturlaub Toskana\"}]},{\"@type\":\"WebSite\",\"@id\":\"https:\/\/www.marinasalivoli.it\/de\/#website\",\"url\":\"https:\/\/www.marinasalivoli.it\/de\/\",\"name\":\"Residence Marina Salivoli\",\"description\":\"Residence sul mare in Toscana\",\"potentialAction\":[{\"@type\":\"SearchAction\",\"target\":{\"@type\":\"EntryPoint\",\"urlTemplate\":\"https:\/\/www.marinasalivoli.it\/de\/?s={search_term_string}\"},\"query-input\":\"required name=search_term_string\"}],\"inLanguage\":\"de\"}]}<\/script>\n<!-- \/ Yoast SEO plugin. -->","yoast_head_json":{"title":"Sporturlaub Toskana am Meer - Marina Salivoli","description":"Wer den hektischen Alltag und das Chaos der Stadt f\u00fcr eine Weile vergessen m\u00f6chte, kann sich f\u00fcr einen Sporturlaub in der Toskana entscheiden.","robots":{"index":"index","follow":"follow","max-snippet":"max-snippet:-1","max-image-preview":"max-image-preview:large","max-video-preview":"max-video-preview:-1"},"canonical":"https:\/\/www.marinasalivoli.it\/de\/sporturlaub-toskana\/","og_locale":"de_DE","og_type":"article","og_title":"Sporturlaub Toskana am Meer - Marina Salivoli","og_description":"Wer den hektischen Alltag und das Chaos der Stadt f\u00fcr eine Weile vergessen m\u00f6chte, kann sich f\u00fcr einen Sporturlaub in der Toskana entscheiden.","og_url":"https:\/\/www.marinasalivoli.it\/de\/sporturlaub-toskana\/","og_site_name":"Residence Marina Salivoli","article_modified_time":"2023-05-11T17:30:08+00:00","og_image":[{"width":1920,"height":405,"url":"https:\/\/www.marinasalivoli.it\/wp-content\/uploads\/2023\/03\/testate-marina-salivoli-1.jpg","type":"image\/jpeg"}],"twitter_card":"summary_large_image","twitter_misc":{"Gesch\u00e4tzte Lesezeit":"3\u00a0Minuten"},"schema":{"@context":"https:\/\/schema.org","@graph":[{"@type":"WebPage","@id":"https:\/\/www.marinasalivoli.it\/de\/sporturlaub-toskana\/","url":"https:\/\/www.marinasalivoli.it\/de\/sporturlaub-toskana\/","name":"Sporturlaub Toskana am Meer - Marina Salivoli","isPartOf":{"@id":"https:\/\/www.marinasalivoli.it\/de\/#website"},"datePublished":"2023-03-08T15:20:07+00:00","dateModified":"2023-05-11T17:30:08+00:00","description":"Wer den hektischen Alltag und das Chaos der Stadt f\u00fcr eine Weile vergessen m\u00f6chte, kann sich f\u00fcr einen Sporturlaub in der Toskana entscheiden.","breadcrumb":{"@id":"https:\/\/www.marinasalivoli.it\/de\/sporturlaub-toskana\/#breadcrumb"},"inLanguage":"de","potentialAction":[{"@type":"ReadAction","target":["https:\/\/www.marinasalivoli.it\/de\/sporturlaub-toskana\/"]}]},{"@type":"BreadcrumbList","@id":"https:\/\/www.marinasalivoli.it\/de\/sporturlaub-toskana\/#breadcrumb","itemListElement":[{"@type":"ListItem","position":1,"name":"Home","item":"https:\/\/www.marinasalivoli.it\/de\/"},{"@type":"ListItem","position":2,"name":"Sporturlaub Toskana"}]},{"@type":"WebSite","@id":"https:\/\/www.marinasalivoli.it\/de\/#website","url":"https:\/\/www.marinasalivoli.it\/de\/","name":"Residence Marina Salivoli","description":"Residence sul mare in Toscana","potentialAction":[{"@type":"SearchAction","target":{"@type":"EntryPoint","urlTemplate":"https:\/\/www.marinasalivoli.it\/de\/?s={search_term_string}"},"query-input":"required name=search_term_string"}],"inLanguage":"de"}]}},"_links":{"self":[{"href":"https:\/\/www.marinasalivoli.it\/de\/wp-json\/wp\/v2\/pages\/2017","targetHints":{"allow":["GET"]}}],"collection":[{"href":"https:\/\/www.marinasalivoli.it\/de\/wp-json\/wp\/v2\/pages"}],"about":[{"href":"https:\/\/www.marinasalivoli.it\/de\/wp-json\/wp\/v2\/types\/page"}],"author":[{"embeddable":true,"href":"https:\/\/www.marinasalivoli.it\/de\/wp-json\/wp\/v2\/users\/1"}],"replies":[{"embeddable":true,"href":"https:\/\/www.marinasalivoli.it\/de\/wp-json\/wp\/v2\/comments?post=2017"}],"version-history":[{"count":3,"href":"https:\/\/www.marinasalivoli.it\/de\/wp-json\/wp\/v2\/pages\/2017\/revisions"}],"predecessor-version":[{"id":2046,"href":"https:\/\/www.marinasalivoli.it\/de\/wp-json\/wp\/v2\/pages\/2017\/revisions\/2046"}],"wp:featuredmedia":[{"embeddable":true,"href":"https:\/\/www.marinasalivoli.it\/de\/wp-json\/wp\/v2\/media\/1631"}],"wp:attachment":[{"href":"https:\/\/www.marinasalivoli.it\/de\/wp-json\/wp\/v2\/media?parent=2017"}],"curies":[{"name":"wp","href":"https:\/\/api.w.org\/{rel}","templated":true}]}}