{"id":2033,"date":"2023-03-02T15:32:05","date_gmt":"2023-03-02T14:32:05","guid":{"rendered":"https:\/\/www.marinasalivoli.it\/tagungsraeume-in-der-toskana\/"},"modified":"2023-05-30T09:53:23","modified_gmt":"2023-05-30T07:53:23","slug":"tagungsraeume-in-der-toskana","status":"publish","type":"page","link":"https:\/\/www.marinasalivoli.it\/de\/tagungsraeume-in-der-toskana\/","title":{"rendered":"Tagungsr\u00e4ume in der Toskana am Meer"},"content":{"rendered":"<section class=\"wpb-content-wrapper\"><p>[vc_row][vc_column][vc_column_text el_class=&#8220;var1&#8243;]<\/p>\n<h1 style=\"text-align: center;\">Residenz mit Tagungsr\u00e4umen in Piombino<\/h1>\n<p>[\/vc_column_text][\/vc_column][\/vc_row][vc_row][vc_column width=&#8220;1\/2&#8243;][vc_column_text el_class=&#8220;var2&#8243;]<\/p>\n<h3>Tagungen, Schulungen, Versammlungen, Veranstaltungen<\/h3>\n<p>F\u00fcr diejenigen, die den richtigen Ort f\u00fcr die Organisation von <strong>Meetings oder Vorstellungsgespr\u00e4chen in der Toskana<\/strong> suchen, verf\u00fcgt das RTA Marina Salivoli \u00fcber <strong>zwei voll ausgestattete Tagungsr\u00e4ume<\/strong> unterschiedlicher Gr\u00f6\u00dfe, die sich daher f\u00fcr Veranstaltungen mit kleinen und gro\u00dfen Gruppen eignen.<\/p>\n<p>Der erste Raum von etwa 100 Quadratmetern mit 50 Sesseln mit Schreibplatte verf\u00fcgt \u00fcber einen Schreibtisch mit Mikrofon, WLAN-System &#8211; Glasfaser-Internetverbindung, einen BENQ Digitalprojektor Modell PB7100 800X600 SVGA und einer 2\u00d72 m Projektionsleinwand.<\/p>\n<p>Der zweite, intimere Raum von etwa 30 Quadratmetern und 15 Sitzpl\u00e4tzen ist mit einem Fernsehbildschirm (Standard-HDMI-Anschluss) ausgestattet.<\/p>\n<p>Beide Zimmer sind klimatisiert und es gibt auch einen Flur und Toiletten von etwa 20 Quadratmetern.<\/p>\n<p>Wenn Sie eine Veranstaltung organisieren m\u00fcssen, welche die Anwesenheit der Teilnehmer f\u00fcr mehrere aufeinanderfolgende Tage erfordert, verf\u00fcgt das RTA Marina Salivoli neben den Tagungsr\u00e4umen \u00fcber 49 Apartments, die elegant eingerichtet und mit allem Komfort ausgestattet sind, und bis zu 6 Personen pro Apartment beherbergen k\u00f6nnen.<\/p>\n<p>Dank der Zusammenarbeit mit dem neuen <strong>Restaurant Il Vespero<\/strong>, das sich in der Wohnanlage befindet, k\u00f6nnen auch <strong>Komplettpakete gebucht werden<\/strong>, die neben der Miete des Tagungsraums und der Appartements auch Halb- und Vollpension oder eine einfache Kaffeepause f\u00fcr die Teilnehmer der Veranstaltung beinhalten.[\/vc_column_text][\/vc_column][vc_column width=&#8220;1\/2&#8243;][vc_single_image image=&#8220;563&#8243; img_size=&#8220;large&#8220;][vc_single_image image=&#8220;566&#8243; img_size=&#8220;large&#8220;][\/vc_column][\/vc_row][vc_row][vc_column][vc_empty_space][\/vc_column][\/vc_row][vc_row][vc_column width=&#8220;1\/2&#8243;][vc_single_image image=&#8220;363&#8243; img_size=&#8220;large&#8220;][vc_single_image image=&#8220;565&#8243; img_size=&#8220;large&#8220;][\/vc_column][vc_column width=&#8220;1\/2&#8243;][vc_column_text el_class=&#8220;var2&#8243;]<\/p>\n<h3>Eine exklusive Lage am Meer<\/h3>\n<p>In einer strategischen Position an der toskanischen K\u00fcste gelegen, <strong>50 Meter<\/strong> vom Meer entfernt und mit Blick auf die Insel Elba, sind die Tagungsr\u00e4ume des RTA Marina Salivoli ideal f\u00fcr diejenigen, die einen Ort suchen, der nicht nur den Erfolg einer Veranstaltung garantiert, sondern auch ein wenig Entspannung bieten kann. Nicht weit von der Residenz entfernt k\u00f6nnen Sie das historische <strong>Zentrum von Piombino<\/strong> besuchen, das in die pr\u00e4chtige <strong>Piazza Bovio<\/strong> m\u00fcndet, die auf drei Seiten von einem klaren blauen Meer umgeben ist.<\/p>\n<p>Diejenigen, die die Sch\u00f6nheit der Natur bevorzugen, k\u00f6nnen sich nach <strong>Calamoresca<\/strong> begeben, einer der sch\u00f6nsten Buchten der Gegend, von der aus man zu Fu\u00df oder mit dem Fahrrad den <strong>Golf von Baratti<\/strong> erreichen kann, um einzigartige und wilde Orte zu entdecken, die vielen noch unbekannt sind.<\/p>\n<p>Wenn Sie kein Auto zur Verf\u00fcgung haben, haben Sie die Qual der Wahl. Besuchen Sie auf jeden Fall <strong>Populonia<\/strong>, eine alte etruskische Festung, den Golf von Baratti und die vielen mittelalterlichen D\u00f6rfer wie Suvereto, Bolgheri, Campiglia Marittima und Castagneto Carducci. Wenn Sie die D\u00f6rfer mit ihren Gassen und mit ihrem einzigartigen Panorama der etruskischen K\u00fcste besuchen, g\u00f6nnen Sie sich bitte auch eine Pause, um ein einzigartiges kulinarisches Erlebnis zu genie\u00dfen, indem Sie typische regionale Produkteprobieren, insbesondere Wein und \u00d6l, f\u00fcr die die ganze Gegend ber\u00fchmt ist.<\/p>\n<p>Es ist wissenschaftlich erwiesen, dass man an reizvollen Orten, in einer gepflegten Umgebung und dort, wo man sich wohlf\u00fchlt, viel produktiver arbeitet &#8230; warum sollte das also nicht auch f\u00fcr Meetings gelten?![\/vc_column_text][\/vc_column][\/vc_row][vc_row][vc_column][vc_empty_space][\/vc_column][\/vc_row][vc_row][vc_column][vc_column_text el_class=&#8220;var1&#8243;]<\/p>\n<h3 style=\"text-align: center;\">Fordern Sie ein kostenloses Angebot f\u00fcr Ihre Veranstaltung an<\/h3>\n<p>[\/vc_column_text][\/vc_column][\/vc_row][vc_row][vc_column]\n<div class=\"wpcf7 no-js\" id=\"wpcf7-f3458-o1\" lang=\"it-IT\" dir=\"ltr\">\n<div class=\"screen-reader-response\"><p role=\"status\" aria-live=\"polite\" aria-atomic=\"true\"><\/p> <ul><\/ul><\/div>\n<form action=\"\/de\/wp-json\/wp\/v2\/pages\/2033#wpcf7-f3458-o1\" method=\"post\" class=\"wpcf7-form init wpcf7-acceptance-as-validation\" aria-label=\"Modulo di contatto\" novalidate=\"novalidate\" data-status=\"init\">\n<div style=\"display: none;\">\n<input type=\"hidden\" name=\"_wpcf7\" value=\"3458\" \/>\n<input type=\"hidden\" name=\"_wpcf7_version\" value=\"5.8.5\" \/>\n<input type=\"hidden\" name=\"_wpcf7_locale\" value=\"it_IT\" \/>\n<input type=\"hidden\" name=\"_wpcf7_unit_tag\" value=\"wpcf7-f3458-o1\" \/>\n<input type=\"hidden\" name=\"_wpcf7_container_post\" value=\"0\" \/>\n<input type=\"hidden\" name=\"_wpcf7_posted_data_hash\" value=\"\" \/>\n<\/div>\n<div class=\"vc_row \">\n\t<div class=\"wpb_column vc_column_container vc_col-sm-6\">\n\t\t<div class=\"vc_column-inner\">\n\t\t\t<p><label for=\"nome\">Vorname *<\/label><span class=\"wpcf7-form-control-wrap\" data-name=\"nome\"><input size=\"40\" class=\"wpcf7-form-control wpcf7-text wpcf7-validates-as-required form-control\" id=\"nome\" aria-required=\"true\" aria-invalid=\"false\" value=\"\" type=\"text\" name=\"nome\" \/><\/span>\n\t\t\t<\/p>\n\t\t<\/div>\n\t<\/div>\n\t<div class=\"wpb_column vc_column_container vc_col-sm-6\">\n\t\t<div class=\"vc_column-inner\">\n\t\t\t<p><label for=\"cognome\">Nachname *<\/label><span class=\"wpcf7-form-control-wrap\" data-name=\"cognome\"><input size=\"40\" class=\"wpcf7-form-control wpcf7-text wpcf7-validates-as-required form-control\" id=\"cognome\" aria-required=\"true\" aria-invalid=\"false\" value=\"\" type=\"text\" name=\"cognome\" \/><\/span>\n\t\t\t<\/p>\n\t\t<\/div>\n\t<\/div>\n\t<div class=\"wpb_column vc_column_container vc_col-sm-6\">\n\t\t<div class=\"vc_column-inner\">\n\t\t\t<p><label for=\"azienda\">Unternehmen\/Agentur <\/label><span class=\"wpcf7-form-control-wrap\" data-name=\"azienda\"><input size=\"40\" class=\"wpcf7-form-control wpcf7-text form-control\" aria-invalid=\"false\" value=\"\" type=\"text\" name=\"azienda\" \/><\/span>\n\t\t\t<\/p>\n\t\t<\/div>\n\t<\/div>\n\t<div class=\"wpb_column vc_column_container vc_col-sm-6\">\n\t\t<div class=\"vc_column-inner\">\n\t\t\t<p><label for=\"email\">E-Mail *<\/label><span class=\"wpcf7-form-control-wrap\" data-name=\"email\"><input size=\"40\" class=\"wpcf7-form-control wpcf7-email wpcf7-validates-as-required wpcf7-text wpcf7-validates-as-email form-control\" id=\"email\" aria-required=\"true\" aria-invalid=\"false\" value=\"\" type=\"email\" name=\"email\" \/><\/span>\n\t\t\t<\/p>\n\t\t<\/div>\n\t<\/div>\n\t<div class=\"wpb_column vc_column_container vc_col-sm-6\">\n\t\t<div class=\"vc_column-inner\">\n\t\t\t<p><label for=\"telefono\"> Telefon *<\/label><span class=\"wpcf7-form-control-wrap\" data-name=\"telefono\"><input size=\"40\" class=\"wpcf7-form-control wpcf7-text wpcf7-validates-as-required form-control\" id=\"telefono\" aria-required=\"true\" aria-invalid=\"false\" value=\"\" type=\"text\" name=\"telefono\" \/><\/span>\n\t\t\t<\/p>\n\t\t<\/div>\n\t<\/div>\n\t<div class=\"wpb_column vc_column_container vc_col-sm-6\">\n\t\t<div class=\"vc_column-inner\">\n\t\t\t<p><label for=\"date-126\">Veranstaltungsdatum<br \/>\n<\/label><span class=\"wpcf7-form-control-wrap\" data-name=\"date-126\"><input class=\"wpcf7-form-control wpcf7-date wpcf7-validates-as-date form-control\" id=\"date-126\" aria-invalid=\"false\" value=\"\" type=\"date\" name=\"date-126\" \/><\/span>\n\t\t\t<\/p>\n\t\t<\/div>\n\t<\/div>\n\t<div class=\"wpb_column vc_column_container vc_col-sm-6\">\n\t\t<div class=\"vc_column-inner\">\n\t\t\t<p><label for=\"notti\">N\u00e4chte<\/label><span class=\"wpcf7-form-control-wrap\" data-name=\"notti\"><input class=\"wpcf7-form-control wpcf7-number wpcf7-validates-as-number form-control\" id=\"notti\" aria-invalid=\"false\" value=\"\" type=\"number\" name=\"notti\" \/><\/span>\n\t\t\t<\/p>\n\t\t<\/div>\n\t<\/div>\n\t<div class=\"wpb_column vc_column_container vc_col-sm-6\">\n\t\t<div class=\"vc_column-inner\">\n\t\t\t<p><label for=\"ospiti\">Personen<\/label><span class=\"wpcf7-form-control-wrap\" data-name=\"ospiti\"><input size=\"40\" class=\"wpcf7-form-control wpcf7-text form-control\" id=\"ospiti\" aria-invalid=\"false\" value=\"\" type=\"text\" name=\"ospiti\" \/><\/span>\n\t\t\t<\/p>\n\t\t<\/div>\n\t<\/div>\n\t<div class=\"wpb_column vc_column_container vc_col-sm-12\">\n\t\t<div class=\"vc_column-inner\">\n\t\t\t<p><label for=\"richiesta\">Text<\/label><span class=\"wpcf7-form-control-wrap\" data-name=\"richiesta\"><textarea cols=\"40\" rows=\"4\" class=\"wpcf7-form-control wpcf7-textarea wpcf7-validates-as-required form-control\" id=\"richiesta\" aria-required=\"true\" aria-invalid=\"false\" name=\"richiesta\"><\/textarea><\/span>\n\t\t\t<\/p>\n\t\t<\/div>\n\t<\/div>\n\t<div class=\"wpb_column vc_column_container vc_col-sm-12\">\n\t\t<div class=\"vc_column-inner\">\n\t\t\t<p><span class=\"wpcf7-form-control-wrap\" data-name=\"privacy\"><span class=\"wpcf7-form-control wpcf7-acceptance\"><span class=\"wpcf7-list-item\"><label><input type=\"checkbox\" name=\"privacy\" value=\"1\" class=\"check\" aria-invalid=\"false\" \/><span class=\"wpcf7-list-item-label\">Ich stimme der Verarbeitung meiner pers\u00f6nlichen Daten zu<\/span><\/label><\/span><\/span><\/span><small>(<a href=\"https:\/\/www.iubenda.com\/privacy-policy\/32024277\/\" class=\"iubenda-nostyle no-brand iubenda-noiframe iubenda-embed iub-legal-only iubenda-noiframe \" title=\"Privacy Policy \">Privacy Policy<\/a><script type=\"text\/javascript\">(function (w,d) {var loader = function () {var s = d.createElement(\"script\"), tag = d.getElementsByTagName(\"script\")[0]; s.src=\"https:\/\/cdn.iubenda.com\/iubenda.js\"; tag.parentNode.insertBefore(s,tag);}; if(w.addEventListener){w.addEventListener(\"load\", loader, false);}else if(w.attachEvent){w.attachEvent(\"onload\", loader);}else{w.onload = loader;}})(window, document);<\/script>)<\/small><br \/>\n<input class=\"wpcf7-form-control wpcf7-submit has-spinner\" type=\"submit\" value=\"Anfrage Senden\" \/>\n\t\t\t<\/p>\n\t\t<\/div>\n\t<\/div>\n<\/div><div class=\"wpcf7-response-output\" aria-hidden=\"true\"><\/div>\n<\/form>\n<\/div>\n[\/vc_column][\/vc_row]<\/p>\n<\/section>","protected":false},"excerpt":{"rendered":"<p>[vc_row][vc_column][vc_column_text el_class=&#8220;var1&#8243;] Residenz mit Tagungsr\u00e4umen in Piombino [\/vc_column_text][\/vc_column][\/vc_row][vc_row][vc_column width=&#8220;1\/2&#8243;][vc_column_text el_class=&#8220;var2&#8243;] Tagungen, Schulungen, Versammlungen, Veranstaltungen F\u00fcr diejenigen, die den richtigen Ort f\u00fcr die Organisation von Meetings oder Vorstellungsgespr\u00e4chen in der Toskana suchen, verf\u00fcgt das RTA Marina Salivoli \u00fcber zwei voll ausgestattete Tagungsr\u00e4ume unterschiedlicher Gr\u00f6\u00dfe, die sich daher f\u00fcr Veranstaltungen mit kleinen und gro\u00dfen Gruppen eignen. Der<\/p>\n<a href=\"https:\/\/www.marinasalivoli.it\/de\/tagungsraeume-in-der-toskana\/\" class=\"sohohotel-more-link\">Read More<\/a>","protected":false},"author":1,"featured_media":1415,"parent":0,"menu_order":0,"comment_status":"closed","ping_status":"closed","template":"","meta":{"inline_featured_image":false,"footnotes":""},"class_list":["post-2033","page","type-page","status-publish","has-post-thumbnail","hentry"],"yoast_head":"<!-- This site is optimized with the Yoast SEO plugin v21.8 - https:\/\/yoast.com\/wordpress\/plugins\/seo\/ -->\n<title>Residenz mit Tagungsr\u00e4umen in Piombino - Marina Salivoli<\/title>\n<meta name=\"description\" content=\"Suchen Sie einen Tagungsraum f\u00fcr eine Veranstaltung oder ein Meeting in Piombino? Entdecken Sie Marina Salivoli.\" \/>\n<meta name=\"robots\" content=\"index, follow, max-snippet:-1, max-image-preview:large, max-video-preview:-1\" \/>\n<link rel=\"canonical\" href=\"https:\/\/www.marinasalivoli.it\/de\/tagungsraeume-in-der-toskana\/\" \/>\n<meta property=\"og:locale\" content=\"de_DE\" \/>\n<meta property=\"og:type\" content=\"article\" \/>\n<meta property=\"og:title\" content=\"Residenz mit Tagungsr\u00e4umen in Piombino - Marina Salivoli\" \/>\n<meta property=\"og:description\" content=\"Suchen Sie einen Tagungsraum f\u00fcr eine Veranstaltung oder ein Meeting in Piombino? Entdecken Sie Marina Salivoli.\" \/>\n<meta property=\"og:url\" content=\"https:\/\/www.marinasalivoli.it\/de\/tagungsraeume-in-der-toskana\/\" \/>\n<meta property=\"og:site_name\" content=\"Residence Marina Salivoli\" \/>\n<meta property=\"article:modified_time\" content=\"2023-05-30T07:53:23+00:00\" \/>\n<meta property=\"og:image\" content=\"https:\/\/www.marinasalivoli.it\/wp-content\/uploads\/2023\/03\/testata-meeting.png\" \/>\n\t<meta property=\"og:image:width\" content=\"1920\" \/>\n\t<meta property=\"og:image:height\" content=\"405\" \/>\n\t<meta property=\"og:image:type\" content=\"image\/png\" \/>\n<meta name=\"twitter:card\" content=\"summary_large_image\" \/>\n<meta name=\"twitter:label1\" content=\"Gesch\u00e4tzte Lesezeit\" \/>\n\t<meta name=\"twitter:data1\" content=\"3\u00a0Minuten\" \/>\n<script type=\"application\/ld+json\" class=\"yoast-schema-graph\">{\"@context\":\"https:\/\/schema.org\",\"@graph\":[{\"@type\":\"WebPage\",\"@id\":\"https:\/\/www.marinasalivoli.it\/de\/tagungsraeume-in-der-toskana\/\",\"url\":\"https:\/\/www.marinasalivoli.it\/de\/tagungsraeume-in-der-toskana\/\",\"name\":\"Residenz mit Tagungsr\u00e4umen in Piombino - Marina Salivoli\",\"isPartOf\":{\"@id\":\"https:\/\/www.marinasalivoli.it\/de\/#website\"},\"datePublished\":\"2023-03-02T14:32:05+00:00\",\"dateModified\":\"2023-05-30T07:53:23+00:00\",\"description\":\"Suchen Sie einen Tagungsraum f\u00fcr eine Veranstaltung oder ein Meeting in Piombino? Entdecken Sie Marina Salivoli.\",\"breadcrumb\":{\"@id\":\"https:\/\/www.marinasalivoli.it\/de\/tagungsraeume-in-der-toskana\/#breadcrumb\"},\"inLanguage\":\"de\",\"potentialAction\":[{\"@type\":\"ReadAction\",\"target\":[\"https:\/\/www.marinasalivoli.it\/de\/tagungsraeume-in-der-toskana\/\"]}]},{\"@type\":\"BreadcrumbList\",\"@id\":\"https:\/\/www.marinasalivoli.it\/de\/tagungsraeume-in-der-toskana\/#breadcrumb\",\"itemListElement\":[{\"@type\":\"ListItem\",\"position\":1,\"name\":\"Home\",\"item\":\"https:\/\/www.marinasalivoli.it\/de\/\"},{\"@type\":\"ListItem\",\"position\":2,\"name\":\"Tagungsr\u00e4ume in der Toskana am Meer\"}]},{\"@type\":\"WebSite\",\"@id\":\"https:\/\/www.marinasalivoli.it\/de\/#website\",\"url\":\"https:\/\/www.marinasalivoli.it\/de\/\",\"name\":\"Residence Marina Salivoli\",\"description\":\"Residence sul mare in Toscana\",\"potentialAction\":[{\"@type\":\"SearchAction\",\"target\":{\"@type\":\"EntryPoint\",\"urlTemplate\":\"https:\/\/www.marinasalivoli.it\/de\/?s={search_term_string}\"},\"query-input\":\"required name=search_term_string\"}],\"inLanguage\":\"de\"}]}<\/script>\n<!-- \/ Yoast SEO plugin. -->","yoast_head_json":{"title":"Residenz mit Tagungsr\u00e4umen in Piombino - Marina Salivoli","description":"Suchen Sie einen Tagungsraum f\u00fcr eine Veranstaltung oder ein Meeting in Piombino? Entdecken Sie Marina Salivoli.","robots":{"index":"index","follow":"follow","max-snippet":"max-snippet:-1","max-image-preview":"max-image-preview:large","max-video-preview":"max-video-preview:-1"},"canonical":"https:\/\/www.marinasalivoli.it\/de\/tagungsraeume-in-der-toskana\/","og_locale":"de_DE","og_type":"article","og_title":"Residenz mit Tagungsr\u00e4umen in Piombino - Marina Salivoli","og_description":"Suchen Sie einen Tagungsraum f\u00fcr eine Veranstaltung oder ein Meeting in Piombino? Entdecken Sie Marina Salivoli.","og_url":"https:\/\/www.marinasalivoli.it\/de\/tagungsraeume-in-der-toskana\/","og_site_name":"Residence Marina Salivoli","article_modified_time":"2023-05-30T07:53:23+00:00","og_image":[{"width":1920,"height":405,"url":"https:\/\/www.marinasalivoli.it\/wp-content\/uploads\/2023\/03\/testata-meeting.png","type":"image\/png"}],"twitter_card":"summary_large_image","twitter_misc":{"Gesch\u00e4tzte Lesezeit":"3\u00a0Minuten"},"schema":{"@context":"https:\/\/schema.org","@graph":[{"@type":"WebPage","@id":"https:\/\/www.marinasalivoli.it\/de\/tagungsraeume-in-der-toskana\/","url":"https:\/\/www.marinasalivoli.it\/de\/tagungsraeume-in-der-toskana\/","name":"Residenz mit Tagungsr\u00e4umen in Piombino - Marina Salivoli","isPartOf":{"@id":"https:\/\/www.marinasalivoli.it\/de\/#website"},"datePublished":"2023-03-02T14:32:05+00:00","dateModified":"2023-05-30T07:53:23+00:00","description":"Suchen Sie einen Tagungsraum f\u00fcr eine Veranstaltung oder ein Meeting in Piombino? Entdecken Sie Marina Salivoli.","breadcrumb":{"@id":"https:\/\/www.marinasalivoli.it\/de\/tagungsraeume-in-der-toskana\/#breadcrumb"},"inLanguage":"de","potentialAction":[{"@type":"ReadAction","target":["https:\/\/www.marinasalivoli.it\/de\/tagungsraeume-in-der-toskana\/"]}]},{"@type":"BreadcrumbList","@id":"https:\/\/www.marinasalivoli.it\/de\/tagungsraeume-in-der-toskana\/#breadcrumb","itemListElement":[{"@type":"ListItem","position":1,"name":"Home","item":"https:\/\/www.marinasalivoli.it\/de\/"},{"@type":"ListItem","position":2,"name":"Tagungsr\u00e4ume in der Toskana am Meer"}]},{"@type":"WebSite","@id":"https:\/\/www.marinasalivoli.it\/de\/#website","url":"https:\/\/www.marinasalivoli.it\/de\/","name":"Residence Marina Salivoli","description":"Residence sul mare in Toscana","potentialAction":[{"@type":"SearchAction","target":{"@type":"EntryPoint","urlTemplate":"https:\/\/www.marinasalivoli.it\/de\/?s={search_term_string}"},"query-input":"required name=search_term_string"}],"inLanguage":"de"}]}},"_links":{"self":[{"href":"https:\/\/www.marinasalivoli.it\/de\/wp-json\/wp\/v2\/pages\/2033","targetHints":{"allow":["GET"]}}],"collection":[{"href":"https:\/\/www.marinasalivoli.it\/de\/wp-json\/wp\/v2\/pages"}],"about":[{"href":"https:\/\/www.marinasalivoli.it\/de\/wp-json\/wp\/v2\/types\/page"}],"author":[{"embeddable":true,"href":"https:\/\/www.marinasalivoli.it\/de\/wp-json\/wp\/v2\/users\/1"}],"replies":[{"embeddable":true,"href":"https:\/\/www.marinasalivoli.it\/de\/wp-json\/wp\/v2\/comments?post=2033"}],"version-history":[{"count":5,"href":"https:\/\/www.marinasalivoli.it\/de\/wp-json\/wp\/v2\/pages\/2033\/revisions"}],"predecessor-version":[{"id":3466,"href":"https:\/\/www.marinasalivoli.it\/de\/wp-json\/wp\/v2\/pages\/2033\/revisions\/3466"}],"wp:featuredmedia":[{"embeddable":true,"href":"https:\/\/www.marinasalivoli.it\/de\/wp-json\/wp\/v2\/media\/1415"}],"wp:attachment":[{"href":"https:\/\/www.marinasalivoli.it\/de\/wp-json\/wp\/v2\/media?parent=2033"}],"curies":[{"name":"wp","href":"https:\/\/api.w.org\/{rel}","templated":true}]}}