{"id":2108,"date":"2023-05-09T11:45:04","date_gmt":"2023-05-09T09:45:04","guid":{"rendered":"https:\/\/www.marinasalivoli.it\/marina-salivoli-newsletter\/"},"modified":"2023-05-20T19:33:31","modified_gmt":"2023-05-20T17:33:31","slug":"newsletter","status":"publish","type":"page","link":"https:\/\/www.marinasalivoli.it\/de\/newsletter\/","title":{"rendered":"Newsletter"},"content":{"rendered":"<section class=\"wpb-content-wrapper\"><p>[vc_row][vc_column][vc_column_text el_class=&#8220;var1&#8243;]<\/p>\n<h2>Jetzt registrieren<\/h2>\n<p>[\/vc_column_text][\/vc_column][\/vc_row][vc_row][vc_column width=&#8220;1\/2&#8243;][vc_column_text el_class=&#8220;var2&#8243;]<\/p>\n<h3>Entra a far parte del nostro circuito 6special !<\/h3>\n<p>[\/vc_column_text][vc_column_text]Keine Sorge, wir m\u00f6gen auch keinen Spam und aus diesem Grund erhalten Sie nur einen Newsletter pro Monat. Nur in bestimmten Ausnahmef\u00e4llen behalten wir uns das Recht vor, Ihnen zus\u00e4tzliche Newsletter zuzusenden. Tatsache ist, dass Sie sich jederzeit abmelden k\u00f6nnen<\/p>\n<p>Mitglieder unseres 6Special-Circuits genie\u00dfen exklusive Vorteile:<\/p>\n<ul>\n<li><strong>Sie erhalten 6 % Rabatt auf die besten Online-Tarife.<\/strong><\/li>\n<li>Sie erhalten eine Vorschau der Sonderangebote<\/li>\n<li>Sie werden \u00fcber lokale Nachrichten auf dem Laufenden gehalten.<\/li>\n<\/ul>\n<p>[\/vc_column_text][\/vc_column][vc_column width=&#8220;1\/2&#8243;][vc_raw_html]JTNDZGl2JTIwaWQlM0QlMjJtYy1zdWJzY3JpYmUlMjIlMjBzdHlsZSUzRCUyMndpZHRoJTNBJTIwMTAwJTI1JTNCJTIyJTNFJTNDJTJGZGl2JTNFJTBBJTNDc2NyaXB0JTNFJTBBJTI4ZnVuY3Rpb24lMjhkb2MlMkMlMjB0YWclMkMlMjBpZCUyOSU3QiUwQSUyMCUyMCUyMHZhciUyMGpzJTIwJTNEJTIwZG9jLmdldEVsZW1lbnRzQnlUYWdOYW1lJTI4dGFnJTI5JTVCMCU1RCUzQiUwQSUyMCUyMCUyMGlmJTIwJTI4ZG9jLmdldEVsZW1lbnRCeUlkJTI4aWQlMjklMjklMjAlN0JyZXR1cm4lM0IlN0QlMEElMjAlMjAlMjBqcyUyMCUzRCUyMGRvYy5jcmVhdGVFbGVtZW50JTI4dGFnJTI5JTNCJTIwanMuaWQlMjAlM0QlMjBpZCUzQiUwQSUyMCUyMCUyMGpzLnNyYyUyMCUzRCUyMCUyMmh0dHBzJTNBJTJGJTJGdXNlci5tYWlsY29tLml0JTJGYXBpJTJGd2lkZ2V0JTJGc3Vic2NyaWJlLTUuanMlMjIlM0IlMEElMjAlMjAlMjBqcy50eXBlJTIwJTNEJTIwJTIydGV4dCUyRmphdmFzY3JpcHQlMjIlM0IlMEElMjAlMjAlMjBkb2MuYm9keS5hcHBlbmRDaGlsZCUyOGpzJTI5JTNCJTBBJTdEJTI4ZG9jdW1lbnQlMkMlMjAlMjdzY3JpcHQlMjclMkMlMjAlMjdtYy1zdWJzY3JpYmUtZm9ybSUyNyUyOSUyOSUzQiUwQXdpbmRvdy5vbmxvYWQlMjAlM0QlMjBmdW5jdGlvbiUyOCUyOSUyMCU3QiUwQSUyMCUyME1jU3Vic2NyaWJlRm9ybVdpZGdldC5zZXRPcHRpb25zJTI4JTdCJTBBJTIwJTIwJTIwJTIwYXBpS2V5JTNBJTIwJTI3YmJmOWViZWY2MjZiNGZhYmU5M2I5MzZhOWExZjEyNzEyOTI3NzhmNCUyNyUyQyUwQSUyMCUyMCUyMCUyMHRhcmdldElkJTNBJTIwJTI3bWMtc3Vic2NyaWJlJTI3JTJDJTBBJTIwJTIwJTIwJTIwbGFuZ3VhZ2UlM0ElMjAlMjdkZSUyNyUyQyUwQSUyMCUyMCUyMCUyMGxpc3RzJTNBJTIwJTI3TUNMU1QtMTQzNSUyNyUyQyUwQSUyMCUyMCUyMCUyMGxpc3RzX2Nob2ljZSUzQSUyMCUyN2ZhbHNlJTI3JTJDJTBBJTIwJTIwJTIwJTIwYXR0ciUzQSUyMCUyNzI0Ny1ub21lJTJDMjQ4LWNvZ25vbWUlMkNlbWFpbCUyNyUyQyUwQSUyMCUyMCUyMCUyMGNFeGlzdCUzQSUyMCUyNzElMjclMkMlMEElMjAlMjAlMjAlMjBjT3RoZXJMaXN0JTNBJTIwJTI3MSUyNyUyQyUwQSUyMCUyMCUyMCUyMHRyaWdnZXJJZCUzQSUyMCUyN2ZhbHNlJTI3JTJDJTBBJTIwJTIwJTIwJTIwdGhlbWUlM0ElMjAlN0IlMEElMDklMDklMDliYWNrZ3JvdW5kJTNBJTIwJTI3dHJhbnNwYXJlbnQlMjclMkMlMEElMDklMDklMDlmb250JTNBJTIwJTI3QXJpYWwlMkMlMjBzYW5zLXNlcmlmJTI3JTJDJTBBJTIwJTIwJTIwJTIwJTIwJTIwYWxpZ24lM0ElMjAlMjdsZWZ0JTI3JTJDJTBBJTA5JTA5JTA5dHh0X2NvbG9yJTNBJTIwJTI3JTIzMDAwMDAwJTI3JTJDJTBBJTA5JTA5JTA5dHh0X3NpemUlM0ElMjAlMjcxNHB4JTI3JTJDJTBBJTIwJTIwJTIwJTIwJTIwJTIwZm9ybV9iYWNrZ3JvdW5kJTNBJTIwJTI3d2hpdGUlMjclMkMlMEElMDklMDklMDlmb3JtX3R4dF9jb2xvciUzQSUyMCUyN2JsYWNrJTI3JTJDJTBBJTA5JTA5JTA5YnRuX2JhY2tncm91bmQlM0ElMjAlMjclMjMzNThiMzklMjclMkMlMEElMDklMDklMDlidG5fY29sb3IlM0ElMjAlMjclMjNGRkZGRkYlMjclMkMlMEElMDklMDklMDlidG5fc2l6ZSUzQSUyMCUyNzE2cHglMjclMEElMDklMDklN0QlMEElMjAlMjAlN0QlMjklM0IlMEElMjAlMjBNY1N1YnNjcmliZUZvcm1XaWRnZXQucmVuZGVyJTI4JTI5JTNCJTBBJTdEJTBBJTNDJTJGc2NyaXB0JTNF[\/vc_raw_html][\/vc_column][\/vc_row]<\/p>\n<\/section>","protected":false},"excerpt":{"rendered":"<p>[vc_row][vc_column][vc_column_text el_class=&#8220;var1&#8243;] Jetzt registrieren [\/vc_column_text][\/vc_column][\/vc_row][vc_row][vc_column width=&#8220;1\/2&#8243;][vc_column_text el_class=&#8220;var2&#8243;] Entra a far parte del nostro circuito 6special ! [\/vc_column_text][vc_column_text]Keine Sorge, wir m\u00f6gen auch keinen Spam und aus diesem Grund erhalten Sie nur einen Newsletter pro Monat. Nur in bestimmten Ausnahmef\u00e4llen behalten wir uns das Recht vor, Ihnen zus\u00e4tzliche Newsletter zuzusenden. Tatsache ist, dass Sie sich jederzeit abmelden<\/p>\n<a href=\"https:\/\/www.marinasalivoli.it\/de\/newsletter\/\" class=\"sohohotel-more-link\">Read More<\/a>","protected":false},"author":1,"featured_media":1407,"parent":0,"menu_order":0,"comment_status":"closed","ping_status":"closed","template":"","meta":{"inline_featured_image":false,"footnotes":""},"class_list":["post-2108","page","type-page","status-publish","has-post-thumbnail","hentry"],"yoast_head":"<!-- This site is optimized with the Yoast SEO plugin v21.8 - https:\/\/yoast.com\/wordpress\/plugins\/seo\/ -->\n<title>Melden Sie sich f\u00fcr den Newsletter an - Marina Salivoli<\/title>\n<meta name=\"description\" content=\"Betreten Sie unseren exklusiven 6SPECIAL-Circuit. Sie erhalten 6 % Rabatt auf die besten Online-Tarife und werden \u00fcber Neuigkeiten auf dem Laufenden gehalten.\" \/>\n<meta name=\"robots\" content=\"index, follow, max-snippet:-1, max-image-preview:large, max-video-preview:-1\" \/>\n<link rel=\"canonical\" href=\"https:\/\/www.marinasalivoli.it\/de\/newsletter\/\" \/>\n<meta property=\"og:locale\" content=\"de_DE\" \/>\n<meta property=\"og:type\" content=\"article\" \/>\n<meta property=\"og:title\" content=\"Melden Sie sich f\u00fcr den Newsletter an - Marina Salivoli\" \/>\n<meta property=\"og:description\" content=\"Betreten Sie unseren exklusiven 6SPECIAL-Circuit. Sie erhalten 6 % Rabatt auf die besten Online-Tarife und werden \u00fcber Neuigkeiten auf dem Laufenden gehalten.\" \/>\n<meta property=\"og:url\" content=\"https:\/\/www.marinasalivoli.it\/de\/newsletter\/\" \/>\n<meta property=\"og:site_name\" content=\"Residence Marina Salivoli\" \/>\n<meta property=\"article:modified_time\" content=\"2023-05-20T17:33:31+00:00\" \/>\n<meta property=\"og:image\" content=\"https:\/\/www.marinasalivoli.it\/wp-content\/uploads\/2023\/03\/testata-blog.png\" \/>\n\t<meta property=\"og:image:width\" content=\"1920\" \/>\n\t<meta property=\"og:image:height\" content=\"405\" \/>\n\t<meta property=\"og:image:type\" content=\"image\/png\" \/>\n<meta name=\"twitter:card\" content=\"summary_large_image\" \/>\n<meta name=\"twitter:label1\" content=\"Gesch\u00e4tzte Lesezeit\" \/>\n\t<meta name=\"twitter:data1\" content=\"1\u00a0Minute\" \/>\n<script type=\"application\/ld+json\" class=\"yoast-schema-graph\">{\"@context\":\"https:\/\/schema.org\",\"@graph\":[{\"@type\":\"WebPage\",\"@id\":\"https:\/\/www.marinasalivoli.it\/de\/newsletter\/\",\"url\":\"https:\/\/www.marinasalivoli.it\/de\/newsletter\/\",\"name\":\"Melden Sie sich f\u00fcr den Newsletter an - Marina Salivoli\",\"isPartOf\":{\"@id\":\"https:\/\/www.marinasalivoli.it\/de\/#website\"},\"datePublished\":\"2023-05-09T09:45:04+00:00\",\"dateModified\":\"2023-05-20T17:33:31+00:00\",\"description\":\"Betreten Sie unseren exklusiven 6SPECIAL-Circuit. Sie erhalten 6 % Rabatt auf die besten Online-Tarife und werden \u00fcber Neuigkeiten auf dem Laufenden gehalten.\",\"breadcrumb\":{\"@id\":\"https:\/\/www.marinasalivoli.it\/de\/newsletter\/#breadcrumb\"},\"inLanguage\":\"de\",\"potentialAction\":[{\"@type\":\"ReadAction\",\"target\":[\"https:\/\/www.marinasalivoli.it\/de\/newsletter\/\"]}]},{\"@type\":\"BreadcrumbList\",\"@id\":\"https:\/\/www.marinasalivoli.it\/de\/newsletter\/#breadcrumb\",\"itemListElement\":[{\"@type\":\"ListItem\",\"position\":1,\"name\":\"Home\",\"item\":\"https:\/\/www.marinasalivoli.it\/de\/\"},{\"@type\":\"ListItem\",\"position\":2,\"name\":\"Newsletter\"}]},{\"@type\":\"WebSite\",\"@id\":\"https:\/\/www.marinasalivoli.it\/de\/#website\",\"url\":\"https:\/\/www.marinasalivoli.it\/de\/\",\"name\":\"Residence Marina Salivoli\",\"description\":\"Residence sul mare in Toscana\",\"potentialAction\":[{\"@type\":\"SearchAction\",\"target\":{\"@type\":\"EntryPoint\",\"urlTemplate\":\"https:\/\/www.marinasalivoli.it\/de\/?s={search_term_string}\"},\"query-input\":\"required name=search_term_string\"}],\"inLanguage\":\"de\"}]}<\/script>\n<!-- \/ Yoast SEO plugin. -->","yoast_head_json":{"title":"Melden Sie sich f\u00fcr den Newsletter an - Marina Salivoli","description":"Betreten Sie unseren exklusiven 6SPECIAL-Circuit. Sie erhalten 6 % Rabatt auf die besten Online-Tarife und werden \u00fcber Neuigkeiten auf dem Laufenden gehalten.","robots":{"index":"index","follow":"follow","max-snippet":"max-snippet:-1","max-image-preview":"max-image-preview:large","max-video-preview":"max-video-preview:-1"},"canonical":"https:\/\/www.marinasalivoli.it\/de\/newsletter\/","og_locale":"de_DE","og_type":"article","og_title":"Melden Sie sich f\u00fcr den Newsletter an - Marina Salivoli","og_description":"Betreten Sie unseren exklusiven 6SPECIAL-Circuit. Sie erhalten 6 % Rabatt auf die besten Online-Tarife und werden \u00fcber Neuigkeiten auf dem Laufenden gehalten.","og_url":"https:\/\/www.marinasalivoli.it\/de\/newsletter\/","og_site_name":"Residence Marina Salivoli","article_modified_time":"2023-05-20T17:33:31+00:00","og_image":[{"width":1920,"height":405,"url":"https:\/\/www.marinasalivoli.it\/wp-content\/uploads\/2023\/03\/testata-blog.png","type":"image\/png"}],"twitter_card":"summary_large_image","twitter_misc":{"Gesch\u00e4tzte Lesezeit":"1\u00a0Minute"},"schema":{"@context":"https:\/\/schema.org","@graph":[{"@type":"WebPage","@id":"https:\/\/www.marinasalivoli.it\/de\/newsletter\/","url":"https:\/\/www.marinasalivoli.it\/de\/newsletter\/","name":"Melden Sie sich f\u00fcr den Newsletter an - Marina Salivoli","isPartOf":{"@id":"https:\/\/www.marinasalivoli.it\/de\/#website"},"datePublished":"2023-05-09T09:45:04+00:00","dateModified":"2023-05-20T17:33:31+00:00","description":"Betreten Sie unseren exklusiven 6SPECIAL-Circuit. Sie erhalten 6 % Rabatt auf die besten Online-Tarife und werden \u00fcber Neuigkeiten auf dem Laufenden gehalten.","breadcrumb":{"@id":"https:\/\/www.marinasalivoli.it\/de\/newsletter\/#breadcrumb"},"inLanguage":"de","potentialAction":[{"@type":"ReadAction","target":["https:\/\/www.marinasalivoli.it\/de\/newsletter\/"]}]},{"@type":"BreadcrumbList","@id":"https:\/\/www.marinasalivoli.it\/de\/newsletter\/#breadcrumb","itemListElement":[{"@type":"ListItem","position":1,"name":"Home","item":"https:\/\/www.marinasalivoli.it\/de\/"},{"@type":"ListItem","position":2,"name":"Newsletter"}]},{"@type":"WebSite","@id":"https:\/\/www.marinasalivoli.it\/de\/#website","url":"https:\/\/www.marinasalivoli.it\/de\/","name":"Residence Marina Salivoli","description":"Residence sul mare in Toscana","potentialAction":[{"@type":"SearchAction","target":{"@type":"EntryPoint","urlTemplate":"https:\/\/www.marinasalivoli.it\/de\/?s={search_term_string}"},"query-input":"required name=search_term_string"}],"inLanguage":"de"}]}},"_links":{"self":[{"href":"https:\/\/www.marinasalivoli.it\/de\/wp-json\/wp\/v2\/pages\/2108","targetHints":{"allow":["GET"]}}],"collection":[{"href":"https:\/\/www.marinasalivoli.it\/de\/wp-json\/wp\/v2\/pages"}],"about":[{"href":"https:\/\/www.marinasalivoli.it\/de\/wp-json\/wp\/v2\/types\/page"}],"author":[{"embeddable":true,"href":"https:\/\/www.marinasalivoli.it\/de\/wp-json\/wp\/v2\/users\/1"}],"replies":[{"embeddable":true,"href":"https:\/\/www.marinasalivoli.it\/de\/wp-json\/wp\/v2\/comments?post=2108"}],"version-history":[{"count":5,"href":"https:\/\/www.marinasalivoli.it\/de\/wp-json\/wp\/v2\/pages\/2108\/revisions"}],"predecessor-version":[{"id":3434,"href":"https:\/\/www.marinasalivoli.it\/de\/wp-json\/wp\/v2\/pages\/2108\/revisions\/3434"}],"wp:featuredmedia":[{"embeddable":true,"href":"https:\/\/www.marinasalivoli.it\/de\/wp-json\/wp\/v2\/media\/1407"}],"wp:attachment":[{"href":"https:\/\/www.marinasalivoli.it\/de\/wp-json\/wp\/v2\/media?parent=2108"}],"curies":[{"name":"wp","href":"https:\/\/api.w.org\/{rel}","templated":true}]}}