{"id":3553,"date":"2023-11-14T09:02:57","date_gmt":"2023-11-14T08:02:57","guid":{"rendered":"https:\/\/www.marinasalivoli.it\/vacanze-gruppi-toscana\/"},"modified":"2023-11-15T12:48:13","modified_gmt":"2023-11-15T11:48:13","slug":"gruppenurlaub-in-der-toskana-meer","status":"publish","type":"page","link":"https:\/\/www.marinasalivoli.it\/de\/gruppenurlaub-in-der-toskana-meer\/","title":{"rendered":"Gruppenurlaub in der Toskana Meer"},"content":{"rendered":"<section class=\"wpb-content-wrapper\"><p>[vc_row][vc_column][vc_column_text el_class=&#8220;var1&#8243;]<\/p>\n<h2 style=\"text-align: center;\"><strong>Gruppi Vacanza Toscana Mare<\/strong><\/h2>\n<p>[\/vc_column_text][vc_column_text]Situato nel cuore della pittoresca Costa degli Etruschi, il <a href=\"https:\/\/www.marinasalivoli.it\/de\/\" target=\"_blank\" rel=\"noopener\"><strong>Residence Marina Salivoli<\/strong><\/a> si erge come la destinazione ideale per soggiorni di gruppo di ogni tipo. Che si tratti di vacanze leisure, viaggi di affari, eventi sportivi o gite scolastiche, il nostro residence offre una perfetta combinazione di comfort, servizi su misura e una posizione invidiabile. Con ampie opzioni di alloggio, appartamenti autonomi con cucina di varie dimensioni e una <a href=\"https:\/\/www.marinasalivoli.it\/de\/tagungsraeume-in-der-toskana\/\" target=\"_blank\" rel=\"noopener\"><strong>sala meeting attrezzat<\/strong><\/a>a per eventi professionali, Marina Salivoli \u00e8 progettato per soddisfare le esigenze di gruppi diversificati, garantendo un&#8217;esperienza memorabile nella splendida cornice della Toscana. Qui, ogni gruppo trover\u00e0 non solo una sistemazione, ma un luogo dove vivere momenti indimenticabili, immersi nella ricchezza culturale e naturale di una delle regioni pi\u00f9 affascinanti d&#8217;Italia.[\/vc_column_text][\/vc_column][\/vc_row][vc_row][vc_column width=&#8220;1\/2&#8243;][vc_column_text el_class=&#8220;var1&#8243;]<\/p>\n<h3 style=\"text-align: center;\"><strong>Feriengruppen<\/strong><\/h3>\n<p>[\/vc_column_text][vc_column_text]Das Residence Marina Salivoli erweist sich als eine exzellente Wahl f\u00fcr &#8222;Urlaubsgruppen&#8220;, egal ob sie eigenst\u00e4ndig sind oder von Reiseagenturen koordiniert werden. Unsere Anlage hei\u00dft Vereinigungen, CRAL oder Agenturen herzlich willkommen und bietet die Flexibilit\u00e4t und den Komfort von speziell ausgestatteten Apartments, um einen unabh\u00e4ngigen und entspannenden Aufenthalt zu gew\u00e4hrleisten. Der Vorteil eines gro\u00dfen Parkplatzes ist ein nicht zu untersch\u00e4tzendes Plus f\u00fcr Gruppen jeder Gr\u00f6\u00dfe und erleichtert die Organisation von Ausfl\u00fcgen und Aktivit\u00e4ten in der Region. Dar\u00fcber hinaus zeichnet sich das Residence Marina Salivoli durch sein gastronomisches Angebot aus, das an die Bed\u00fcrfnisse jeder Gruppe angepasst werden kann: von einem einfachen Fr\u00fchst\u00fcck bis hin zu Halbpensions- oder Vollpensionsm\u00f6glichkeiten.[\/vc_column_text][\/vc_column][vc_column width=&#8220;1\/2&#8243;][vc_single_image image=&#8220;3521&#8243; img_size=&#8220;full&#8220; alignment=&#8220;center&#8220;][\/vc_column][\/vc_row][vc_row][vc_column width=&#8220;1\/2&#8243;][vc_single_image image=&#8220;3529&#8243; img_size=&#8220;full&#8220; alignment=&#8220;center&#8220;][\/vc_column][vc_column width=&#8220;1\/2&#8243;][vc_column_text el_class=&#8220;var1&#8243;]<\/p>\n<h3 style=\"text-align: center;\"><strong>Schulausfl\u00fcge<\/strong><\/h3>\n<p>[\/vc_column_text][vc_column_text]Das Residence Marina Salivoli etabliert sich als bevorzugte Destination f\u00fcr Schulausfl\u00fcge und bietet eine sichere und anregende Umgebung, in der Geschichte und Lernen mit Spa\u00df verschmelzen. In kurzer Entfernung zum Arch\u00e4ologischen Museum von Piombino gelegen, erm\u00f6glicht es den Sch\u00fclern, in die Tiefen der etruskischen Geschichte einzutauchen, umgeben von antiken Funden und jahrtausendealten Geschichten. Die nahen arch\u00e4ologischen Gebiete von Baratti und Populonia mit ihrer faszinierenden Akropolis und Nekropolis bieten ein Freiluftklassenzimmer, in dem Geschichte lebendig wird. Das Residence ist ebenfalls der ideale Ausgangspunkt, um die Parks des Val di Cornia zu erkunden, wo die Natur auf die Zeugnisse alter Zivilisationen trifft.[\/vc_column_text][\/vc_column][\/vc_row][vc_row][vc_column width=&#8220;1\/2&#8243;][vc_column_text el_class=&#8220;var1&#8243;]<\/p>\n<h3 style=\"text-align: center;\"><strong>Sportgruppen<\/strong><\/h3>\n<p>[\/vc_column_text][vc_column_text]Das Residence Marina Salivoli best\u00e4tigt sich als der perfekte Treffpunkt f\u00fcr Sportgruppen jeder Disziplin, einschlie\u00dflich der Fans von Wassersportarten. Dank der N\u00e4he zum Yachthafen finden Liebhaber des Segelns, Windsurfens, Kitesurfens und Tauchens in unserem Residence nicht nur eine g\u00fcnstige, sondern auch strategisch g\u00fcnstig gelegene Unterkunft f\u00fcr schnellen Zugang zu Aktivit\u00e4ten auf dem Meer. Die kristallklaren Gew\u00e4sser und erstklassigen Hafenanlagen steigern das Sporterlebnis und erleichtern die Organisation von Gruppenausfl\u00fcgen, Kursen und Trainingseinheiten im Wasser. Ob Ihre Leidenschaft der Leichtathletik, dem Wandern auf H\u00fcgelwegen, dem Wellenreiten oder der Ruhe des Schwimmbeckens gilt, Marina Salivoli ist Ihr Ausgangspunkt f\u00fcr ein unvergleichliches Sportabenteuer, mit dem Versprechen einer komfortablen und erfrischenden Ruhe nach jedem intensiven Tag.[\/vc_column_text][\/vc_column][vc_column width=&#8220;1\/2&#8243;][vc_single_image image=&#8220;3538&#8243; img_size=&#8220;full&#8220; alignment=&#8220;center&#8220;][\/vc_column][\/vc_row][vc_row][vc_column][vc_empty_space][vc_column_text]<\/p>\n<h3 style=\"text-align: center;\">Fordern Sie ein kostenloses Angebot f\u00fcr Ihre Gruppe an<\/h3>\n<p>[\/vc_column_text][vc_empty_space]\n<div class=\"wpcf7 no-js\" id=\"wpcf7-f3458-o1\" lang=\"it-IT\" dir=\"ltr\">\n<div class=\"screen-reader-response\"><p role=\"status\" aria-live=\"polite\" aria-atomic=\"true\"><\/p> <ul><\/ul><\/div>\n<form action=\"\/de\/wp-json\/wp\/v2\/pages\/3553#wpcf7-f3458-o1\" method=\"post\" class=\"wpcf7-form init wpcf7-acceptance-as-validation\" aria-label=\"Modulo di contatto\" novalidate=\"novalidate\" data-status=\"init\">\n<div style=\"display: none;\">\n<input type=\"hidden\" name=\"_wpcf7\" value=\"3458\" \/>\n<input type=\"hidden\" name=\"_wpcf7_version\" value=\"5.8.5\" \/>\n<input type=\"hidden\" name=\"_wpcf7_locale\" value=\"it_IT\" \/>\n<input type=\"hidden\" name=\"_wpcf7_unit_tag\" value=\"wpcf7-f3458-o1\" \/>\n<input type=\"hidden\" name=\"_wpcf7_container_post\" value=\"0\" \/>\n<input type=\"hidden\" name=\"_wpcf7_posted_data_hash\" value=\"\" \/>\n<\/div>\n<div class=\"vc_row \">\n\t<div class=\"wpb_column vc_column_container vc_col-sm-6\">\n\t\t<div class=\"vc_column-inner\">\n\t\t\t<p><label for=\"nome\">Vorname *<\/label><span class=\"wpcf7-form-control-wrap\" data-name=\"nome\"><input size=\"40\" class=\"wpcf7-form-control wpcf7-text wpcf7-validates-as-required form-control\" id=\"nome\" aria-required=\"true\" aria-invalid=\"false\" value=\"\" type=\"text\" name=\"nome\" \/><\/span>\n\t\t\t<\/p>\n\t\t<\/div>\n\t<\/div>\n\t<div class=\"wpb_column vc_column_container vc_col-sm-6\">\n\t\t<div class=\"vc_column-inner\">\n\t\t\t<p><label for=\"cognome\">Nachname *<\/label><span class=\"wpcf7-form-control-wrap\" data-name=\"cognome\"><input size=\"40\" class=\"wpcf7-form-control wpcf7-text wpcf7-validates-as-required form-control\" id=\"cognome\" aria-required=\"true\" aria-invalid=\"false\" value=\"\" type=\"text\" name=\"cognome\" \/><\/span>\n\t\t\t<\/p>\n\t\t<\/div>\n\t<\/div>\n\t<div class=\"wpb_column vc_column_container vc_col-sm-6\">\n\t\t<div class=\"vc_column-inner\">\n\t\t\t<p><label for=\"azienda\">Unternehmen\/Agentur <\/label><span class=\"wpcf7-form-control-wrap\" data-name=\"azienda\"><input size=\"40\" class=\"wpcf7-form-control wpcf7-text form-control\" aria-invalid=\"false\" value=\"\" type=\"text\" name=\"azienda\" \/><\/span>\n\t\t\t<\/p>\n\t\t<\/div>\n\t<\/div>\n\t<div class=\"wpb_column vc_column_container vc_col-sm-6\">\n\t\t<div class=\"vc_column-inner\">\n\t\t\t<p><label for=\"email\">E-Mail *<\/label><span class=\"wpcf7-form-control-wrap\" data-name=\"email\"><input size=\"40\" class=\"wpcf7-form-control wpcf7-email wpcf7-validates-as-required wpcf7-text wpcf7-validates-as-email form-control\" id=\"email\" aria-required=\"true\" aria-invalid=\"false\" value=\"\" type=\"email\" name=\"email\" \/><\/span>\n\t\t\t<\/p>\n\t\t<\/div>\n\t<\/div>\n\t<div class=\"wpb_column vc_column_container vc_col-sm-6\">\n\t\t<div class=\"vc_column-inner\">\n\t\t\t<p><label for=\"telefono\"> Telefon *<\/label><span class=\"wpcf7-form-control-wrap\" data-name=\"telefono\"><input size=\"40\" class=\"wpcf7-form-control wpcf7-text wpcf7-validates-as-required form-control\" id=\"telefono\" aria-required=\"true\" aria-invalid=\"false\" value=\"\" type=\"text\" name=\"telefono\" \/><\/span>\n\t\t\t<\/p>\n\t\t<\/div>\n\t<\/div>\n\t<div class=\"wpb_column vc_column_container vc_col-sm-6\">\n\t\t<div class=\"vc_column-inner\">\n\t\t\t<p><label for=\"date-126\">Veranstaltungsdatum<br \/>\n<\/label><span class=\"wpcf7-form-control-wrap\" data-name=\"date-126\"><input class=\"wpcf7-form-control wpcf7-date wpcf7-validates-as-date form-control\" id=\"date-126\" aria-invalid=\"false\" value=\"\" type=\"date\" name=\"date-126\" \/><\/span>\n\t\t\t<\/p>\n\t\t<\/div>\n\t<\/div>\n\t<div class=\"wpb_column vc_column_container vc_col-sm-6\">\n\t\t<div class=\"vc_column-inner\">\n\t\t\t<p><label for=\"notti\">N\u00e4chte<\/label><span class=\"wpcf7-form-control-wrap\" data-name=\"notti\"><input class=\"wpcf7-form-control wpcf7-number wpcf7-validates-as-number form-control\" id=\"notti\" aria-invalid=\"false\" value=\"\" type=\"number\" name=\"notti\" \/><\/span>\n\t\t\t<\/p>\n\t\t<\/div>\n\t<\/div>\n\t<div class=\"wpb_column vc_column_container vc_col-sm-6\">\n\t\t<div class=\"vc_column-inner\">\n\t\t\t<p><label for=\"ospiti\">Personen<\/label><span class=\"wpcf7-form-control-wrap\" data-name=\"ospiti\"><input size=\"40\" class=\"wpcf7-form-control wpcf7-text form-control\" id=\"ospiti\" aria-invalid=\"false\" value=\"\" type=\"text\" name=\"ospiti\" \/><\/span>\n\t\t\t<\/p>\n\t\t<\/div>\n\t<\/div>\n\t<div class=\"wpb_column vc_column_container vc_col-sm-12\">\n\t\t<div class=\"vc_column-inner\">\n\t\t\t<p><label for=\"richiesta\">Text<\/label><span class=\"wpcf7-form-control-wrap\" data-name=\"richiesta\"><textarea cols=\"40\" rows=\"4\" class=\"wpcf7-form-control wpcf7-textarea wpcf7-validates-as-required form-control\" id=\"richiesta\" aria-required=\"true\" aria-invalid=\"false\" name=\"richiesta\"><\/textarea><\/span>\n\t\t\t<\/p>\n\t\t<\/div>\n\t<\/div>\n\t<div class=\"wpb_column vc_column_container vc_col-sm-12\">\n\t\t<div class=\"vc_column-inner\">\n\t\t\t<p><span class=\"wpcf7-form-control-wrap\" data-name=\"privacy\"><span class=\"wpcf7-form-control wpcf7-acceptance\"><span class=\"wpcf7-list-item\"><label><input type=\"checkbox\" name=\"privacy\" value=\"1\" class=\"check\" aria-invalid=\"false\" \/><span class=\"wpcf7-list-item-label\">Ich stimme der Verarbeitung meiner pers\u00f6nlichen Daten zu<\/span><\/label><\/span><\/span><\/span><small>(<a href=\"https:\/\/www.iubenda.com\/privacy-policy\/32024277\/\" class=\"iubenda-nostyle no-brand iubenda-noiframe iubenda-embed iub-legal-only iubenda-noiframe \" title=\"Privacy Policy \">Privacy Policy<\/a><script type=\"text\/javascript\">(function (w,d) {var loader = function () {var s = d.createElement(\"script\"), tag = d.getElementsByTagName(\"script\")[0]; s.src=\"https:\/\/cdn.iubenda.com\/iubenda.js\"; tag.parentNode.insertBefore(s,tag);}; if(w.addEventListener){w.addEventListener(\"load\", loader, false);}else if(w.attachEvent){w.attachEvent(\"onload\", loader);}else{w.onload = loader;}})(window, document);<\/script>)<\/small><br \/>\n<input class=\"wpcf7-form-control wpcf7-submit has-spinner\" type=\"submit\" value=\"Anfrage Senden\" \/>\n\t\t\t<\/p>\n\t\t<\/div>\n\t<\/div>\n<\/div><div class=\"wpcf7-response-output\" aria-hidden=\"true\"><\/div>\n<\/form>\n<\/div>\n[vc_empty_space][\/vc_column][\/vc_row]<\/p>\n<\/section>","protected":false},"excerpt":{"rendered":"<p>[vc_row][vc_column][vc_column_text el_class=&#8220;var1&#8243;] Gruppi Vacanza Toscana Mare [\/vc_column_text][vc_column_text]Situato nel cuore della pittoresca Costa degli Etruschi, il Residence Marina Salivoli si erge come la destinazione ideale per soggiorni di gruppo di ogni tipo. Che si tratti di vacanze leisure, viaggi di affari, eventi sportivi o gite scolastiche, il nostro residence offre una perfetta combinazione di comfort, servizi<\/p>\n<a href=\"https:\/\/www.marinasalivoli.it\/de\/gruppenurlaub-in-der-toskana-meer\/\" class=\"sohohotel-more-link\">Read More<\/a>","protected":false},"author":4,"featured_media":1377,"parent":0,"menu_order":0,"comment_status":"closed","ping_status":"closed","template":"","meta":{"inline_featured_image":false,"footnotes":""},"class_list":["post-3553","page","type-page","status-publish","has-post-thumbnail","hentry"],"yoast_head":"<!-- This site is optimized with the Yoast SEO plugin v21.8 - https:\/\/yoast.com\/wordpress\/plugins\/seo\/ -->\n<title>Gruppenurlaub in der Toskana Meer - Marina Salivoli<\/title>\n<meta name=\"description\" content=\"\u00dcbernachten Sie im Residence Marina Salivoli an der Etruskerk\u00fcste in der Toskana, ideal f\u00fcr Urlaubsgruppen, Ausfl\u00fcge und Sportgruppen.\" \/>\n<meta name=\"robots\" content=\"index, follow, max-snippet:-1, max-image-preview:large, max-video-preview:-1\" \/>\n<link rel=\"canonical\" href=\"https:\/\/www.marinasalivoli.it\/de\/gruppenurlaub-in-der-toskana-meer\/\" \/>\n<meta property=\"og:locale\" content=\"de_DE\" \/>\n<meta property=\"og:type\" content=\"article\" \/>\n<meta property=\"og:title\" content=\"Gruppenurlaub in der Toskana Meer - Marina Salivoli\" \/>\n<meta property=\"og:description\" content=\"\u00dcbernachten Sie im Residence Marina Salivoli an der Etruskerk\u00fcste in der Toskana, ideal f\u00fcr Urlaubsgruppen, Ausfl\u00fcge und Sportgruppen.\" \/>\n<meta property=\"og:url\" content=\"https:\/\/www.marinasalivoli.it\/de\/gruppenurlaub-in-der-toskana-meer\/\" \/>\n<meta property=\"og:site_name\" content=\"Residence Marina Salivoli\" \/>\n<meta property=\"article:modified_time\" content=\"2023-11-15T11:48:13+00:00\" \/>\n<meta property=\"og:image\" content=\"https:\/\/www.marinasalivoli.it\/wp-content\/uploads\/2023\/03\/testate-marina-salivoli.png\" \/>\n\t<meta property=\"og:image:width\" content=\"1920\" \/>\n\t<meta property=\"og:image:height\" content=\"405\" \/>\n\t<meta property=\"og:image:type\" content=\"image\/png\" \/>\n<meta name=\"twitter:card\" content=\"summary_large_image\" \/>\n<meta name=\"twitter:label1\" content=\"Gesch\u00e4tzte Lesezeit\" \/>\n\t<meta name=\"twitter:data1\" content=\"3\u00a0Minuten\" \/>\n<script type=\"application\/ld+json\" class=\"yoast-schema-graph\">{\"@context\":\"https:\/\/schema.org\",\"@graph\":[{\"@type\":\"WebPage\",\"@id\":\"https:\/\/www.marinasalivoli.it\/de\/gruppenurlaub-in-der-toskana-meer\/\",\"url\":\"https:\/\/www.marinasalivoli.it\/de\/gruppenurlaub-in-der-toskana-meer\/\",\"name\":\"Gruppenurlaub in der Toskana Meer - Marina Salivoli\",\"isPartOf\":{\"@id\":\"https:\/\/www.marinasalivoli.it\/de\/#website\"},\"datePublished\":\"2023-11-14T08:02:57+00:00\",\"dateModified\":\"2023-11-15T11:48:13+00:00\",\"description\":\"\u00dcbernachten Sie im Residence Marina Salivoli an der Etruskerk\u00fcste in der Toskana, ideal f\u00fcr Urlaubsgruppen, Ausfl\u00fcge und Sportgruppen.\",\"breadcrumb\":{\"@id\":\"https:\/\/www.marinasalivoli.it\/de\/gruppenurlaub-in-der-toskana-meer\/#breadcrumb\"},\"inLanguage\":\"de\",\"potentialAction\":[{\"@type\":\"ReadAction\",\"target\":[\"https:\/\/www.marinasalivoli.it\/de\/gruppenurlaub-in-der-toskana-meer\/\"]}]},{\"@type\":\"BreadcrumbList\",\"@id\":\"https:\/\/www.marinasalivoli.it\/de\/gruppenurlaub-in-der-toskana-meer\/#breadcrumb\",\"itemListElement\":[{\"@type\":\"ListItem\",\"position\":1,\"name\":\"Home\",\"item\":\"https:\/\/www.marinasalivoli.it\/de\/\"},{\"@type\":\"ListItem\",\"position\":2,\"name\":\"Gruppenurlaub in der Toskana Meer\"}]},{\"@type\":\"WebSite\",\"@id\":\"https:\/\/www.marinasalivoli.it\/de\/#website\",\"url\":\"https:\/\/www.marinasalivoli.it\/de\/\",\"name\":\"Residence Marina Salivoli\",\"description\":\"Residence sul mare in Toscana\",\"potentialAction\":[{\"@type\":\"SearchAction\",\"target\":{\"@type\":\"EntryPoint\",\"urlTemplate\":\"https:\/\/www.marinasalivoli.it\/de\/?s={search_term_string}\"},\"query-input\":\"required name=search_term_string\"}],\"inLanguage\":\"de\"}]}<\/script>\n<!-- \/ Yoast SEO plugin. -->","yoast_head_json":{"title":"Gruppenurlaub in der Toskana Meer - Marina Salivoli","description":"\u00dcbernachten Sie im Residence Marina Salivoli an der Etruskerk\u00fcste in der Toskana, ideal f\u00fcr Urlaubsgruppen, Ausfl\u00fcge und Sportgruppen.","robots":{"index":"index","follow":"follow","max-snippet":"max-snippet:-1","max-image-preview":"max-image-preview:large","max-video-preview":"max-video-preview:-1"},"canonical":"https:\/\/www.marinasalivoli.it\/de\/gruppenurlaub-in-der-toskana-meer\/","og_locale":"de_DE","og_type":"article","og_title":"Gruppenurlaub in der Toskana Meer - Marina Salivoli","og_description":"\u00dcbernachten Sie im Residence Marina Salivoli an der Etruskerk\u00fcste in der Toskana, ideal f\u00fcr Urlaubsgruppen, Ausfl\u00fcge und Sportgruppen.","og_url":"https:\/\/www.marinasalivoli.it\/de\/gruppenurlaub-in-der-toskana-meer\/","og_site_name":"Residence Marina Salivoli","article_modified_time":"2023-11-15T11:48:13+00:00","og_image":[{"width":1920,"height":405,"url":"https:\/\/www.marinasalivoli.it\/wp-content\/uploads\/2023\/03\/testate-marina-salivoli.png","type":"image\/png"}],"twitter_card":"summary_large_image","twitter_misc":{"Gesch\u00e4tzte Lesezeit":"3\u00a0Minuten"},"schema":{"@context":"https:\/\/schema.org","@graph":[{"@type":"WebPage","@id":"https:\/\/www.marinasalivoli.it\/de\/gruppenurlaub-in-der-toskana-meer\/","url":"https:\/\/www.marinasalivoli.it\/de\/gruppenurlaub-in-der-toskana-meer\/","name":"Gruppenurlaub in der Toskana Meer - Marina Salivoli","isPartOf":{"@id":"https:\/\/www.marinasalivoli.it\/de\/#website"},"datePublished":"2023-11-14T08:02:57+00:00","dateModified":"2023-11-15T11:48:13+00:00","description":"\u00dcbernachten Sie im Residence Marina Salivoli an der Etruskerk\u00fcste in der Toskana, ideal f\u00fcr Urlaubsgruppen, Ausfl\u00fcge und Sportgruppen.","breadcrumb":{"@id":"https:\/\/www.marinasalivoli.it\/de\/gruppenurlaub-in-der-toskana-meer\/#breadcrumb"},"inLanguage":"de","potentialAction":[{"@type":"ReadAction","target":["https:\/\/www.marinasalivoli.it\/de\/gruppenurlaub-in-der-toskana-meer\/"]}]},{"@type":"BreadcrumbList","@id":"https:\/\/www.marinasalivoli.it\/de\/gruppenurlaub-in-der-toskana-meer\/#breadcrumb","itemListElement":[{"@type":"ListItem","position":1,"name":"Home","item":"https:\/\/www.marinasalivoli.it\/de\/"},{"@type":"ListItem","position":2,"name":"Gruppenurlaub in der Toskana Meer"}]},{"@type":"WebSite","@id":"https:\/\/www.marinasalivoli.it\/de\/#website","url":"https:\/\/www.marinasalivoli.it\/de\/","name":"Residence Marina Salivoli","description":"Residence sul mare in Toscana","potentialAction":[{"@type":"SearchAction","target":{"@type":"EntryPoint","urlTemplate":"https:\/\/www.marinasalivoli.it\/de\/?s={search_term_string}"},"query-input":"required name=search_term_string"}],"inLanguage":"de"}]}},"_links":{"self":[{"href":"https:\/\/www.marinasalivoli.it\/de\/wp-json\/wp\/v2\/pages\/3553","targetHints":{"allow":["GET"]}}],"collection":[{"href":"https:\/\/www.marinasalivoli.it\/de\/wp-json\/wp\/v2\/pages"}],"about":[{"href":"https:\/\/www.marinasalivoli.it\/de\/wp-json\/wp\/v2\/types\/page"}],"author":[{"embeddable":true,"href":"https:\/\/www.marinasalivoli.it\/de\/wp-json\/wp\/v2\/users\/4"}],"replies":[{"embeddable":true,"href":"https:\/\/www.marinasalivoli.it\/de\/wp-json\/wp\/v2\/comments?post=3553"}],"version-history":[{"count":5,"href":"https:\/\/www.marinasalivoli.it\/de\/wp-json\/wp\/v2\/pages\/3553\/revisions"}],"predecessor-version":[{"id":3562,"href":"https:\/\/www.marinasalivoli.it\/de\/wp-json\/wp\/v2\/pages\/3553\/revisions\/3562"}],"wp:featuredmedia":[{"embeddable":true,"href":"https:\/\/www.marinasalivoli.it\/de\/wp-json\/wp\/v2\/media\/1377"}],"wp:attachment":[{"href":"https:\/\/www.marinasalivoli.it\/de\/wp-json\/wp\/v2\/media?parent=3553"}],"curies":[{"name":"wp","href":"https:\/\/api.w.org\/{rel}","templated":true}]}}