{"id":4751,"date":"2025-10-13T14:36:05","date_gmt":"2025-10-13T12:36:05","guid":{"rendered":"https:\/\/www.marinasalivoli.it\/live-webcam\/"},"modified":"2025-10-21T19:17:30","modified_gmt":"2025-10-21T17:17:30","slug":"live-webcam","status":"publish","type":"page","link":"https:\/\/www.marinasalivoli.it\/de\/live-webcam\/","title":{"rendered":"Live Webcam"},"content":{"rendered":"<section class=\"wpb-content-wrapper\"><p>[vc_row][vc_column][vc_column_text el_class=&#8220;var1&#8243;]<\/p>\n<h2 style=\"text-align: center;\"><strong>Webcam<\/strong><\/h2>\n<p>[\/vc_column_text][vc_single_image source=&#8220;external_link&#8220; alignment=&#8220;center&#8220; custom_src=&#8220;https:\/\/www.oltreleali.org\/webcam\/wcamSalivoli_join.webp&#8220; el_id=&#8220;webcam&#8220;][vc_raw_html]JTNDc2NyaXB0JTIwdHlwZSUzRCUyMnRleHQlMkZqYXZhc2NyaXB0JTIyJTNFJTBBZG9jdW1lbnQuYWRkRXZlbnRMaXN0ZW5lciUyOCUyMkRPTUNvbnRlbnRMb2FkZWQlMjIlMkMlMjBmdW5jdGlvbiUyOCUyOSUyMCU3QiUwQWNvbnNvbGUubG9nJTI4JTIydGVzdCUyMiUyOSUzQiUwQSUyMCUyMGNvbnN0JTIwY29udGFpbmVyJTIwJTNEJTIwZG9jdW1lbnQuZ2V0RWxlbWVudEJ5SWQlMjglMjJ3ZWJjYW0lMjIlMjklM0IlMEElMjAlMjBjb25zdCUyMGltZyUyMCUzRCUyMGNvbnRhaW5lciUyMCUzRiUyMGNvbnRhaW5lci5xdWVyeVNlbGVjdG9yJTI4JTIyaW1nJTIyJTI5JTIwJTNBJTIwbnVsbCUzQiUwQSUyMCUyMGlmJTIwJTI4aW1nJTI5JTIwJTdCJTBBJTIwJTIwJTIwJTIwY29uc3QlMjB1cmwlMjAlM0QlMjBuZXclMjBVUkwlMjhpbWcuc3JjJTJDJTIwd2luZG93LmxvY2F0aW9uLmhyZWYlMjklM0IlMEElMjAlMjAlMjAlMjB1cmwuc2VhcmNoUGFyYW1zLnNldCUyOCUyMnIlMjIlMkMlMjBNYXRoLnJhbmRvbSUyOCUyOSUyOSUzQiUwQSUyMCUyMCUyMCUyMGltZy5zcmMlMjAlM0QlMjB1cmwudG9TdHJpbmclMjglMjklM0IlMEElMjAlMjAlN0QlMEElN0QlMjklM0IlMEElM0MlMkZzY3JpcHQlM0U=[\/vc_raw_html][vc_empty_space][vc_column_text]Das obige Bild wird automatisch alle 15 Minuten aufgenommen und ist keine Live\u00fcbertragung; das Ger\u00e4t zeichnet keine Videos auf, speichert keine Fotos, und der Bildausschnitt sowie die Aufl\u00f6sung sind so gew\u00e4hlt, dass weder eventuell erfasste Personen noch die Kennzeichen von Fahrzeugen oder Booten identifiziert werden k\u00f6nnen. Der einzige Zweck des Bildes besteht darin, die Wetter- und Meeresbedingungen im Gebiet von Salivoli zu \u00fcberpr\u00fcfen, da es sich um ein m\u00f6gliches Reiseziel handelt. Es besteht keinerlei Absicht, Aspekte im Zusammenhang mit dem Schutz des Kulturerbes oder der Sicherheit zu erfassen, sondern ausschlie\u00dflich Elemente darzustellen, die dabei helfen k\u00f6nnen, den Wunsch zu entwickeln, den Ort zu besuchen und dort einige Zeit zu verbringen.[\/vc_column_text][\/vc_column][\/vc_row][vc_row disable_element=&#8220;yes&#8220;][vc_column][vc_empty_space][vc_column_text]<\/p>\n<article class=\"text-token-text-primary w-full focus:outline-none [--shadow-height:45px] has-data-writing-block:pointer-events-none has-data-writing-block:-mt-(--shadow-height) has-data-writing-block:pt-(--shadow-height) [&amp;:has([data-writing-block])&gt;*]:pointer-events-auto [content-visibility:auto] supports-[content-visibility:auto]:[contain-intrinsic-size:auto_100lvh] scroll-mt-[calc(var(--header-height)+min(200px,max(70px,20svh)))]\" dir=\"auto\" tabindex=\"-1\" data-turn-id=\"request-WEB:b6eaee34-32ff-4ff9-94e9-216d0442a550-6\" data-testid=\"conversation-turn-14\" data-scroll-anchor=\"true\" data-turn=\"assistant\">\n<div class=\"text-base my-auto mx-auto pb-10 [--thread-content-margin:--spacing(4)] thread-sm:[--thread-content-margin:--spacing(6)] thread-lg:[--thread-content-margin:--spacing(16)] px-(--thread-content-margin)\">\n<div class=\"[--thread-content-max-width:40rem] thread-lg:[--thread-content-max-width:48rem] mx-auto max-w-(--thread-content-max-width) flex-1 group\/turn-messages focus-visible:outline-hidden relative flex w-full min-w-0 flex-col agent-turn\" tabindex=\"-1\">\n<div class=\"flex max-w-full flex-col grow\">\n<div class=\"min-h-8 text-message relative flex w-full flex-col items-end gap-2 text-start break-words whitespace-normal [.text-message+&amp;]:mt-1\" dir=\"auto\" data-message-author-role=\"assistant\" data-message-id=\"d2323664-1f41-42e1-a6ba-c76e8296bbbe\" data-message-model-slug=\"gpt-5\">\n<div class=\"flex w-full flex-col gap-1 empty:hidden first:pt-[1px]\">\n<div class=\"markdown prose dark:prose-invert w-full break-words dark markdown-new-styling\">\n<h3 style=\"text-align: center;\" data-start=\"0\" data-end=\"33\"><strong data-start=\"0\" data-end=\"33\" data-is-last-node=\"\" data-is-only-node=\"\">Kostenloses Angebot anfordern<\/strong><\/h3>\n<\/div>\n<\/div>\n<\/div>\n<\/div>\n<div class=\"z-0 flex min-h-[46px] justify-start\"><\/div>\n<div class=\"mt-3 w-full empty:hidden\">\n<div class=\"text-center\"><\/div>\n<\/div>\n<\/div>\n<\/div>\n<\/article>\n<div class=\"pointer-events-none h-px w-px\" aria-hidden=\"true\" data-edge=\"true\"><\/div>\n<p>[\/vc_column_text][vc_empty_space]\n<div class=\"wpcf7 no-js\" id=\"wpcf7-f3439-o1\" lang=\"it-IT\" dir=\"ltr\">\n<div class=\"screen-reader-response\"><p role=\"status\" aria-live=\"polite\" aria-atomic=\"true\"><\/p> <ul><\/ul><\/div>\n<form action=\"\/de\/wp-json\/wp\/v2\/pages\/4751#wpcf7-f3439-o1\" method=\"post\" class=\"wpcf7-form init wpcf7-acceptance-as-validation\" aria-label=\"Modulo di contatto\" novalidate=\"novalidate\" data-status=\"init\">\n<div style=\"display: none;\">\n<input type=\"hidden\" name=\"_wpcf7\" value=\"3439\" \/>\n<input type=\"hidden\" name=\"_wpcf7_version\" value=\"5.8.5\" \/>\n<input type=\"hidden\" name=\"_wpcf7_locale\" value=\"it_IT\" \/>\n<input type=\"hidden\" name=\"_wpcf7_unit_tag\" value=\"wpcf7-f3439-o1\" \/>\n<input type=\"hidden\" name=\"_wpcf7_container_post\" value=\"0\" \/>\n<input type=\"hidden\" name=\"_wpcf7_posted_data_hash\" value=\"\" \/>\n<\/div>\n<div class=\"vc_row \">\n\t<div class=\"wpb_column vc_column_container vc_col-sm-6\">\n\t\t<div class=\"vc_column-inner\">\n\t\t\t<p><label for=\"nome\">Nome *<\/label><span class=\"wpcf7-form-control-wrap\" data-name=\"nome\"><input size=\"40\" class=\"wpcf7-form-control wpcf7-text wpcf7-validates-as-required form-control\" id=\"nome\" aria-required=\"true\" aria-invalid=\"false\" value=\"\" type=\"text\" name=\"nome\" \/><\/span>\n\t\t\t<\/p>\n\t\t<\/div>\n\t<\/div>\n\t<div class=\"wpb_column vc_column_container vc_col-sm-6\">\n\t\t<div class=\"vc_column-inner\">\n\t\t\t<p><label for=\"cognome\">Cognome *<\/label><span class=\"wpcf7-form-control-wrap\" data-name=\"cognome\"><input size=\"40\" class=\"wpcf7-form-control wpcf7-text wpcf7-validates-as-required form-control\" id=\"cognome\" aria-required=\"true\" aria-invalid=\"false\" value=\"\" type=\"text\" name=\"cognome\" \/><\/span>\n\t\t\t<\/p>\n\t\t<\/div>\n\t<\/div>\n\t<div class=\"wpb_column vc_column_container vc_col-sm-6\">\n\t\t<div class=\"vc_column-inner\">\n\t\t\t<p><label for=\"azienda\">Azienda\/Agenzia <\/label><span class=\"wpcf7-form-control-wrap\" data-name=\"azienda\"><input size=\"40\" class=\"wpcf7-form-control wpcf7-text form-control\" aria-invalid=\"false\" value=\"\" type=\"text\" name=\"azienda\" \/><\/span>\n\t\t\t<\/p>\n\t\t<\/div>\n\t<\/div>\n\t<div class=\"wpb_column vc_column_container vc_col-sm-6\">\n\t\t<div class=\"vc_column-inner\">\n\t\t\t<p><label for=\"email\">Posta Elettronica *<\/label><span class=\"wpcf7-form-control-wrap\" data-name=\"email\"><input size=\"40\" class=\"wpcf7-form-control wpcf7-email wpcf7-validates-as-required wpcf7-text wpcf7-validates-as-email form-control\" id=\"email\" aria-required=\"true\" aria-invalid=\"false\" value=\"\" type=\"email\" name=\"email\" \/><\/span>\n\t\t\t<\/p>\n\t\t<\/div>\n\t<\/div>\n\t<div class=\"wpb_column vc_column_container vc_col-sm-6\">\n\t\t<div class=\"vc_column-inner\">\n\t\t\t<p><label for=\"telefono\">Recapito Telefonico *<\/label><span class=\"wpcf7-form-control-wrap\" data-name=\"telefono\"><input size=\"40\" class=\"wpcf7-form-control wpcf7-text wpcf7-validates-as-required form-control\" id=\"telefono\" aria-required=\"true\" aria-invalid=\"false\" value=\"\" type=\"text\" name=\"telefono\" \/><\/span>\n\t\t\t<\/p>\n\t\t<\/div>\n\t<\/div>\n\t<div class=\"wpb_column vc_column_container vc_col-sm-6\">\n\t\t<div class=\"vc_column-inner\">\n\t\t\t<p><label for=\"date-126\">Data Evento<\/label><span class=\"wpcf7-form-control-wrap\" data-name=\"date-126\"><input class=\"wpcf7-form-control wpcf7-date wpcf7-validates-as-date form-control\" aria-invalid=\"false\" value=\"\" type=\"date\" name=\"date-126\" \/><\/span>\n\t\t\t<\/p>\n\t\t<\/div>\n\t<\/div>\n\t<div class=\"wpb_column vc_column_container vc_col-sm-6\">\n\t\t<div class=\"vc_column-inner\">\n\t\t\t<p><label for=\"notti\">Notti<\/label><span class=\"wpcf7-form-control-wrap\" data-name=\"notti\"><input class=\"wpcf7-form-control wpcf7-number wpcf7-validates-as-number form-control\" id=\"notti\" aria-invalid=\"false\" value=\"\" type=\"number\" name=\"notti\" \/><\/span>\n\t\t\t<\/p>\n\t\t<\/div>\n\t<\/div>\n\t<div class=\"wpb_column vc_column_container vc_col-sm-6\">\n\t\t<div class=\"vc_column-inner\">\n\t\t\t<p><label for=\"ospiti\">Numero Ospiti<\/label><span class=\"wpcf7-form-control-wrap\" data-name=\"ospiti\"><input size=\"40\" class=\"wpcf7-form-control wpcf7-text form-control\" id=\"ospiti\" aria-invalid=\"false\" value=\"\" type=\"text\" name=\"ospiti\" \/><\/span>\n\t\t\t<\/p>\n\t\t<\/div>\n\t<\/div>\n\t<div class=\"wpb_column vc_column_container vc_col-sm-12\">\n\t\t<div class=\"vc_column-inner\">\n\t\t\t<p><label for=\"richiesta\">Richiesta<\/label><span class=\"wpcf7-form-control-wrap\" data-name=\"richiesta\"><textarea cols=\"40\" rows=\"4\" class=\"wpcf7-form-control wpcf7-textarea wpcf7-validates-as-required form-control\" id=\"richiesta\" aria-required=\"true\" aria-invalid=\"false\" name=\"richiesta\"><\/textarea><\/span>\n\t\t\t<\/p>\n\t\t<\/div>\n\t<\/div>\n\t<div class=\"wpb_column vc_column_container vc_col-sm-12\">\n\t\t<div class=\"vc_column-inner\">\n\t\t\t<p><span class=\"wpcf7-form-control-wrap\" data-name=\"privacy\"><span class=\"wpcf7-form-control wpcf7-acceptance\"><span class=\"wpcf7-list-item\"><label><input type=\"checkbox\" name=\"privacy\" value=\"1\" class=\"check\" aria-invalid=\"false\" \/><span class=\"wpcf7-list-item-label\">Acconsento al trattamento dei dati personali<\/span><\/label><\/span><\/span><\/span><small>(<a href=\"https:\/\/www.iubenda.com\/privacy-policy\/32024277\/\" class=\"iubenda-nostyle no-brand iubenda-noiframe iubenda-embed iub-legal-only iubenda-noiframe \" title=\"Privacy Policy \">Privacy Policy<\/a><script type=\"text\/javascript\">(function (w,d) {var loader = function () {var s = d.createElement(\"script\"), tag = d.getElementsByTagName(\"script\")[0]; s.src=\"https:\/\/cdn.iubenda.com\/iubenda.js\"; tag.parentNode.insertBefore(s,tag);}; if(w.addEventListener){w.addEventListener(\"load\", loader, false);}else if(w.attachEvent){w.attachEvent(\"onload\", loader);}else{w.onload = loader;}})(window, document);<\/script>)<\/small><br \/>\n<input class=\"wpcf7-form-control wpcf7-submit has-spinner\" type=\"submit\" value=\"Invia Richiesta\" \/>\n\t\t\t<\/p>\n\t\t<\/div>\n\t<\/div>\n<\/div><div class=\"wpcf7-response-output\" aria-hidden=\"true\"><\/div>\n<\/form>\n<\/div>\n[vc_empty_space][\/vc_column][\/vc_row]<\/p>\n<\/section>","protected":false},"excerpt":{"rendered":"<p>[vc_row][vc_column][vc_column_text el_class=&#8220;var1&#8243;] Webcam [\/vc_column_text][vc_single_image source=&#8220;external_link&#8220; alignment=&#8220;center&#8220; custom_src=&#8220;https:\/\/www.oltreleali.org\/webcam\/wcamSalivoli_join.webp&#8220; el_id=&#8220;webcam&#8220;][vc_raw_html]JTNDc2NyaXB0JTIwdHlwZSUzRCUyMnRleHQlMkZqYXZhc2NyaXB0JTIyJTNFJTBBZG9jdW1lbnQuYWRkRXZlbnRMaXN0ZW5lciUyOCUyMkRPTUNvbnRlbnRMb2FkZWQlMjIlMkMlMjBmdW5jdGlvbiUyOCUyOSUyMCU3QiUwQWNvbnNvbGUubG9nJTI4JTIydGVzdCUyMiUyOSUzQiUwQSUyMCUyMGNvbnN0JTIwY29udGFpbmVyJTIwJTNEJTIwZG9jdW1lbnQuZ2V0RWxlbWVudEJ5SWQlMjglMjJ3ZWJjYW0lMjIlMjklM0IlMEElMjAlMjBjb25zdCUyMGltZyUyMCUzRCUyMGNvbnRhaW5lciUyMCUzRiUyMGNvbnRhaW5lci5xdWVyeVNlbGVjdG9yJTI4JTIyaW1nJTIyJTI5JTIwJTNBJTIwbnVsbCUzQiUwQSUyMCUyMGlmJTIwJTI4aW1nJTI5JTIwJTdCJTBBJTIwJTIwJTIwJTIwY29uc3QlMjB1cmwlMjAlM0QlMjBuZXclMjBVUkwlMjhpbWcuc3JjJTJDJTIwd2luZG93LmxvY2F0aW9uLmhyZWYlMjklM0IlMEElMjAlMjAlMjAlMjB1cmwuc2VhcmNoUGFyYW1zLnNldCUyOCUyMnIlMjIlMkMlMjBNYXRoLnJhbmRvbSUyOCUyOSUyOSUzQiUwQSUyMCUyMCUyMCUyMGltZy5zcmMlMjAlM0QlMjB1cmwudG9TdHJpbmclMjglMjklM0IlMEElMjAlMjAlN0QlMEElN0QlMjklM0IlMEElM0MlMkZzY3JpcHQlM0U=[\/vc_raw_html][vc_empty_space][vc_column_text]Das obige Bild wird automatisch alle 15 Minuten aufgenommen und ist keine Live\u00fcbertragung; das Ger\u00e4t zeichnet keine Videos auf, speichert keine Fotos, und der Bildausschnitt sowie die Aufl\u00f6sung sind so gew\u00e4hlt, dass weder eventuell erfasste Personen noch die Kennzeichen von Fahrzeugen oder Booten identifiziert werden k\u00f6nnen. Der einzige<\/p>\n<a href=\"https:\/\/www.marinasalivoli.it\/de\/live-webcam\/\" class=\"sohohotel-more-link\">Read More<\/a>","protected":false},"author":1,"featured_media":1377,"parent":0,"menu_order":0,"comment_status":"closed","ping_status":"closed","template":"","meta":{"inline_featured_image":false,"footnotes":""},"class_list":["post-4751","page","type-page","status-publish","has-post-thumbnail","hentry"],"yoast_head":"<!-- This site is optimized with the Yoast SEO plugin v21.8 - https:\/\/yoast.com\/wordpress\/plugins\/seo\/ -->\n<title>Webcam Toscana Mare - Marina Salivoli<\/title>\n<meta name=\"robots\" content=\"index, follow, max-snippet:-1, max-image-preview:large, max-video-preview:-1\" \/>\n<link rel=\"canonical\" href=\"https:\/\/www.marinasalivoli.it\/de\/live-webcam\/\" \/>\n<meta property=\"og:locale\" content=\"de_DE\" \/>\n<meta property=\"og:type\" content=\"article\" \/>\n<meta property=\"og:title\" content=\"Webcam Toscana Mare - Marina Salivoli\" \/>\n<meta property=\"og:description\" content=\"[vc_row][vc_column][vc_column_text el_class=&#8220;var1&#8243;] Webcam [\/vc_column_text][vc_single_image source=&#8220;external_link&#8220; alignment=&#8220;center&#8220; custom_src=&#8220;https:\/\/www.oltreleali.org\/webcam\/wcamSalivoli_join.webp&#8220; el_id=&#8220;webcam&#8220;][vc_raw_html]JTNDc2NyaXB0JTIwdHlwZSUzRCUyMnRleHQlMkZqYXZhc2NyaXB0JTIyJTNFJTBBZG9jdW1lbnQuYWRkRXZlbnRMaXN0ZW5lciUyOCUyMkRPTUNvbnRlbnRMb2FkZWQlMjIlMkMlMjBmdW5jdGlvbiUyOCUyOSUyMCU3QiUwQWNvbnNvbGUubG9nJTI4JTIydGVzdCUyMiUyOSUzQiUwQSUyMCUyMGNvbnN0JTIwY29udGFpbmVyJTIwJTNEJTIwZG9jdW1lbnQuZ2V0RWxlbWVudEJ5SWQlMjglMjJ3ZWJjYW0lMjIlMjklM0IlMEElMjAlMjBjb25zdCUyMGltZyUyMCUzRCUyMGNvbnRhaW5lciUyMCUzRiUyMGNvbnRhaW5lci5xdWVyeVNlbGVjdG9yJTI4JTIyaW1nJTIyJTI5JTIwJTNBJTIwbnVsbCUzQiUwQSUyMCUyMGlmJTIwJTI4aW1nJTI5JTIwJTdCJTBBJTIwJTIwJTIwJTIwY29uc3QlMjB1cmwlMjAlM0QlMjBuZXclMjBVUkwlMjhpbWcuc3JjJTJDJTIwd2luZG93LmxvY2F0aW9uLmhyZWYlMjklM0IlMEElMjAlMjAlMjAlMjB1cmwuc2VhcmNoUGFyYW1zLnNldCUyOCUyMnIlMjIlMkMlMjBNYXRoLnJhbmRvbSUyOCUyOSUyOSUzQiUwQSUyMCUyMCUyMCUyMGltZy5zcmMlMjAlM0QlMjB1cmwudG9TdHJpbmclMjglMjklM0IlMEElMjAlMjAlN0QlMEElN0QlMjklM0IlMEElM0MlMkZzY3JpcHQlM0U=[\/vc_raw_html][vc_empty_space][vc_column_text]Das obige Bild wird automatisch alle 15 Minuten aufgenommen und ist keine Live\u00fcbertragung; das Ger\u00e4t zeichnet keine Videos auf, speichert keine Fotos, und der Bildausschnitt sowie die Aufl\u00f6sung sind so gew\u00e4hlt, dass weder eventuell erfasste Personen noch die Kennzeichen von Fahrzeugen oder Booten identifiziert werden k\u00f6nnen. Der einzige\" \/>\n<meta property=\"og:url\" content=\"https:\/\/www.marinasalivoli.it\/de\/live-webcam\/\" \/>\n<meta property=\"og:site_name\" content=\"Residence Marina Salivoli\" \/>\n<meta property=\"article:modified_time\" content=\"2025-10-21T17:17:30+00:00\" \/>\n<meta property=\"og:image\" content=\"https:\/\/www.marinasalivoli.it\/wp-content\/uploads\/2023\/03\/testate-marina-salivoli.png\" \/>\n\t<meta property=\"og:image:width\" content=\"1920\" \/>\n\t<meta property=\"og:image:height\" content=\"405\" \/>\n\t<meta property=\"og:image:type\" content=\"image\/png\" \/>\n<meta name=\"twitter:card\" content=\"summary_large_image\" \/>\n<meta name=\"twitter:label1\" content=\"Gesch\u00e4tzte Lesezeit\" \/>\n\t<meta name=\"twitter:data1\" content=\"1\u00a0Minute\" \/>\n<script type=\"application\/ld+json\" class=\"yoast-schema-graph\">{\"@context\":\"https:\/\/schema.org\",\"@graph\":[{\"@type\":\"WebPage\",\"@id\":\"https:\/\/www.marinasalivoli.it\/de\/live-webcam\/\",\"url\":\"https:\/\/www.marinasalivoli.it\/de\/live-webcam\/\",\"name\":\"Webcam Toscana Mare - Marina Salivoli\",\"isPartOf\":{\"@id\":\"https:\/\/www.marinasalivoli.it\/de\/#website\"},\"datePublished\":\"2025-10-13T12:36:05+00:00\",\"dateModified\":\"2025-10-21T17:17:30+00:00\",\"breadcrumb\":{\"@id\":\"https:\/\/www.marinasalivoli.it\/de\/live-webcam\/#breadcrumb\"},\"inLanguage\":\"de\",\"potentialAction\":[{\"@type\":\"ReadAction\",\"target\":[\"https:\/\/www.marinasalivoli.it\/de\/live-webcam\/\"]}]},{\"@type\":\"BreadcrumbList\",\"@id\":\"https:\/\/www.marinasalivoli.it\/de\/live-webcam\/#breadcrumb\",\"itemListElement\":[{\"@type\":\"ListItem\",\"position\":1,\"name\":\"Home\",\"item\":\"https:\/\/www.marinasalivoli.it\/de\/\"},{\"@type\":\"ListItem\",\"position\":2,\"name\":\"Live Webcam\"}]},{\"@type\":\"WebSite\",\"@id\":\"https:\/\/www.marinasalivoli.it\/de\/#website\",\"url\":\"https:\/\/www.marinasalivoli.it\/de\/\",\"name\":\"Residence Marina Salivoli\",\"description\":\"Residence sul mare in Toscana\",\"potentialAction\":[{\"@type\":\"SearchAction\",\"target\":{\"@type\":\"EntryPoint\",\"urlTemplate\":\"https:\/\/www.marinasalivoli.it\/de\/?s={search_term_string}\"},\"query-input\":\"required name=search_term_string\"}],\"inLanguage\":\"de\"}]}<\/script>\n<!-- \/ Yoast SEO plugin. -->","yoast_head_json":{"title":"Webcam Toscana Mare - Marina Salivoli","robots":{"index":"index","follow":"follow","max-snippet":"max-snippet:-1","max-image-preview":"max-image-preview:large","max-video-preview":"max-video-preview:-1"},"canonical":"https:\/\/www.marinasalivoli.it\/de\/live-webcam\/","og_locale":"de_DE","og_type":"article","og_title":"Webcam Toscana Mare - Marina Salivoli","og_description":"[vc_row][vc_column][vc_column_text el_class=&#8220;var1&#8243;] Webcam [\/vc_column_text][vc_single_image source=&#8220;external_link&#8220; alignment=&#8220;center&#8220; custom_src=&#8220;https:\/\/www.oltreleali.org\/webcam\/wcamSalivoli_join.webp&#8220; el_id=&#8220;webcam&#8220;][vc_raw_html]JTNDc2NyaXB0JTIwdHlwZSUzRCUyMnRleHQlMkZqYXZhc2NyaXB0JTIyJTNFJTBBZG9jdW1lbnQuYWRkRXZlbnRMaXN0ZW5lciUyOCUyMkRPTUNvbnRlbnRMb2FkZWQlMjIlMkMlMjBmdW5jdGlvbiUyOCUyOSUyMCU3QiUwQWNvbnNvbGUubG9nJTI4JTIydGVzdCUyMiUyOSUzQiUwQSUyMCUyMGNvbnN0JTIwY29udGFpbmVyJTIwJTNEJTIwZG9jdW1lbnQuZ2V0RWxlbWVudEJ5SWQlMjglMjJ3ZWJjYW0lMjIlMjklM0IlMEElMjAlMjBjb25zdCUyMGltZyUyMCUzRCUyMGNvbnRhaW5lciUyMCUzRiUyMGNvbnRhaW5lci5xdWVyeVNlbGVjdG9yJTI4JTIyaW1nJTIyJTI5JTIwJTNBJTIwbnVsbCUzQiUwQSUyMCUyMGlmJTIwJTI4aW1nJTI5JTIwJTdCJTBBJTIwJTIwJTIwJTIwY29uc3QlMjB1cmwlMjAlM0QlMjBuZXclMjBVUkwlMjhpbWcuc3JjJTJDJTIwd2luZG93LmxvY2F0aW9uLmhyZWYlMjklM0IlMEElMjAlMjAlMjAlMjB1cmwuc2VhcmNoUGFyYW1zLnNldCUyOCUyMnIlMjIlMkMlMjBNYXRoLnJhbmRvbSUyOCUyOSUyOSUzQiUwQSUyMCUyMCUyMCUyMGltZy5zcmMlMjAlM0QlMjB1cmwudG9TdHJpbmclMjglMjklM0IlMEElMjAlMjAlN0QlMEElN0QlMjklM0IlMEElM0MlMkZzY3JpcHQlM0U=[\/vc_raw_html][vc_empty_space][vc_column_text]Das obige Bild wird automatisch alle 15 Minuten aufgenommen und ist keine Live\u00fcbertragung; das Ger\u00e4t zeichnet keine Videos auf, speichert keine Fotos, und der Bildausschnitt sowie die Aufl\u00f6sung sind so gew\u00e4hlt, dass weder eventuell erfasste Personen noch die Kennzeichen von Fahrzeugen oder Booten identifiziert werden k\u00f6nnen. Der einzige","og_url":"https:\/\/www.marinasalivoli.it\/de\/live-webcam\/","og_site_name":"Residence Marina Salivoli","article_modified_time":"2025-10-21T17:17:30+00:00","og_image":[{"width":1920,"height":405,"url":"https:\/\/www.marinasalivoli.it\/wp-content\/uploads\/2023\/03\/testate-marina-salivoli.png","type":"image\/png"}],"twitter_card":"summary_large_image","twitter_misc":{"Gesch\u00e4tzte Lesezeit":"1\u00a0Minute"},"schema":{"@context":"https:\/\/schema.org","@graph":[{"@type":"WebPage","@id":"https:\/\/www.marinasalivoli.it\/de\/live-webcam\/","url":"https:\/\/www.marinasalivoli.it\/de\/live-webcam\/","name":"Webcam Toscana Mare - Marina Salivoli","isPartOf":{"@id":"https:\/\/www.marinasalivoli.it\/de\/#website"},"datePublished":"2025-10-13T12:36:05+00:00","dateModified":"2025-10-21T17:17:30+00:00","breadcrumb":{"@id":"https:\/\/www.marinasalivoli.it\/de\/live-webcam\/#breadcrumb"},"inLanguage":"de","potentialAction":[{"@type":"ReadAction","target":["https:\/\/www.marinasalivoli.it\/de\/live-webcam\/"]}]},{"@type":"BreadcrumbList","@id":"https:\/\/www.marinasalivoli.it\/de\/live-webcam\/#breadcrumb","itemListElement":[{"@type":"ListItem","position":1,"name":"Home","item":"https:\/\/www.marinasalivoli.it\/de\/"},{"@type":"ListItem","position":2,"name":"Live Webcam"}]},{"@type":"WebSite","@id":"https:\/\/www.marinasalivoli.it\/de\/#website","url":"https:\/\/www.marinasalivoli.it\/de\/","name":"Residence Marina Salivoli","description":"Residence sul mare in Toscana","potentialAction":[{"@type":"SearchAction","target":{"@type":"EntryPoint","urlTemplate":"https:\/\/www.marinasalivoli.it\/de\/?s={search_term_string}"},"query-input":"required name=search_term_string"}],"inLanguage":"de"}]}},"_links":{"self":[{"href":"https:\/\/www.marinasalivoli.it\/de\/wp-json\/wp\/v2\/pages\/4751","targetHints":{"allow":["GET"]}}],"collection":[{"href":"https:\/\/www.marinasalivoli.it\/de\/wp-json\/wp\/v2\/pages"}],"about":[{"href":"https:\/\/www.marinasalivoli.it\/de\/wp-json\/wp\/v2\/types\/page"}],"author":[{"embeddable":true,"href":"https:\/\/www.marinasalivoli.it\/de\/wp-json\/wp\/v2\/users\/1"}],"replies":[{"embeddable":true,"href":"https:\/\/www.marinasalivoli.it\/de\/wp-json\/wp\/v2\/comments?post=4751"}],"version-history":[{"count":5,"href":"https:\/\/www.marinasalivoli.it\/de\/wp-json\/wp\/v2\/pages\/4751\/revisions"}],"predecessor-version":[{"id":4780,"href":"https:\/\/www.marinasalivoli.it\/de\/wp-json\/wp\/v2\/pages\/4751\/revisions\/4780"}],"wp:featuredmedia":[{"embeddable":true,"href":"https:\/\/www.marinasalivoli.it\/de\/wp-json\/wp\/v2\/media\/1377"}],"wp:attachment":[{"href":"https:\/\/www.marinasalivoli.it\/de\/wp-json\/wp\/v2\/media?parent=4751"}],"curies":[{"name":"wp","href":"https:\/\/api.w.org\/{rel}","templated":true}]}}