{"id":4748,"date":"2025-10-13T14:36:05","date_gmt":"2025-10-13T12:36:05","guid":{"rendered":"https:\/\/www.marinasalivoli.it\/live-webcam\/"},"modified":"2025-10-21T19:19:39","modified_gmt":"2025-10-21T17:19:39","slug":"live-webcam","status":"publish","type":"page","link":"https:\/\/www.marinasalivoli.it\/fr\/live-webcam\/","title":{"rendered":"Live Webcam"},"content":{"rendered":"<section class=\"wpb-content-wrapper\"><p>[vc_row][vc_column][vc_column_text el_class=\u00a0\u00bbvar1&Prime;]<\/p>\n<h2 style=\"text-align: center;\"><strong>Webcam<\/strong><\/h2>\n<p>[\/vc_column_text][vc_single_image source=\u00a0\u00bbexternal_link\u00a0\u00bb alignment=\u00a0\u00bbcenter\u00a0\u00bb custom_src=\u00a0\u00bbhttps:\/\/www.oltreleali.org\/webcam\/wcamSalivoli_join.webp\u00a0\u00bb el_id=\u00a0\u00bbwebcam\u00a0\u00bb][vc_raw_html]PHNjcmlwdCB0eXBlPSJ0ZXh0L2phdmFzY3JpcHQiPmRvY3VtZW50LmFkZEV2ZW50TGlzdGVuZXIoIkRPTUNvbnRlbnRMb2FkZWQiLCBmdW5jdGlvbigpIHsKY29uc29sZS5sb2coInRlc3QiKTsKICBjb25zdCBjb250YWluZXIgPSBkb2N1bWVudC5nZXRFbGVtZW50QnlJZCgid2ViY2FtIik7CiAgY29uc3QgaW1nID0gY29udGFpbmVyID8gY29udGFpbmVyLnF1ZXJ5U2VsZWN0b3IoImltZyIpIDogbnVsbDsKICBpZiAoaW1nKSB7CiAgICBjb25zdCB1cmwgPSBuZXcgVVJMKGltZy5zcmMsIHdpbmRvdy5sb2NhdGlvbi5ocmVmKTsKICAgIHVybC5zZWFyY2hQYXJhbXMuc2V0KCJyIiwgTWF0aC5yYW5kb20oKSk7CiAgICBpbWcuc3JjID0gdXJsLnRvU3RyaW5nKCk7CiAgfQp9KTsKPC9zY3JpcHQ+[\/vc_raw_html][vc_empty_space][vc_column_text]L\u2019image ci-dessus est prise automatiquement toutes les 15 minutes et n\u2019est pas une diffusion en direct ; l\u2019appareil n\u2019enregistre pas de vid\u00e9os, ne stocke pas les photos, et le cadrage ainsi que la r\u00e9solution sont tels qu\u2019il est impossible d\u2019identifier les personnes \u00e9ventuellement film\u00e9es ni les plaques d\u2019immatriculation des v\u00e9hicules ou des bateaux. Le seul objectif de l\u2019image est de v\u00e9rifier les conditions m\u00e9t\u00e9orologiques et maritimes de la zone de Salivoli, en tant que destination potentielle de voyage, sans aucune intention de capturer des \u00e9l\u00e9ments li\u00e9s \u00e0 la protection du patrimoine ou \u00e0 la s\u00e9curit\u00e9, mais uniquement les aspects utiles pour envisager de visiter les lieux et d\u2019y passer quelque temps.[\/vc_column_text][\/vc_column][\/vc_row][vc_row disable_element=\u00a0\u00bbyes\u00a0\u00bb][vc_column][vc_empty_space][vc_column_text]<\/p>\n<h3 style=\"text-align: center;\">Demandez un devis gratuit<\/h3>\n<p>[\/vc_column_text][vc_empty_space]\n<div class=\"wpcf7 no-js\" id=\"wpcf7-f3439-o1\" lang=\"it-IT\" dir=\"ltr\">\n<div class=\"screen-reader-response\"><p role=\"status\" aria-live=\"polite\" aria-atomic=\"true\"><\/p> <ul><\/ul><\/div>\n<form action=\"\/fr\/wp-json\/wp\/v2\/pages\/4748#wpcf7-f3439-o1\" method=\"post\" class=\"wpcf7-form init wpcf7-acceptance-as-validation\" aria-label=\"Modulo di contatto\" novalidate=\"novalidate\" data-status=\"init\">\n<div style=\"display: none;\">\n<input type=\"hidden\" name=\"_wpcf7\" value=\"3439\" \/>\n<input type=\"hidden\" name=\"_wpcf7_version\" value=\"5.8.5\" \/>\n<input type=\"hidden\" name=\"_wpcf7_locale\" value=\"it_IT\" \/>\n<input type=\"hidden\" name=\"_wpcf7_unit_tag\" value=\"wpcf7-f3439-o1\" \/>\n<input type=\"hidden\" name=\"_wpcf7_container_post\" value=\"0\" \/>\n<input type=\"hidden\" name=\"_wpcf7_posted_data_hash\" value=\"\" \/>\n<\/div>\n<div class=\"vc_row \">\n\t<div class=\"wpb_column vc_column_container vc_col-sm-6\">\n\t\t<div class=\"vc_column-inner\">\n\t\t\t<p><label for=\"nome\">Nome *<\/label><span class=\"wpcf7-form-control-wrap\" data-name=\"nome\"><input size=\"40\" class=\"wpcf7-form-control wpcf7-text wpcf7-validates-as-required form-control\" id=\"nome\" aria-required=\"true\" aria-invalid=\"false\" value=\"\" type=\"text\" name=\"nome\" \/><\/span>\n\t\t\t<\/p>\n\t\t<\/div>\n\t<\/div>\n\t<div class=\"wpb_column vc_column_container vc_col-sm-6\">\n\t\t<div class=\"vc_column-inner\">\n\t\t\t<p><label for=\"cognome\">Cognome *<\/label><span class=\"wpcf7-form-control-wrap\" data-name=\"cognome\"><input size=\"40\" class=\"wpcf7-form-control wpcf7-text wpcf7-validates-as-required form-control\" id=\"cognome\" aria-required=\"true\" aria-invalid=\"false\" value=\"\" type=\"text\" name=\"cognome\" \/><\/span>\n\t\t\t<\/p>\n\t\t<\/div>\n\t<\/div>\n\t<div class=\"wpb_column vc_column_container vc_col-sm-6\">\n\t\t<div class=\"vc_column-inner\">\n\t\t\t<p><label for=\"azienda\">Azienda\/Agenzia <\/label><span class=\"wpcf7-form-control-wrap\" data-name=\"azienda\"><input size=\"40\" class=\"wpcf7-form-control wpcf7-text form-control\" aria-invalid=\"false\" value=\"\" type=\"text\" name=\"azienda\" \/><\/span>\n\t\t\t<\/p>\n\t\t<\/div>\n\t<\/div>\n\t<div class=\"wpb_column vc_column_container vc_col-sm-6\">\n\t\t<div class=\"vc_column-inner\">\n\t\t\t<p><label for=\"email\">Posta Elettronica *<\/label><span class=\"wpcf7-form-control-wrap\" data-name=\"email\"><input size=\"40\" class=\"wpcf7-form-control wpcf7-email wpcf7-validates-as-required wpcf7-text wpcf7-validates-as-email form-control\" id=\"email\" aria-required=\"true\" aria-invalid=\"false\" value=\"\" type=\"email\" name=\"email\" \/><\/span>\n\t\t\t<\/p>\n\t\t<\/div>\n\t<\/div>\n\t<div class=\"wpb_column vc_column_container vc_col-sm-6\">\n\t\t<div class=\"vc_column-inner\">\n\t\t\t<p><label for=\"telefono\">Recapito Telefonico *<\/label><span class=\"wpcf7-form-control-wrap\" data-name=\"telefono\"><input size=\"40\" class=\"wpcf7-form-control wpcf7-text wpcf7-validates-as-required form-control\" id=\"telefono\" aria-required=\"true\" aria-invalid=\"false\" value=\"\" type=\"text\" name=\"telefono\" \/><\/span>\n\t\t\t<\/p>\n\t\t<\/div>\n\t<\/div>\n\t<div class=\"wpb_column vc_column_container vc_col-sm-6\">\n\t\t<div class=\"vc_column-inner\">\n\t\t\t<p><label for=\"date-126\">Data Evento<\/label><span class=\"wpcf7-form-control-wrap\" data-name=\"date-126\"><input class=\"wpcf7-form-control wpcf7-date wpcf7-validates-as-date form-control\" aria-invalid=\"false\" value=\"\" type=\"date\" name=\"date-126\" \/><\/span>\n\t\t\t<\/p>\n\t\t<\/div>\n\t<\/div>\n\t<div class=\"wpb_column vc_column_container vc_col-sm-6\">\n\t\t<div class=\"vc_column-inner\">\n\t\t\t<p><label for=\"notti\">Notti<\/label><span class=\"wpcf7-form-control-wrap\" data-name=\"notti\"><input class=\"wpcf7-form-control wpcf7-number wpcf7-validates-as-number form-control\" id=\"notti\" aria-invalid=\"false\" value=\"\" type=\"number\" name=\"notti\" \/><\/span>\n\t\t\t<\/p>\n\t\t<\/div>\n\t<\/div>\n\t<div class=\"wpb_column vc_column_container vc_col-sm-6\">\n\t\t<div class=\"vc_column-inner\">\n\t\t\t<p><label for=\"ospiti\">Numero Ospiti<\/label><span class=\"wpcf7-form-control-wrap\" data-name=\"ospiti\"><input size=\"40\" class=\"wpcf7-form-control wpcf7-text form-control\" id=\"ospiti\" aria-invalid=\"false\" value=\"\" type=\"text\" name=\"ospiti\" \/><\/span>\n\t\t\t<\/p>\n\t\t<\/div>\n\t<\/div>\n\t<div class=\"wpb_column vc_column_container vc_col-sm-12\">\n\t\t<div class=\"vc_column-inner\">\n\t\t\t<p><label for=\"richiesta\">Richiesta<\/label><span class=\"wpcf7-form-control-wrap\" data-name=\"richiesta\"><textarea cols=\"40\" rows=\"4\" class=\"wpcf7-form-control wpcf7-textarea wpcf7-validates-as-required form-control\" id=\"richiesta\" aria-required=\"true\" aria-invalid=\"false\" name=\"richiesta\"><\/textarea><\/span>\n\t\t\t<\/p>\n\t\t<\/div>\n\t<\/div>\n\t<div class=\"wpb_column vc_column_container vc_col-sm-12\">\n\t\t<div class=\"vc_column-inner\">\n\t\t\t<p><span class=\"wpcf7-form-control-wrap\" data-name=\"privacy\"><span class=\"wpcf7-form-control wpcf7-acceptance\"><span class=\"wpcf7-list-item\"><label><input type=\"checkbox\" name=\"privacy\" value=\"1\" class=\"check\" aria-invalid=\"false\" \/><span class=\"wpcf7-list-item-label\">Acconsento al trattamento dei dati personali<\/span><\/label><\/span><\/span><\/span><small>(<a href=\"https:\/\/www.iubenda.com\/privacy-policy\/32024277\/\" class=\"iubenda-nostyle no-brand iubenda-noiframe iubenda-embed iub-legal-only iubenda-noiframe \" title=\"Privacy Policy \">Privacy Policy<\/a><script type=\"text\/javascript\">(function (w,d) {var loader = function () {var s = d.createElement(\"script\"), tag = d.getElementsByTagName(\"script\")[0]; s.src=\"https:\/\/cdn.iubenda.com\/iubenda.js\"; tag.parentNode.insertBefore(s,tag);}; if(w.addEventListener){w.addEventListener(\"load\", loader, false);}else if(w.attachEvent){w.attachEvent(\"onload\", loader);}else{w.onload = loader;}})(window, document);<\/script>)<\/small><br \/>\n<input class=\"wpcf7-form-control wpcf7-submit has-spinner\" type=\"submit\" value=\"Invia Richiesta\" \/>\n\t\t\t<\/p>\n\t\t<\/div>\n\t<\/div>\n<\/div><div class=\"wpcf7-response-output\" aria-hidden=\"true\"><\/div>\n<\/form>\n<\/div>\n[vc_empty_space][\/vc_column][\/vc_row]<\/p>\n<\/section>","protected":false},"excerpt":{"rendered":"<p>[vc_row][vc_column][vc_column_text el_class=\u00a0\u00bbvar1&Prime;] Webcam [\/vc_column_text][vc_single_image source=\u00a0\u00bbexternal_link\u00a0\u00bb alignment=\u00a0\u00bbcenter\u00a0\u00bb custom_src=\u00a0\u00bbhttps:\/\/www.oltreleali.org\/webcam\/wcamSalivoli_join.webp\u00a0\u00bb el_id=\u00a0\u00bbwebcam\u00a0\u00bb][vc_raw_html]PHNjcmlwdCB0eXBlPSJ0ZXh0L2phdmFzY3JpcHQiPmRvY3VtZW50LmFkZEV2ZW50TGlzdGVuZXIoIkRPTUNvbnRlbnRMb2FkZWQiLCBmdW5jdGlvbigpIHsKY29uc29sZS5sb2coInRlc3QiKTsKICBjb25zdCBjb250YWluZXIgPSBkb2N1bWVudC5nZXRFbGVtZW50QnlJZCgid2ViY2FtIik7CiAgY29uc3QgaW1nID0gY29udGFpbmVyID8gY29udGFpbmVyLnF1ZXJ5U2VsZWN0b3IoImltZyIpIDogbnVsbDsKICBpZiAoaW1nKSB7CiAgICBjb25zdCB1cmwgPSBuZXcgVVJMKGltZy5zcmMsIHdpbmRvdy5sb2NhdGlvbi5ocmVmKTsKICAgIHVybC5zZWFyY2hQYXJhbXMuc2V0KCJyIiwgTWF0aC5yYW5kb20oKSk7CiAgICBpbWcuc3JjID0gdXJsLnRvU3RyaW5nKCk7CiAgfQp9KTsKPC9zY3JpcHQ+[\/vc_raw_html][vc_empty_space][vc_column_text]L\u2019image ci-dessus est prise automatiquement toutes les 15 minutes et n\u2019est pas une diffusion en direct ; l\u2019appareil n\u2019enregistre pas de vid\u00e9os, ne stocke pas les photos, et le cadrage ainsi que la r\u00e9solution sont tels qu\u2019il est impossible d\u2019identifier les personnes \u00e9ventuellement film\u00e9es ni les plaques d\u2019immatriculation<\/p>\n<a href=\"https:\/\/www.marinasalivoli.it\/fr\/live-webcam\/\" class=\"sohohotel-more-link\">Read More<\/a>","protected":false},"author":1,"featured_media":2644,"parent":0,"menu_order":0,"comment_status":"closed","ping_status":"closed","template":"","meta":{"inline_featured_image":false,"footnotes":""},"class_list":["post-4748","page","type-page","status-publish","has-post-thumbnail","hentry"],"yoast_head":"<!-- This site is optimized with the Yoast SEO plugin v21.8 - https:\/\/yoast.com\/wordpress\/plugins\/seo\/ -->\n<title>Webcam Toscana Mare - Marina Salivoli<\/title>\n<meta name=\"robots\" content=\"index, follow, max-snippet:-1, max-image-preview:large, max-video-preview:-1\" \/>\n<link rel=\"canonical\" href=\"https:\/\/www.marinasalivoli.it\/fr\/live-webcam\/\" \/>\n<meta property=\"og:locale\" content=\"fr_FR\" \/>\n<meta property=\"og:type\" content=\"article\" \/>\n<meta property=\"og:title\" content=\"Webcam Toscana Mare - Marina Salivoli\" \/>\n<meta property=\"og:description\" content=\"[vc_row][vc_column][vc_column_text el_class=\u00a0\u00bbvar1&Prime;] Webcam [\/vc_column_text][vc_single_image source=\u00a0\u00bbexternal_link\u00a0\u00bb alignment=\u00a0\u00bbcenter\u00a0\u00bb custom_src=\u00a0\u00bbhttps:\/\/www.oltreleali.org\/webcam\/wcamSalivoli_join.webp\u00a0\u00bb el_id=\u00a0\u00bbwebcam\u00a0\u00bb][vc_raw_html]PHNjcmlwdCB0eXBlPSJ0ZXh0L2phdmFzY3JpcHQiPmRvY3VtZW50LmFkZEV2ZW50TGlzdGVuZXIoIkRPTUNvbnRlbnRMb2FkZWQiLCBmdW5jdGlvbigpIHsKY29uc29sZS5sb2coInRlc3QiKTsKICBjb25zdCBjb250YWluZXIgPSBkb2N1bWVudC5nZXRFbGVtZW50QnlJZCgid2ViY2FtIik7CiAgY29uc3QgaW1nID0gY29udGFpbmVyID8gY29udGFpbmVyLnF1ZXJ5U2VsZWN0b3IoImltZyIpIDogbnVsbDsKICBpZiAoaW1nKSB7CiAgICBjb25zdCB1cmwgPSBuZXcgVVJMKGltZy5zcmMsIHdpbmRvdy5sb2NhdGlvbi5ocmVmKTsKICAgIHVybC5zZWFyY2hQYXJhbXMuc2V0KCJyIiwgTWF0aC5yYW5kb20oKSk7CiAgICBpbWcuc3JjID0gdXJsLnRvU3RyaW5nKCk7CiAgfQp9KTsKPC9zY3JpcHQ+[\/vc_raw_html][vc_empty_space][vc_column_text]L\u2019image ci-dessus est prise automatiquement toutes les 15 minutes et n\u2019est pas une diffusion en direct ; l\u2019appareil n\u2019enregistre pas de vid\u00e9os, ne stocke pas les photos, et le cadrage ainsi que la r\u00e9solution sont tels qu\u2019il est impossible d\u2019identifier les personnes \u00e9ventuellement film\u00e9es ni les plaques d\u2019immatriculation\" \/>\n<meta property=\"og:url\" content=\"https:\/\/www.marinasalivoli.it\/fr\/live-webcam\/\" \/>\n<meta property=\"og:site_name\" content=\"Residence Marina Salivoli\" \/>\n<meta property=\"article:modified_time\" content=\"2025-10-21T17:19:39+00:00\" \/>\n<meta property=\"og:image\" content=\"https:\/\/www.marinasalivoli.it\/wp-content\/uploads\/2023\/03\/testate-marina-salivoli.png\" \/>\n\t<meta property=\"og:image:width\" content=\"1920\" \/>\n\t<meta property=\"og:image:height\" content=\"405\" \/>\n\t<meta property=\"og:image:type\" content=\"image\/png\" \/>\n<meta name=\"twitter:card\" content=\"summary_large_image\" \/>\n<meta name=\"twitter:label1\" content=\"Dur\u00e9e de lecture estim\u00e9e\" \/>\n\t<meta name=\"twitter:data1\" content=\"1 minute\" \/>\n<script type=\"application\/ld+json\" class=\"yoast-schema-graph\">{\"@context\":\"https:\/\/schema.org\",\"@graph\":[{\"@type\":\"WebPage\",\"@id\":\"https:\/\/www.marinasalivoli.it\/fr\/live-webcam\/\",\"url\":\"https:\/\/www.marinasalivoli.it\/fr\/live-webcam\/\",\"name\":\"Webcam Toscana Mare - Marina Salivoli\",\"isPartOf\":{\"@id\":\"https:\/\/www.marinasalivoli.it\/fr\/#website\"},\"datePublished\":\"2025-10-13T12:36:05+00:00\",\"dateModified\":\"2025-10-21T17:19:39+00:00\",\"breadcrumb\":{\"@id\":\"https:\/\/www.marinasalivoli.it\/fr\/live-webcam\/#breadcrumb\"},\"inLanguage\":\"fr-FR\",\"potentialAction\":[{\"@type\":\"ReadAction\",\"target\":[\"https:\/\/www.marinasalivoli.it\/fr\/live-webcam\/\"]}]},{\"@type\":\"BreadcrumbList\",\"@id\":\"https:\/\/www.marinasalivoli.it\/fr\/live-webcam\/#breadcrumb\",\"itemListElement\":[{\"@type\":\"ListItem\",\"position\":1,\"name\":\"Home\",\"item\":\"https:\/\/www.marinasalivoli.it\/fr\/\"},{\"@type\":\"ListItem\",\"position\":2,\"name\":\"Live Webcam\"}]},{\"@type\":\"WebSite\",\"@id\":\"https:\/\/www.marinasalivoli.it\/fr\/#website\",\"url\":\"https:\/\/www.marinasalivoli.it\/fr\/\",\"name\":\"Residence Marina Salivoli\",\"description\":\"Residence sul mare in Toscana\",\"potentialAction\":[{\"@type\":\"SearchAction\",\"target\":{\"@type\":\"EntryPoint\",\"urlTemplate\":\"https:\/\/www.marinasalivoli.it\/fr\/?s={search_term_string}\"},\"query-input\":\"required name=search_term_string\"}],\"inLanguage\":\"fr-FR\"}]}<\/script>\n<!-- \/ Yoast SEO plugin. -->","yoast_head_json":{"title":"Webcam Toscana Mare - Marina Salivoli","robots":{"index":"index","follow":"follow","max-snippet":"max-snippet:-1","max-image-preview":"max-image-preview:large","max-video-preview":"max-video-preview:-1"},"canonical":"https:\/\/www.marinasalivoli.it\/fr\/live-webcam\/","og_locale":"fr_FR","og_type":"article","og_title":"Webcam Toscana Mare - Marina Salivoli","og_description":"[vc_row][vc_column][vc_column_text el_class=\u00a0\u00bbvar1&Prime;] Webcam [\/vc_column_text][vc_single_image source=\u00a0\u00bbexternal_link\u00a0\u00bb alignment=\u00a0\u00bbcenter\u00a0\u00bb custom_src=\u00a0\u00bbhttps:\/\/www.oltreleali.org\/webcam\/wcamSalivoli_join.webp\u00a0\u00bb el_id=\u00a0\u00bbwebcam\u00a0\u00bb][vc_raw_html]PHNjcmlwdCB0eXBlPSJ0ZXh0L2phdmFzY3JpcHQiPmRvY3VtZW50LmFkZEV2ZW50TGlzdGVuZXIoIkRPTUNvbnRlbnRMb2FkZWQiLCBmdW5jdGlvbigpIHsKY29uc29sZS5sb2coInRlc3QiKTsKICBjb25zdCBjb250YWluZXIgPSBkb2N1bWVudC5nZXRFbGVtZW50QnlJZCgid2ViY2FtIik7CiAgY29uc3QgaW1nID0gY29udGFpbmVyID8gY29udGFpbmVyLnF1ZXJ5U2VsZWN0b3IoImltZyIpIDogbnVsbDsKICBpZiAoaW1nKSB7CiAgICBjb25zdCB1cmwgPSBuZXcgVVJMKGltZy5zcmMsIHdpbmRvdy5sb2NhdGlvbi5ocmVmKTsKICAgIHVybC5zZWFyY2hQYXJhbXMuc2V0KCJyIiwgTWF0aC5yYW5kb20oKSk7CiAgICBpbWcuc3JjID0gdXJsLnRvU3RyaW5nKCk7CiAgfQp9KTsKPC9zY3JpcHQ+[\/vc_raw_html][vc_empty_space][vc_column_text]L\u2019image ci-dessus est prise automatiquement toutes les 15 minutes et n\u2019est pas une diffusion en direct ; l\u2019appareil n\u2019enregistre pas de vid\u00e9os, ne stocke pas les photos, et le cadrage ainsi que la r\u00e9solution sont tels qu\u2019il est impossible d\u2019identifier les personnes \u00e9ventuellement film\u00e9es ni les plaques d\u2019immatriculation","og_url":"https:\/\/www.marinasalivoli.it\/fr\/live-webcam\/","og_site_name":"Residence Marina Salivoli","article_modified_time":"2025-10-21T17:19:39+00:00","og_image":[{"width":1920,"height":405,"url":"https:\/\/www.marinasalivoli.it\/wp-content\/uploads\/2023\/03\/testate-marina-salivoli.png","type":"image\/png"}],"twitter_card":"summary_large_image","twitter_misc":{"Dur\u00e9e de lecture estim\u00e9e":"1 minute"},"schema":{"@context":"https:\/\/schema.org","@graph":[{"@type":"WebPage","@id":"https:\/\/www.marinasalivoli.it\/fr\/live-webcam\/","url":"https:\/\/www.marinasalivoli.it\/fr\/live-webcam\/","name":"Webcam Toscana Mare - Marina Salivoli","isPartOf":{"@id":"https:\/\/www.marinasalivoli.it\/fr\/#website"},"datePublished":"2025-10-13T12:36:05+00:00","dateModified":"2025-10-21T17:19:39+00:00","breadcrumb":{"@id":"https:\/\/www.marinasalivoli.it\/fr\/live-webcam\/#breadcrumb"},"inLanguage":"fr-FR","potentialAction":[{"@type":"ReadAction","target":["https:\/\/www.marinasalivoli.it\/fr\/live-webcam\/"]}]},{"@type":"BreadcrumbList","@id":"https:\/\/www.marinasalivoli.it\/fr\/live-webcam\/#breadcrumb","itemListElement":[{"@type":"ListItem","position":1,"name":"Home","item":"https:\/\/www.marinasalivoli.it\/fr\/"},{"@type":"ListItem","position":2,"name":"Live Webcam"}]},{"@type":"WebSite","@id":"https:\/\/www.marinasalivoli.it\/fr\/#website","url":"https:\/\/www.marinasalivoli.it\/fr\/","name":"Residence Marina Salivoli","description":"Residence sul mare in Toscana","potentialAction":[{"@type":"SearchAction","target":{"@type":"EntryPoint","urlTemplate":"https:\/\/www.marinasalivoli.it\/fr\/?s={search_term_string}"},"query-input":"required name=search_term_string"}],"inLanguage":"fr-FR"}]}},"_links":{"self":[{"href":"https:\/\/www.marinasalivoli.it\/fr\/wp-json\/wp\/v2\/pages\/4748","targetHints":{"allow":["GET"]}}],"collection":[{"href":"https:\/\/www.marinasalivoli.it\/fr\/wp-json\/wp\/v2\/pages"}],"about":[{"href":"https:\/\/www.marinasalivoli.it\/fr\/wp-json\/wp\/v2\/types\/page"}],"author":[{"embeddable":true,"href":"https:\/\/www.marinasalivoli.it\/fr\/wp-json\/wp\/v2\/users\/1"}],"replies":[{"embeddable":true,"href":"https:\/\/www.marinasalivoli.it\/fr\/wp-json\/wp\/v2\/comments?post=4748"}],"version-history":[{"count":5,"href":"https:\/\/www.marinasalivoli.it\/fr\/wp-json\/wp\/v2\/pages\/4748\/revisions"}],"predecessor-version":[{"id":4782,"href":"https:\/\/www.marinasalivoli.it\/fr\/wp-json\/wp\/v2\/pages\/4748\/revisions\/4782"}],"wp:featuredmedia":[{"embeddable":true,"href":"https:\/\/www.marinasalivoli.it\/fr\/wp-json\/wp\/v2\/media\/2644"}],"wp:attachment":[{"href":"https:\/\/www.marinasalivoli.it\/fr\/wp-json\/wp\/v2\/media?parent=4748"}],"curies":[{"name":"wp","href":"https:\/\/api.w.org\/{rel}","templated":true}]}}